{"id":2329,"date":"2023-09-19T08:22:09","date_gmt":"2023-09-19T08:22:09","guid":{"rendered":"https:\/\/www.europeanfootballcup.com\/?page_id=2329"},"modified":"2025-12-05T15:57:32","modified_gmt":"2025-12-05T15:57:32","slug":"datenschutz","status":"publish","type":"page","link":"https:\/\/www.europeanfootballcup.com\/sv\/datenschutz\/","title":{"rendered":"Skydd av personuppgifter"},"content":{"rendered":"<div data-elementor-type=\"wp-page\" data-elementor-id=\"2329\" class=\"elementor elementor-2329\" data-elementor-post-type=\"page\">\n\t\t\t\t\t\t<section class=\"elementor-section elementor-top-section elementor-element elementor-element-dffbeb7 elementor-section-full_width elementor-section-stretched elementor-section-height-default elementor-section-height-default\" data-id=\"dffbeb7\" data-element_type=\"section\" data-settings=\"{&quot;jet_parallax_layout_list&quot;:[],&quot;stretch_section&quot;:&quot;section-stretched&quot;,&quot;background_background&quot;:&quot;classic&quot;}\">\n\t\t\t\t\t\t<div class=\"elementor-container elementor-column-gap-default\">\n\t\t\t\t\t<div class=\"elementor-column elementor-col-100 elementor-top-column elementor-element elementor-element-94fdabb\" data-id=\"94fdabb\" data-element_type=\"column\">\n\t\t\t<div class=\"elementor-widget-wrap elementor-element-populated\">\n\t\t\t\t\t\t<div class=\"elementor-element elementor-element-9ede503 elementor-widget elementor-widget-heading\" data-id=\"9ede503\" data-element_type=\"widget\" data-widget_type=\"heading.default\">\n\t\t\t\t<div class=\"elementor-widget-container\">\n\t\t\t\t\t<h2 class=\"elementor-heading-title elementor-size-default\">Integritetspolicy<\/h2>\t\t\t\t<\/div>\n\t\t\t\t<\/div>\n\t\t\t\t<div class=\"elementor-element elementor-element-ce9fb35 elementor-widget elementor-widget-text-editor\" data-id=\"ce9fb35\" data-element_type=\"widget\" data-widget_type=\"text-editor.default\">\n\t\t\t\t<div class=\"elementor-widget-container\">\n\t\t\t\t\t\t\t\t\t<div id=\"content\" class=\"site-content\"><div class=\"site-content__wrap container\"><div class=\"row\"><div id=\"primary\" class=\"col-xs-12\"><div class=\"elementor-element elementor-element-a71005e elementor-widget elementor-widget-text-editor\" data-id=\"a71005e\" data-element_type=\"widget\" data-widget_type=\"text-editor.default\"><div class=\"elementor-widget-container\"><div class=\"elementor-text-editor elementor-clearfix\"><p><strong>1. ansvarigt organ<\/strong><\/p><p>BALLFREUNDE GmbH<br \/>Verkst\u00e4llande direkt\u00f6r: Fabian Ziethmann<\/p><p>Waldweg 13<br \/>21465 Wentorf<\/p><p>Telefon: +49 (0) 40 55895037<br \/>E-post: info@ballfreunde.com<\/p><p><strong>2. insamling, behandling och anv\u00e4ndning av personuppgifter<\/strong><\/p><p><strong>2.1 Personuppgifter<\/strong><\/p><p>Personuppgifter \u00e4r information om faktiska eller personliga f\u00f6rh\u00e5llanden f\u00f6r en identifierad eller identifierbar fysisk person. Detta inkluderar t.ex. namn, telefonnummer, adress och alla uppgifter som du l\u00e4mnar till oss n\u00e4r du deltar i v\u00e5ra evenemang.<\/p><p>Detta inkluderar inte aggregerade data som vi samlar in, till exempel n\u00e4r du bes\u00f6ker v\u00e5r webbplats eller i form av r\u00e4kningar vid evenemang p\u00e5 plats, och som inte direkt kan kopplas till din person.<\/p><p><strong>2.2 Insamling, behandling och anv\u00e4ndning av personuppgifter<\/strong><\/p><p>Vi samlar in, lagrar och behandlar dina uppgifter f\u00f6r st\u00f6d inf\u00f6r och under deltagandet i v\u00e5ra evenemang, inklusive eventuella efterf\u00f6ljande garantier, f\u00f6r v\u00e5ra tj\u00e4nster, teknisk administration och v\u00e5ra egna marknadsf\u00f6rings\u00e4ndam\u00e5l. Dina personuppgifter kommer endast att vidarebefordras eller p\u00e5 annat s\u00e4tt \u00f6verf\u00f6ras till tredje part om detta \u00e4r n\u00f6dv\u00e4ndigt f\u00f6r avtalshantering eller fakturering eller om du har gett ditt samtycke i f\u00f6rv\u00e4g (till exempel m\u00e5ste vi l\u00e4mna ditt namn till ett hotell eller flygbolag om du har bokat boende eller transporttj\u00e4nster via oss, men ett tredjepartsf\u00f6retag tillhandah\u00e5ller motsvarande tj\u00e4nst). I samband med v\u00e5ra evenemang f\u00e5r t.ex. de tj\u00e4nsteleverant\u00f6rer som vi anv\u00e4nder h\u00e4r n\u00f6dv\u00e4ndiga uppgifter f\u00f6r orderbehandling. De uppgifter som vidarebefordras p\u00e5 detta s\u00e4tt f\u00e5r endast anv\u00e4ndas av v\u00e5ra tj\u00e4nsteleverant\u00f6rer f\u00f6r att fullg\u00f6ra deras uppdrag. N\u00e5gon annan anv\u00e4ndning av informationen \u00e4r inte till\u00e5ten och sker inte hos n\u00e5gon av de tj\u00e4nsteleverant\u00f6rer som vi anv\u00e4nder. Dina personuppgifter kommer att raderas om inte lagstadgade lagringsskyldigheter f\u00f6rhindrar detta och om du har h\u00e4vdat ett krav p\u00e5 radering, om uppgifterna inte l\u00e4ngre kr\u00e4vs f\u00f6r att uppfylla det syfte f\u00f6r vilket de lagrades eller om lagringen \u00e4r otill\u00e5ten av andra r\u00e4ttsliga sk\u00e4l.<\/p><p><strong>2.3 Reklam via e-post<\/strong><\/p><p>Deltagare i v\u00e5ra evenemang kommer att f\u00e5 rekommendationer och information om framtida evenemang fr\u00e5n oss efter deras deltagande. Du kommer automatiskt att f\u00e5 dessa rekommendationer fr\u00e5n oss. P\u00e5 detta s\u00e4tt vill vi ge dig information om v\u00e5ra tj\u00e4nster som kan vara av intresse f\u00f6r dig baserat p\u00e5 ditt deltagande i tidigare evenemang. I samband med detta f\u00f6ljer vi strikt de r\u00e4ttsliga kraven. Om du inte l\u00e4ngre vill f\u00e5 rekommendationer eller reklammeddelanden fr\u00e5n oss kan du n\u00e4r som helst inv\u00e4nda mot detta. Ett meddelande i textform till de kontaktuppgifter som n\u00e4mns under punkt 1 (t.ex. e-post, fax, brev) \u00e4r tillr\u00e4ckligt f\u00f6r detta. Naturligtvis hittar du ocks\u00e5 en avregistreringsl\u00e4nk i varje e-postmeddelande.<\/p><p><strong>3. loggfiler<\/strong><\/p><p>Varje g\u00e5ng v\u00e5r webbplats \u00f6ppnas \u00f6verf\u00f6rs anv\u00e4ndningsdata av respektive webbl\u00e4sare och lagras i loggfiler, de s\u00e5 kallade serverloggfilerna. De lagrade dataposterna inneh\u00e5ller f\u00f6ljande data: Datum och tid f\u00f6r \u00e5tkomst, namn p\u00e5 den sida som n\u00e5s, IP-adress, referrer URL (ursprungsadress fr\u00e5n vilken du kom till webbsidorna), m\u00e4ngden \u00f6verf\u00f6rd data samt produkt- och versionsnummer f\u00f6r den webbl\u00e4sare som anv\u00e4nds. Anv\u00e4ndarnas IP-adresser raderas eller anonymiseras efter 30 dagar. Vid anonymisering \u00e4ndras IP-adresserna p\u00e5 ett s\u00e5dant s\u00e4tt att de enskilda detaljerna om personliga eller faktiska omst\u00e4ndigheter inte l\u00e4ngre kan tilldelas en specifik eller identifierbar fysisk person, eller endast med en oproportionerlig m\u00e4ngd tid, kostnad och arbete. Vi analyserar dessa loggfilsdataposter i anonymiserad form f\u00f6r att ytterligare f\u00f6rb\u00e4ttra v\u00e5ra webbplatser och hitta tekniska fel snabbare.<\/p><p><strong>4. Google Analytics<\/strong><\/p><p>Denna webbplats anv\u00e4nder Google Analytics, en webbanalystj\u00e4nst som tillhandah\u00e5lls av Google Inc (\"Google\"). Google Analytics anv\u00e4nder \"cookies\", som \u00e4r textfiler som placeras p\u00e5 din dator, f\u00f6r att hj\u00e4lpa webbplatsen att analysera hur anv\u00e4ndarna anv\u00e4nder webbplatsen. Den information som genereras av cookien om din anv\u00e4ndning av denna webbplats \u00f6verf\u00f6rs vanligtvis till en Google-server i USA och lagras d\u00e4r. Om IP-anonymisering \u00e4r aktiverad p\u00e5 denna webbplats kommer din IP-adress dock att f\u00f6rkortas av Google i f\u00f6rv\u00e4g inom Europeiska unionens medlemsstater eller i andra avtalsslutande stater i avtalet om Europeiska ekonomiska samarbetsomr\u00e5det. Endast i undantagsfall kommer den fullst\u00e4ndiga IP-adressen att \u00f6verf\u00f6ras till en Google-server i USA och f\u00f6rkortas d\u00e4r. P\u00e5 uppdrag av operat\u00f6ren av denna webbplats kommer Google att anv\u00e4nda denna information f\u00f6r att analysera din anv\u00e4ndning av webbplatsen, f\u00f6r att sammanst\u00e4lla rapporter om webbplatsaktivitet och f\u00f6r att tillhandah\u00e5lla andra tj\u00e4nster relaterade till webbplatsaktivitet och internetanv\u00e4ndning till webbplatsoperat\u00f6ren. Den IP-adress som \u00f6verf\u00f6rs av din webbl\u00e4sare som en del av Google Analytics kommer inte att sl\u00e5s samman med andra Google-data. Du kan v\u00e4gra att anv\u00e4nda cookies genom att v\u00e4lja l\u00e4mpliga inst\u00e4llningar i din webbl\u00e4sare, men observera att om du g\u00f6r detta kanske du inte kan anv\u00e4nda alla funktioner p\u00e5 denna webbplats.<\/p><p>Du kan ocks\u00e5 f\u00f6rhindra Google fr\u00e5n att samla in de uppgifter som genereras av cookien och som r\u00f6r din anv\u00e4ndning av webbplatsen (inklusive din IP-adress) och fr\u00e5n att behandla dessa uppgifter av Google genom att ladda ner och installera den webbl\u00e4sarinsticksprogram som finns p\u00e5 f\u00f6ljande l\u00e4nk: http:\/\/tools.google.com\/dlpage\/gaoptout?hl=de<\/p><p>Genom att anv\u00e4nda mannschaftsausfahrt.de samtycker du till att Google behandlar uppgifter om dig p\u00e5 det s\u00e4tt och f\u00f6r de syften som anges ovan.<\/p><p>Om du inte vill att information om ditt bes\u00f6k p\u00e5 webbplatsen ska \u00f6verf\u00f6ras till Google Analytics, har du m\u00f6jlighet att installera ett \"avaktiveringstill\u00e4gg\" f\u00f6r din webbl\u00e4sare. Du kan ladda ner detta till\u00e4gg p\u00e5 http:\/\/tools.google.com\/dlpage\/gaoptout?hl=de. Observera dock att detta f\u00f6r n\u00e4rvarande endast \u00e4r tillg\u00e4ngligt f\u00f6r Microsoft Internet Explorer, Google Chrome, Mozilla Firefox, Apple Safari och Opera.<\/p><p>Utan ditt uttryckliga samtycke kommer vi inte att anv\u00e4nda sp\u00e5rningsverktygen f\u00f6r att samla in personuppgifter om dig obem\u00e4rkt, \u00f6verf\u00f6ra s\u00e5dana uppgifter till tredjepartsleverant\u00f6rer och marknadsf\u00f6ringsplattformar eller l\u00e4nka uppgifterna till dina personuppgifter (namn, adress etc.).<\/p><p data-path-to-node=\"5\"><strong>5. anv\u00e4ndning av WhatsApp-chatten p\u00e5 webbplatsen<\/strong><\/p><p data-path-to-node=\"3\">F\u00f6r att kunna erbjuda dig en snabb och direkt kommunikationskanal kan vi komma att anv\u00e4nda en <b>WhatsApp chattknapp<\/b> eller en motsvarande widget p\u00e5 v\u00e5r webbplats. Anv\u00e4ndningen av denna tj\u00e4nst kr\u00e4ver att s\u00e4rskilda dataskyddsbest\u00e4mmelser f\u00f6ljs:<\/p><ul data-path-to-node=\"4\"><li><p data-path-to-node=\"4,0,0\">Ansvarig tj\u00e4nsteleverant\u00f6r: WhatsApp-tj\u00e4nsten erbjuds av Meta Platforms, Inc. (tidigare Facebook Inc.) i USA. Metas integritetspolicy g\u00e4ller f\u00f6r anv\u00e4ndningen av tj\u00e4nsten.<\/p><\/li><li><p data-path-to-node=\"4,1,0\">Data\u00f6verf\u00f6ring: S\u00e5 snart du klickar p\u00e5 WhatsApp-knappen p\u00e5 v\u00e5r webbplats och startar chatten uppr\u00e4ttas en anslutning till Meta\/WhatsApp-servrarna. Personuppgifter kan \u00f6verf\u00f6ras till Meta i processen, i synnerhet<\/p><ul data-path-to-node=\"4,1,1\"><li><p data-path-to-node=\"4,1,1,0,0\">Ditt telefonnummer och motsvarande WhatsApp-ID.<\/p><\/li><li><p data-path-to-node=\"4,1,1,1,0\">Inneh\u00e5llet i de meddelanden du skickar.<\/p><\/li><li><p data-path-to-node=\"4,1,1,2,0\">Tekniska data (t.ex. tidpunkt f\u00f6r chatten, typ av enhet).<\/p><\/li><\/ul><\/li><li><p data-path-to-node=\"4,2,0\">Behandling av BALLFREUNDE: Den information som du skickar till oss via WhatsApp-chatten (t.ex. namn, f\u00f6rfr\u00e5gan, kontaktuppgifter) kommer att anv\u00e4ndas och behandlas av oss uteslutande f\u00f6r att behandla din f\u00f6rfr\u00e5gan eller f\u00f6r avtalsbehandling (registrering f\u00f6r evenemang).<\/p><\/li><li><p data-path-to-node=\"4,3,0\">R\u00e4ttslig grund: Anv\u00e4ndningen av WhatsApp-chatten \u00e4r frivillig och baseras p\u00e5 ditt uttryckliga samtycke (artikel 6.1 a i GDPR), som du ger genom att aktivt starta chatten.<\/p><\/li><li><p data-path-to-node=\"4,4,0\">Din kontroll: Om du vill f\u00f6rhindra \u00f6verf\u00f6ring av uppgifter till Meta\/WhatsApp, v\u00e4nligen anv\u00e4nd alternativa kontaktalternativ (t.ex. e-post eller telefon, se avsnitt 1). Observera att Meta\/WhatsApp, som ett amerikanskt f\u00f6retag, behandlar data utanf\u00f6r till\u00e4mpningsomr\u00e5det f\u00f6r GDPR.<\/p><\/li><\/ul><p data-path-to-node=\"5\"><b>Obs!<\/b> Vi har inget inflytande p\u00e5 datainsamling och vidare bearbetning av Meta\/WhatsApp. Vi rekommenderar att du l\u00e4ser Meta\/WhatsApps integritetspolicy innan du anv\u00e4nder tj\u00e4nsten.<\/p><p><strong>6. den registrerades r\u00e4tt till information<\/strong><\/p><p>Enligt den federala dataskyddslagen har du r\u00e4tt till kostnadsfri information om dina lagrade uppgifter och, om n\u00f6dv\u00e4ndigt, r\u00e4tt till korrigering, blockering eller radering av uppgifter. Vi tar skyddet av dina uppgifter p\u00e5 st\u00f6rsta allvar. F\u00f6r att s\u00e4kerst\u00e4lla att personuppgifter inte l\u00e4mnas ut till tredje part, v\u00e4nligen skicka din f\u00f6rfr\u00e5gan via e-post eller post till den adress som anges under punkt 1.<\/p><\/div><\/div><\/div><\/div><\/div><\/div><\/div>\t\t\t\t\t\t\t\t<\/div>\n\t\t\t\t<\/div>\n\t\t\t\t\t<\/div>\n\t\t<\/div>\n\t\t\t\t\t<\/div>\n\t\t<\/section>\n\t\t\t\t<\/div>","protected":false},"excerpt":{"rendered":"<p>Datenschutzerkl\u00e4rung 1. Verantwortliche Stelle BALLFREUNDE GmbHGesch\u00e4ftsf\u00fchrer: Fabian Ziethmann Waldweg 1321465 Wentorf Tel.: +49 (0) 40 55895037E-Mail: info@ballfreunde.com 2. Erhebung, Verarbeitung und Nutzung personenbezogener Daten 2.1 Personenbezogene Daten Personenbezogene Daten sind Angaben \u00fcber sachliche oder pers\u00f6nliche Verh\u00e4ltnisse einer bestimmten oder bestimmbaren nat\u00fcrlichen Person. Hierunter fallen beispielsweise Name, Telefonnummer, Anschrift sowie s\u00e4mtliche Daten, welche Sie uns im [&hellip;]<\/p>","protected":false},"author":2,"featured_media":0,"parent":0,"menu_order":0,"comment_status":"closed","ping_status":"closed","template":"","meta":{"_jf_save_progress":"","footnotes":""},"class_list":["post-2329","page","type-page","status-publish","hentry"],"yoast_head":"<!-- This site is optimized with the Yoast SEO plugin v24.3 - https:\/\/yoast.com\/wordpress\/plugins\/seo\/ -->\n<title>Datenschutz - European Football Cup<\/title>\n<meta name=\"robots\" content=\"index, follow, max-snippet:-1, max-image-preview:large, max-video-preview:-1\" \/>\n<link rel=\"canonical\" href=\"https:\/\/www.europeanfootballcup.com\/sv\/wp-json\/wp\/v2\/pages\/2329\" \/>\n<meta property=\"og:locale\" content=\"sv_SE\" \/>\n<meta property=\"og:type\" content=\"article\" \/>\n<meta property=\"og:title\" content=\"Datenschutz - European Football Cup\" \/>\n<meta property=\"og:description\" content=\"Datenschutzerkl\u00e4rung 1. Verantwortliche Stelle BALLFREUNDE GmbHGesch\u00e4ftsf\u00fchrer: Fabian Ziethmann Waldweg 1321465 Wentorf Tel.: +49 (0) 40 55895037E-Mail: info@ballfreunde.com 2. Erhebung, Verarbeitung und Nutzung personenbezogener Daten 2.1 Personenbezogene Daten Personenbezogene Daten sind Angaben \u00fcber sachliche oder pers\u00f6nliche Verh\u00e4ltnisse einer bestimmten oder bestimmbaren nat\u00fcrlichen Person. Hierunter fallen beispielsweise Name, Telefonnummer, Anschrift sowie s\u00e4mtliche Daten, welche Sie uns im [&hellip;]\" \/>\n<meta property=\"og:url\" content=\"https:\/\/www.europeanfootballcup.com\/sv\/datenschutz\/\" \/>\n<meta property=\"og:site_name\" content=\"European Football Cup\" \/>\n<meta property=\"article:modified_time\" content=\"2025-12-05T15:57:32+00:00\" \/>\n<meta name=\"twitter:card\" content=\"summary_large_image\" \/>\n<meta name=\"twitter:label1\" content=\"Ber\u00e4knad l\u00e4stid\" \/>\n\t<meta name=\"twitter:data1\" content=\"11 minuter\" \/>\n<script type=\"application\/ld+json\" class=\"yoast-schema-graph\">{\"@context\":\"https:\/\/schema.org\",\"@graph\":[{\"@type\":\"WebPage\",\"@id\":\"https:\/\/www.europeanfootballcup.com\/datenschutz\/\",\"url\":\"https:\/\/www.europeanfootballcup.com\/datenschutz\/\",\"name\":\"Datenschutz - European Football Cup\",\"isPartOf\":{\"@id\":\"https:\/\/www.europeanfootballcup.com\/#website\"},\"datePublished\":\"2023-09-19T08:22:09+00:00\",\"dateModified\":\"2025-12-05T15:57:32+00:00\",\"breadcrumb\":{\"@id\":\"https:\/\/www.europeanfootballcup.com\/datenschutz\/#breadcrumb\"},\"inLanguage\":\"sv-SE\",\"potentialAction\":[{\"@type\":\"ReadAction\",\"target\":[\"https:\/\/www.europeanfootballcup.com\/datenschutz\/\"]}]},{\"@type\":\"BreadcrumbList\",\"@id\":\"https:\/\/www.europeanfootballcup.com\/datenschutz\/#breadcrumb\",\"itemListElement\":[{\"@type\":\"ListItem\",\"position\":1,\"name\":\"Home\",\"item\":\"https:\/\/www.europeanfootballcup.com\/\"},{\"@type\":\"ListItem\",\"position\":2,\"name\":\"Datenschutz\"}]},{\"@type\":\"WebSite\",\"@id\":\"https:\/\/www.europeanfootballcup.com\/#website\",\"url\":\"https:\/\/www.europeanfootballcup.com\/\",\"name\":\"European Football Cup\",\"description\":\"Europes biggest youth tournament series\",\"publisher\":{\"@id\":\"https:\/\/www.europeanfootballcup.com\/#organization\"},\"potentialAction\":[{\"@type\":\"SearchAction\",\"target\":{\"@type\":\"EntryPoint\",\"urlTemplate\":\"https:\/\/www.europeanfootballcup.com\/?s={search_term_string}\"},\"query-input\":{\"@type\":\"PropertyValueSpecification\",\"valueRequired\":true,\"valueName\":\"search_term_string\"}}],\"inLanguage\":\"sv-SE\"},{\"@type\":\"Organization\",\"@id\":\"https:\/\/www.europeanfootballcup.com\/#organization\",\"name\":\"European Football Cup\",\"url\":\"https:\/\/www.europeanfootballcup.com\/\",\"logo\":{\"@type\":\"ImageObject\",\"inLanguage\":\"sv-SE\",\"@id\":\"https:\/\/www.europeanfootballcup.com\/#\/schema\/logo\/image\/\",\"url\":\"https:\/\/www.europeanfootballcup.com\/wp-content\/uploads\/2023\/02\/cropped-Logo_European_Football_Cup_2023.png\",\"contentUrl\":\"https:\/\/www.europeanfootballcup.com\/wp-content\/uploads\/2023\/02\/cropped-Logo_European_Football_Cup_2023.png\",\"width\":266,\"height\":200,\"caption\":\"European Football Cup\"},\"image\":{\"@id\":\"https:\/\/www.europeanfootballcup.com\/#\/schema\/logo\/image\/\"}}]}<\/script>\n<!-- \/ Yoast SEO plugin. -->","yoast_head_json":{"title":"Datenschutz - European Football Cup","robots":{"index":"index","follow":"follow","max-snippet":"max-snippet:-1","max-image-preview":"max-image-preview:large","max-video-preview":"max-video-preview:-1"},"canonical":"https:\/\/www.europeanfootballcup.com\/sv\/wp-json\/wp\/v2\/pages\/2329","og_locale":"sv_SE","og_type":"article","og_title":"Datenschutz - European Football Cup","og_description":"Datenschutzerkl\u00e4rung 1. Verantwortliche Stelle BALLFREUNDE GmbHGesch\u00e4ftsf\u00fchrer: Fabian Ziethmann Waldweg 1321465 Wentorf Tel.: +49 (0) 40 55895037E-Mail: info@ballfreunde.com 2. Erhebung, Verarbeitung und Nutzung personenbezogener Daten 2.1 Personenbezogene Daten Personenbezogene Daten sind Angaben \u00fcber sachliche oder pers\u00f6nliche Verh\u00e4ltnisse einer bestimmten oder bestimmbaren nat\u00fcrlichen Person. Hierunter fallen beispielsweise Name, Telefonnummer, Anschrift sowie s\u00e4mtliche Daten, welche Sie uns im [&hellip;]","og_url":"https:\/\/www.europeanfootballcup.com\/sv\/datenschutz\/","og_site_name":"European Football Cup","article_modified_time":"2025-12-05T15:57:32+00:00","twitter_card":"summary_large_image","twitter_misc":{"Ber\u00e4knad l\u00e4stid":"11 minuter"},"schema":{"@context":"https:\/\/schema.org","@graph":[{"@type":"WebPage","@id":"https:\/\/www.europeanfootballcup.com\/datenschutz\/","url":"https:\/\/www.europeanfootballcup.com\/datenschutz\/","name":"Datenschutz - European Football Cup","isPartOf":{"@id":"https:\/\/www.europeanfootballcup.com\/#website"},"datePublished":"2023-09-19T08:22:09+00:00","dateModified":"2025-12-05T15:57:32+00:00","breadcrumb":{"@id":"https:\/\/www.europeanfootballcup.com\/datenschutz\/#breadcrumb"},"inLanguage":"sv-SE","potentialAction":[{"@type":"ReadAction","target":["https:\/\/www.europeanfootballcup.com\/datenschutz\/"]}]},{"@type":"BreadcrumbList","@id":"https:\/\/www.europeanfootballcup.com\/datenschutz\/#breadcrumb","itemListElement":[{"@type":"ListItem","position":1,"name":"Home","item":"https:\/\/www.europeanfootballcup.com\/"},{"@type":"ListItem","position":2,"name":"Datenschutz"}]},{"@type":"WebSite","@id":"https:\/\/www.europeanfootballcup.com\/#website","url":"https:\/\/www.europeanfootballcup.com\/","name":"European Football Cup","description":"Europes biggest youth tournament series","publisher":{"@id":"https:\/\/www.europeanfootballcup.com\/#organization"},"potentialAction":[{"@type":"SearchAction","target":{"@type":"EntryPoint","urlTemplate":"https:\/\/www.europeanfootballcup.com\/?s={search_term_string}"},"query-input":{"@type":"PropertyValueSpecification","valueRequired":true,"valueName":"search_term_string"}}],"inLanguage":"sv-SE"},{"@type":"Organization","@id":"https:\/\/www.europeanfootballcup.com\/#organization","name":"European Football Cup","url":"https:\/\/www.europeanfootballcup.com\/","logo":{"@type":"ImageObject","inLanguage":"sv-SE","@id":"https:\/\/www.europeanfootballcup.com\/#\/schema\/logo\/image\/","url":"https:\/\/www.europeanfootballcup.com\/wp-content\/uploads\/2023\/02\/cropped-Logo_European_Football_Cup_2023.png","contentUrl":"https:\/\/www.europeanfootballcup.com\/wp-content\/uploads\/2023\/02\/cropped-Logo_European_Football_Cup_2023.png","width":266,"height":200,"caption":"European Football Cup"},"image":{"@id":"https:\/\/www.europeanfootballcup.com\/#\/schema\/logo\/image\/"}}]}},"_links":{"self":[{"href":"https:\/\/www.europeanfootballcup.com\/sv\/wp-json\/wp\/v2\/pages\/2329","targetHints":{"allow":["GET"]}}],"collection":[{"href":"https:\/\/www.europeanfootballcup.com\/sv\/wp-json\/wp\/v2\/pages"}],"about":[{"href":"https:\/\/www.europeanfootballcup.com\/sv\/wp-json\/wp\/v2\/types\/page"}],"author":[{"embeddable":true,"href":"https:\/\/www.europeanfootballcup.com\/sv\/wp-json\/wp\/v2\/users\/2"}],"replies":[{"embeddable":true,"href":"https:\/\/www.europeanfootballcup.com\/sv\/wp-json\/wp\/v2\/comments?post=2329"}],"version-history":[{"count":3,"href":"https:\/\/www.europeanfootballcup.com\/sv\/wp-json\/wp\/v2\/pages\/2329\/revisions"}],"predecessor-version":[{"id":3366,"href":"https:\/\/www.europeanfootballcup.com\/sv\/wp-json\/wp\/v2\/pages\/2329\/revisions\/3366"}],"wp:attachment":[{"href":"https:\/\/www.europeanfootballcup.com\/sv\/wp-json\/wp\/v2\/media?parent=2329"}],"curies":[{"name":"wp","href":"https:\/\/api.w.org\/{rel}","templated":true}]}}