{"id":2318,"date":"2023-09-19T08:15:03","date_gmt":"2023-09-19T08:15:03","guid":{"rendered":"https:\/\/www.europeanfootballcup.com\/?page_id=2318"},"modified":"2023-09-19T08:44:16","modified_gmt":"2023-09-19T08:44:16","slug":"agb","status":"publish","type":"page","link":"https:\/\/www.europeanfootballcup.com\/sv\/agb\/","title":{"rendered":"AGB"},"content":{"rendered":"<div data-elementor-type=\"wp-page\" data-elementor-id=\"2318\" class=\"elementor elementor-2318\" data-elementor-post-type=\"page\">\n\t\t\t\t\t\t<section class=\"elementor-section elementor-top-section elementor-element elementor-element-dffbeb7 elementor-section-full_width elementor-section-stretched elementor-section-height-default elementor-section-height-default\" data-id=\"dffbeb7\" data-element_type=\"section\" data-settings=\"{&quot;jet_parallax_layout_list&quot;:[],&quot;stretch_section&quot;:&quot;section-stretched&quot;,&quot;background_background&quot;:&quot;classic&quot;}\">\n\t\t\t\t\t\t<div class=\"elementor-container elementor-column-gap-default\">\n\t\t\t\t\t<div class=\"elementor-column elementor-col-100 elementor-top-column elementor-element elementor-element-94fdabb\" data-id=\"94fdabb\" data-element_type=\"column\">\n\t\t\t<div class=\"elementor-widget-wrap elementor-element-populated\">\n\t\t\t\t\t\t<div class=\"elementor-element elementor-element-9ede503 elementor-widget elementor-widget-heading\" data-id=\"9ede503\" data-element_type=\"widget\" data-widget_type=\"heading.default\">\n\t\t\t\t<div class=\"elementor-widget-container\">\n\t\t\t\t\t<h2 class=\"elementor-heading-title elementor-size-default\">Allm\u00e4nt <br> Villkor och best\u00e4mmelser<\/h2>\t\t\t\t<\/div>\n\t\t\t\t<\/div>\n\t\t\t\t<div class=\"elementor-element elementor-element-ce9fb35 elementor-widget elementor-widget-text-editor\" data-id=\"ce9fb35\" data-element_type=\"widget\" data-widget_type=\"text-editor.default\">\n\t\t\t\t<div class=\"elementor-widget-container\">\n\t\t\t\t\t\t\t\t\t<div id=\"content\" class=\"site-content\"><div class=\"site-content__wrap container\"><div class=\"row\"><div id=\"primary\" class=\"col-xs-12\"><article id=\"post-6325\" class=\"post-6325 page type-page status-publish hentry\"><div class=\"page-content\"><div class=\"elementor elementor-6325\" data-elementor-type=\"wp-page\" data-elementor-id=\"6325\" data-elementor-post-type=\"page\"><div class=\"elementor-inner\"><div class=\"elementor-section-wrap\"><section class=\"elementor-section elementor-top-section elementor-element elementor-element-ab46c91 elementor-section-full_width elementor-section-height-default elementor-section-height-default\" data-id=\"ab46c91\" data-element_type=\"section\" data-settings=\"{&quot;background_background&quot;:&quot;classic&quot;}\"><div class=\"elementor-container elementor-column-gap-default\"><div class=\"elementor-row\"><div class=\"elementor-column elementor-col-100 elementor-top-column elementor-element elementor-element-1511469\" data-id=\"1511469\" data-element_type=\"column\"><div class=\"elementor-column-wrap elementor-element-populated\"><div class=\"elementor-widget-wrap\"><div class=\"elementor-element elementor-element-6488e28 elementor-widget elementor-widget-text-editor\" data-id=\"6488e28\" data-element_type=\"widget\" data-widget_type=\"text-editor.default\"><div class=\"elementor-widget-container\"><div class=\"elementor-text-editor elementor-clearfix\"><p><b>Allm\u00e4nna villkor f\u00f6r BALLFREUNDE GmbH,\u00a0<\/b><b>nedan kallat BALLFREUNDE.<\/b><b><\/b><\/p><ol><li><b> Registrering, bekr\u00e4ftelse<\/b><\/li><\/ol><p>1.1 Med din registrering ger du ett bindande erbjudande till BALLFREUNDE att ing\u00e5 ett avtal om deltagande i det \u00f6nskade evenemanget. Avtalet ing\u00e5s n\u00e4r vi skriftligen bekr\u00e4ftar bokningen av evenemanget. En bekr\u00e4ftelse via e-post \u00e4r tillr\u00e4cklig. Telefonavtal och muntliga avtal blir bindande f\u00f6rst n\u00e4r de bekr\u00e4ftas skriftligen av oss.\u00a0<\/p><p>1.2 Registreringen g\u00f6rs ocks\u00e5 av den s\u00f6kande f\u00f6r alla deltagare som anges i registreringen\/listan, f\u00f6r vars avtalsenliga skyldigheter den s\u00f6kande \u00e4r ansvarig som f\u00f6r sina egna skyldigheter.\u00a0<\/p><p>1.3 Med din registrering accepterar du BALLFREUNDEs turneringsregler.<br \/><br \/><\/p><ol start=\"2\"><li><b> Betalning\u00a0<\/b><\/li><\/ol><p>2.1 Anm\u00e4lningsavgiften f\u00f6rfaller till betalning vid anm\u00e4lan och ska betalas inom den betalningsperiod som anges p\u00e5 fakturan. Denna \u00e4r i allm\u00e4nhet inte \u00e5terbetalningsbar. <br \/>Vi vill uttryckligen p\u00e5peka att anm\u00e4lningsavgiften inte kommer att \u00e5terbetalas \u00e4ven om evenemanget st\u00e4lls in av myndighet eller annan tredje part p\u00e5 grund av risk som BALLFREUNDE inte ansvarar f\u00f6r. Detsamma g\u00e4ller om den av BALLFREUNDE f\u00f6rhyrda idrottsanl\u00e4ggningen inte kan anv\u00e4ndas av sk\u00e4l som BALLFREUNDE inte ansvarar f\u00f6r.<\/p><p>2.2 Deltagaravgiften ska betalas senast \u00e5tta veckor f\u00f6re evenemangets start, vilket framg\u00e5r av fakturan som skickas via e-post.<\/p><p>Avgifterna vid avbokning, behandlings- och ombokningsavgifter f\u00f6rfaller till betalning omedelbart. Beloppen f\u00f6r handpenning, slutbetalning och eventuell avbokning framg\u00e5r av bokningsbekr\u00e4ftelsen. Betalning ska ske med ett belopp f\u00f6r samtliga anm\u00e4lda deltagare med angivande av angivet fakturanummer.\u00a0<\/p><p>2.3 Vid bokningar som g\u00f6rs med kort varsel (\u00e5tta veckor eller mer f\u00f6re evenemangets b\u00f6rjan) f\u00f6rfaller hela deltagaravgiften till betalning omedelbart.<\/p><p>2.4 Om den slutliga betalningsfristen inte h\u00e5lls, kan BALLFREUNDE dra sig ur det befintliga bokningsavtalet efter en misslyckad p\u00e5minnelse med anst\u00e5nd och kr\u00e4va avbokningsavgifter som ers\u00e4ttning i enlighet med avsnitt 4.2. Den slutliga informationen kommer att \u00f6verl\u00e4mnas f\u00f6rst efter mottagandet av den slutliga betalningen, dock tidigast 14 dagar f\u00f6re evenemangets b\u00f6rjan.\u00a0<br \/><br \/><\/p><ol start=\"3\"><li><b> Prestanda<\/b><\/li><\/ol><p>De tj\u00e4nster som skall tillhandah\u00e5llas av BALLFREUNDE framg\u00e5r av den allm\u00e4nna informationen. Avvikelser fr\u00e5n detta kr\u00e4ver skriftlig \u00f6verenskommelse.<br \/><br \/><\/p><ol start=\"4\"><li><b> Deltagarens\/deltagarnas tillbakadragande, avbokningsavgifter\u00a0<\/b><\/li><\/ol><p>4.1 Det \u00e4r m\u00f6jligt att dra sig ur deltagandet n\u00e4r som helst f\u00f6re evenemangets start (med h\u00e4nsyn till eventuella kostnader enligt avsnitt 4.2). Avg\u00f6rande \u00e4r BALLFREUNDE:s mottagande av meddelandet om avbokning. Avbokningen av evenemanget m\u00e5ste g\u00f6ras skriftligen. Avbokning via e-post \u00e4r inte tillr\u00e4ckligt. Om en deltagare\/resen\u00e4r avbokar eller om resan till evenemanget inte p\u00e5b\u00f6rjas av sk\u00e4l (med undantag f\u00f6r fall av force majeure som regleras i punkt 10) som BALLFREUNDE inte \u00e4r ansvarig f\u00f6r, kan BALLFREUNDE kr\u00e4va sk\u00e4lig ers\u00e4ttning f\u00f6r de arrangemang som gjorts och de kostnader som uppkommit. Vid ber\u00e4kning av ers\u00e4ttningen ska h\u00e4nsyn tas till normalt sparade kostnader och en normalt m\u00f6jlig alternativ anv\u00e4ndning av evenemangstj\u00e4nsterna. Det st\u00e5r dig fritt att bevisa att inga eller v\u00e4sentligt l\u00e4gre kostnader har uppkommit i samband med att resan st\u00e4lldes in eller inte p\u00e5b\u00f6rjades \u00e4n de kostnader som vi har angett i schablonbeloppet (se 4.2).<\/p><p>4.2 Vid avbokning av evenemanget (\u00e4ven enskilda personer) tillkommer i allm\u00e4nhet f\u00f6ljande kostnader ut\u00f6ver behandlingsavgiften p\u00e5 25 EUR per bokning:<\/p><ul><li aria-level=\"1\">upp till 90 dagar f\u00f6re evenemangets b\u00f6rjan: inga ytterligare kostnader<\/li><li aria-level=\"1\">fr\u00e5n den 89:e till den 31:a dagen f\u00f6re evenemangets b\u00f6rjan: 40% av <br \/>Deltagarpris (per person)<\/li><li aria-level=\"1\">fr\u00e5n den 30:e till den 16:e dagen f\u00f6re evenemangets b\u00f6rjan: 60% av deltagarpriset (per person)<\/li><li aria-level=\"1\">fr\u00e5n och med den 15:e dagen f\u00f6re evenemangets b\u00f6rjan: 90% av deltagarpriset (per person)<\/li><li aria-level=\"1\">vid utebliven ankomst i b\u00f6rjan av evenemanget: 100% av deltagaravgiften (per person)<\/li><\/ul><p>4.3 P\u00e5 beg\u00e4ran kommer BALLFREUNDE, om det \u00e4r m\u00f6jligt, att \u00e4ndra antalet personer i bokningen med 10% (avrundat upp\u00e5t till n\u00e4sta hela antal personer) en g\u00e5ng utan kostnad.\u00a0<br \/>Denna best\u00e4mmelse g\u00e4ller endast upp till \u00e5tta veckor f\u00f6re evenemangets b\u00f6rjan.\u00a0<\/p><p>BALLFREUNDE f\u00f6rbeh\u00e5ller sig r\u00e4tten att debitera en extra behandlingsavgift p\u00e5 25,00 EUR per transaktion f\u00f6r eventuella ytterligare \u00e4ndringar av bokningsbekr\u00e4ftelsen.\u00a0<\/p><p>\u00c4ndringar av antalet personer i bokningen med mer \u00e4n 10 % (avrundat upp\u00e5t till n\u00e4sta hela antal personer) \u00e4r endast m\u00f6jliga med samtycke fr\u00e5n BALLFREUNDE.\u00a0<\/p><p>Detsamma g\u00e4ller \u00e4ndringar av antalet personer i bokningen inom en period av \u00e5tta veckor fram till evenemangets b\u00f6rjan.\u00a0<\/p><p>4.4 Avbest\u00e4llningar fr\u00e5n enskilda personer kan medf\u00f6ra att rabatter\/paketpriser f\u00f6r F\u00f6reningen g\u00e5r f\u00f6rlorade.\u00a0<\/p><p>4.5 BALLFREUNDE rekommenderar att en avbest\u00e4llningsf\u00f6rs\u00e4kring tecknas.<br \/><br \/><\/p><ol start=\"5\"><li><b> Avbokning och upps\u00e4gning av BALLFREUNDE\u00a0<\/b><\/li><\/ol><p>5.1 Inst\u00e4llande av turneringen p\u00e5 grund av force majeure \/ Covid-19<\/p><p>BALLFREUNDE f\u00f6ruts\u00e4tter att alla turneringar kommer att genomf\u00f6ras som vanligt. I det osannolika fallet att detta inte \u00e4r m\u00f6jligt kommer BALLFREUNDE att st\u00e4lla in turneringen. Avbokningar kommer endast att g\u00f6ras om de ansvariga myndigheterna f\u00f6rbjuder organisationen av turneringen, om det finns ett resef\u00f6rbud eller en officiell resevarning f\u00f6r den drabbade regionen.<br \/>I detta s\u00e4rskilda fall kommer BALLFREUNDE omedelbart att \u00e5terbetala hela den betalda deltagaravgiften utan n\u00e5gra avdrag.<\/p><p>5.2 Beteende vid avtalsbrott<\/p><p>BALLFREUNDE f\u00e5r h\u00e4va avtalet utan f\u00f6reg\u00e5ende upps\u00e4gning om deltagaren trots varning fr\u00e5n BALLFREUNDE upprepade g\u00e5nger st\u00f6r genomf\u00f6randet av arrangemanget eller om han upptr\u00e4der avtalsstridigt i s\u00e5dan utstr\u00e4ckning att omedelbar h\u00e4vning av avtalet \u00e4r befogad. Om BALLFREUNDE h\u00e4ver avtalet skall BALLFREUNDE beh\u00e5lla r\u00e4tten till deltagaravgiften med avdrag f\u00f6r v\u00e4rdet av inbesparade kostnader och inbesparade f\u00f6rm\u00e5ner till f\u00f6ljd av annat utnyttjande av de tj\u00e4nster som inte kommit till anv\u00e4ndning.\u00a0<br \/><br \/><\/p><ol start=\"6\"><li><b> Reseledare<\/b><\/li><\/ol><p>Gruppen m\u00e5ste ledas av tre vuxna. Minst tre vuxna m\u00e5ste alltid vara n\u00e4rvarande under evenemanget f\u00f6r att f\u00f6lja med gruppen. Reseledaren\/reseledarna ansvarar f\u00f6r alla skador som orsakas av en eller flera personer i gruppen p\u00e5 egendom som tillh\u00f6r tredje part med vilken BALLFREUNDE har ett avtalsf\u00f6rh\u00e5llande (t.ex. hotell\u00e4gare och transportf\u00f6retag).\u00a0<br \/><br \/><\/p><ol start=\"7\"><li><b> Resans l\u00e4ngd<\/b><\/li><\/ol><p>Resans l\u00e4ngd anges i hela dagar. Ankomstdagen och \u00e5terresedagen betraktas som hela dagar.\u00a0<br \/><br \/><\/p><ol start=\"8\"><li><b> Husets regler<\/b><\/li><\/ol><p>P\u00e5 boenden d\u00e4r det finns ordningsregler, t.ex. skolor, vandrarhem och hotell, m\u00e5ste dessa f\u00f6ljas.\u00a0<br \/><br \/><\/p><ol start=\"9\"><li><b> Program f\u00f6r idrott<\/b><\/li><\/ol><p>Arrang\u00f6ren och BALLFREUNDE f\u00f6rbeh\u00e5ller sig r\u00e4tten att \u00e4ndra programmet om det finns befogade sk\u00e4l f\u00f6r detta. BALLFREUNDE ansvarar inte f\u00f6r att programmet inte genomf\u00f6rs eller genomf\u00f6rs ofullst\u00e4ndigt p\u00e5 grund av omst\u00e4ndigheter utanf\u00f6r BALLFREUNDE:s kontroll.<br \/><br \/><\/p><ol start=\"10\"><li><b> Ansvar, uteslutning av anspr\u00e5k och preskriptionstid<\/b><\/li><\/ol><p>10.1 Avtalsenligt ansvar f\u00f6r andra skador \u00e4n personskador \u00e4r begr\u00e4nsat till tre g\u00e5nger deltagarpriset (per person), s\u00e5vida skadan p\u00e5 deltagaren inte orsakades avsiktligt eller genom grov v\u00e5rdsl\u00f6shet eller vi \u00e4r ansvariga f\u00f6r skador som \u00e5samkas deltagaren enbart p\u00e5 grund av fel hos en tj\u00e4nsteleverant\u00f6r. Lagbest\u00e4mmelser som begr\u00e4nsar eller utesluter ansvar, som baseras p\u00e5 internationella avtal och som en tj\u00e4nsteleverant\u00f6r som \u00e4r anst\u00e4lld av oss kan h\u00e4nvisa till, g\u00e4ller ocks\u00e5 till v\u00e5r f\u00f6rdel. F\u00f6r alla skadest\u00e5ndsanspr\u00e5k mot BALLFREUNDE som inte grundar sig p\u00e5 upps\u00e5t eller grov v\u00e5rdsl\u00f6shet \u00e4r ansvaret f\u00f6r sakskador begr\u00e4nsat till tre g\u00e5nger deltagarpriset (per person och evenemang).\u00a0<\/p><p>10.2 BALLFREUNDE ansvarar inte f\u00f6r driftst\u00f6rningar, person- och sakskador i samband med tj\u00e4nster fr\u00e5n tredje part som endast \u00e4r arrangerade och uttryckligen m\u00e4rkta som s\u00e5dana i erbjudandet (t.ex. utflykter, turer, bes\u00f6k i parker och andra fritidsanl\u00e4ggningar).\u00a0<\/p><p>10.3 BALLFREUNDE \u00e4r generellt inte ansvarig i h\u00e4ndelse av force majeure.\u00a0<\/p><p>10.4 Deltagande i sport- och andra fritidsaktiviteter \u00e4r deltagarnas och medresen\u00e4rernas eget ansvar. Sportanl\u00e4ggningar, utrustning och fordon ska kontrolleras f\u00f6re anv\u00e4ndning. BALLFREUNDE \u00e4r endast ansvarigt f\u00f6r olyckor som intr\u00e4ffar under sportevenemang och andra fritidsaktiviteter om f\u00f6retaget \u00e4r v\u00e5llande. BALLFREUNDE rekommenderar att du tecknar en olycksfallsf\u00f6rs\u00e4kring.\u00a0<\/p><p>10.5 Varje deltagare\/resen\u00e4r \u00e4r skyldig att samarbeta vid driftst\u00f6rningar inom ramen f\u00f6r lagstadgade best\u00e4mmelser f\u00f6r att undvika eller minimera eventuella skador. Brister och st\u00f6rningar skall omedelbart anm\u00e4las till BALLFREUNDEs medarbetare p\u00e5 plats, BALLFREUNDE rekommenderar skriftlig form. Om en deltagare\/resen\u00e4r inte uppfyller denna skyldighet p\u00e5 grund av eget fel, har de inte r\u00e4tt till n\u00e5gra anspr\u00e5k i detta avseende.<\/p><p>10.6 BALLFREUNDE-anst\u00e4llda p\u00e5 plats \u00e4r inte beh\u00f6riga att erk\u00e4nna anspr\u00e5k av n\u00e5got slag. Anspr\u00e5k av n\u00e5got slag m\u00e5ste l\u00e4mnas till respektive auktoriserad representant f\u00f6r BALLFREUNDE p\u00e5 plats. BALLFREUNDE rekommenderar skriftlig form\u00a0<\/p><p>10.7 Anspr\u00e5k p\u00e5 grund av icke avtalsenligt tillhandah\u00e5llande av det bokade evenemanget m\u00e5ste g\u00f6ras g\u00e4llande till BALLFREUNDE inom en m\u00e5nad fr\u00e5n det avtalsenliga slutet av evenemanget. Vi rekommenderar skriftlig form. Efter att tidsfristen l\u00f6pt ut kan du endast g\u00f6ra anspr\u00e5k p\u00e5 ers\u00e4ttning om du utan egen f\u00f6rskyllan hindrats fr\u00e5n att iaktta tidsfristen. Dina anspr\u00e5k med anledning av detta avtal preskriberas efter ett \u00e5r, med uttrycklig avvikelse fr\u00e5n den lagstadgade best\u00e4mmelsen. Preskriptionstiden b\u00f6rjar l\u00f6pa den dag d\u00e5 h\u00e4ndelsen enligt avtalet skulle ha avslutats.<br \/><br \/><\/p><ol start=\"11\"><li><b> Uteslutning fr\u00e5n deltagande<\/b><\/li><\/ol><p>Om det visar sig att en deltagare upptr\u00e4der p\u00e5 ett s\u00e5dant trakasserande s\u00e4tt att f\u00f6rh\u00e5llandet mellan BALLFREUNDE och tj\u00e4nsteleverant\u00f6ren (t.ex. transport, logi, arrang\u00f6r) allvarligt \u00e4ventyras, kan deltagaren i fr\u00e5ga uteslutas. Om den uteslutna deltagaren \u00e4r minder\u00e5rig m\u00e5ste avtalspartnern se till att den uteslutna deltagaren, tillsammans med en vuxen som \u00e4r beh\u00f6rig att \u00f6vervaka, omedelbart l\u00e4mnar platsen f\u00f6r evenemanget och \u00e5terv\u00e4nder till resans startpunkt p\u00e5 egen bekostnad.<\/p><p>BALLFREUNDE kommer att bist\u00e5, men merkostnader m\u00e5ste i samtliga fall b\u00e4ras av avtalsparten. Denna best\u00e4mmelse g\u00e4ller \u00e4ven f\u00f6r lag och f\u00f6reningar. Om inga tre vuxna \u00f6vervakare finns tillg\u00e4ngliga f\u00f6r den \u00e5terst\u00e5ende gruppen f\u00f6r ytterligare \u00f6vervakning, m\u00e5ste gruppen som helhet l\u00e4mna evenemanget p\u00e5 egen bekostnad.\u00a0<br \/><br \/><\/p><ol start=\"12\"><li><b> Allm\u00e4nt\u00a0<\/b><\/li><\/ol><p>Vid anm\u00e4lan till en resa f\u00f6ruts\u00e4tts att den deltagande f\u00f6reningens styrelse och reseledare godk\u00e4nner de allm\u00e4nna resevillkoren och att alla f\u00f6rpliktelser mot BALLFREUNDE fullg\u00f6rs av beh\u00f6rig person. Vi rekommenderar att l\u00e4mplig f\u00f6rs\u00e4kring tecknas.\u00a0<br \/><br \/><\/p><ol start=\"13\"><li><b> Slutlig best\u00e4mmelse\u00a0<\/b><\/li><\/ol><p>Villkoren g\u00e4ller f\u00f6r alla avtal mellan BALLFREUNDE och avtalsparten, oavsett alla inblandade parters hemvist och den plats d\u00e4r avtalet ingicks och den plats d\u00e4r tj\u00e4nsten ska tillhandah\u00e5llas. Alla grupper som utnyttjar BALLFREUNDE:s tj\u00e4nster likst\u00e4lls med idrottsf\u00f6reningar.<\/p><\/div><\/div><\/div><\/div><\/div><\/div><\/div><\/div><\/section><\/div><\/div><\/div><\/div><\/article><\/div><\/div><\/div><\/div>\t\t\t\t\t\t\t\t<\/div>\n\t\t\t\t<\/div>\n\t\t\t\t\t<\/div>\n\t\t<\/div>\n\t\t\t\t\t<\/div>\n\t\t<\/section>\n\t\t\t\t<\/div>","protected":false},"excerpt":{"rendered":"<p>Allm\u00e4nna villkor Allm\u00e4nna villkor f\u00f6r BALLFREUNDE GmbH, nedan kallat BALLFREUNDE. Registrering, bekr\u00e4ftelse 1.1 Med din registrering erbjuder du BALLFREUNDE det bindande ing\u00e5endet av ett avtal om deltagande i det \u00f6nskade evenemanget. Avtalet ing\u00e5s n\u00e4r vi skriftligen bekr\u00e4ftar bokningen av evenemanget. En bekr\u00e4ftelse via e-post \u00e4r tillr\u00e4cklig. Telefon och muntliga \u00f6verenskommelser \u00e4r [...]<\/p>","protected":false},"author":2,"featured_media":0,"parent":0,"menu_order":0,"comment_status":"closed","ping_status":"closed","template":"","meta":{"_jf_save_progress":"","footnotes":""},"class_list":["post-2318","page","type-page","status-publish","hentry"],"yoast_head":"<!-- This site is optimized with the Yoast SEO plugin v24.3 - https:\/\/yoast.com\/wordpress\/plugins\/seo\/ -->\n<title>AGB - European Football Cup<\/title>\n<meta name=\"robots\" content=\"index, follow, max-snippet:-1, max-image-preview:large, max-video-preview:-1\" \/>\n<link rel=\"canonical\" href=\"https:\/\/www.europeanfootballcup.com\/sv\/wp-json\/wp\/v2\/pages\/2318\" \/>\n<meta property=\"og:locale\" content=\"sv_SE\" \/>\n<meta property=\"og:type\" content=\"article\" \/>\n<meta property=\"og:title\" content=\"AGB - European Football Cup\" \/>\n<meta property=\"og:description\" content=\"Allgemeine Gesch\u00e4ftsbedingungen Allgemeine Gesch\u00e4ftsbedingungen der BALLFREUNDE GmbH,\u00a0nachfolgend BALLFREUNDE genannt. Anmeldung, Best\u00e4tigung 1.1 Mit Ihrer Anmeldung bieten Sie BALLFREUNDE den Abschluss eines Vertrages zur Teilnahme an der gew\u00fcnschten Veranstaltung verbindlich an. Der Vertrag kommt zustande, wenn wir Ihnen die Buchung der Veranstaltung schriftlich best\u00e4tigen. Eine Best\u00e4tigung per E-Mail ist hierbei ausreichend. Telefonische und m\u00fcndliche Absprachen werden [&hellip;]\" \/>\n<meta property=\"og:url\" content=\"https:\/\/www.europeanfootballcup.com\/sv\/agb\/\" \/>\n<meta property=\"og:site_name\" content=\"European Football Cup\" \/>\n<meta property=\"article:modified_time\" content=\"2023-09-19T08:44:16+00:00\" \/>\n<meta name=\"twitter:card\" content=\"summary_large_image\" \/>\n<meta name=\"twitter:label1\" content=\"Ber\u00e4knad l\u00e4stid\" \/>\n\t<meta name=\"twitter:data1\" content=\"14 minuter\" \/>\n<script type=\"application\/ld+json\" class=\"yoast-schema-graph\">{\"@context\":\"https:\/\/schema.org\",\"@graph\":[{\"@type\":\"WebPage\",\"@id\":\"https:\/\/www.europeanfootballcup.com\/agb\/\",\"url\":\"https:\/\/www.europeanfootballcup.com\/agb\/\",\"name\":\"AGB - European Football Cup\",\"isPartOf\":{\"@id\":\"https:\/\/www.europeanfootballcup.com\/#website\"},\"datePublished\":\"2023-09-19T08:15:03+00:00\",\"dateModified\":\"2023-09-19T08:44:16+00:00\",\"breadcrumb\":{\"@id\":\"https:\/\/www.europeanfootballcup.com\/agb\/#breadcrumb\"},\"inLanguage\":\"sv-SE\",\"potentialAction\":[{\"@type\":\"ReadAction\",\"target\":[\"https:\/\/www.europeanfootballcup.com\/agb\/\"]}]},{\"@type\":\"BreadcrumbList\",\"@id\":\"https:\/\/www.europeanfootballcup.com\/agb\/#breadcrumb\",\"itemListElement\":[{\"@type\":\"ListItem\",\"position\":1,\"name\":\"Home\",\"item\":\"https:\/\/www.europeanfootballcup.com\/\"},{\"@type\":\"ListItem\",\"position\":2,\"name\":\"AGB\"}]},{\"@type\":\"WebSite\",\"@id\":\"https:\/\/www.europeanfootballcup.com\/#website\",\"url\":\"https:\/\/www.europeanfootballcup.com\/\",\"name\":\"European Football Cup\",\"description\":\"Europes biggest youth tournament series\",\"publisher\":{\"@id\":\"https:\/\/www.europeanfootballcup.com\/#organization\"},\"potentialAction\":[{\"@type\":\"SearchAction\",\"target\":{\"@type\":\"EntryPoint\",\"urlTemplate\":\"https:\/\/www.europeanfootballcup.com\/?s={search_term_string}\"},\"query-input\":{\"@type\":\"PropertyValueSpecification\",\"valueRequired\":true,\"valueName\":\"search_term_string\"}}],\"inLanguage\":\"sv-SE\"},{\"@type\":\"Organization\",\"@id\":\"https:\/\/www.europeanfootballcup.com\/#organization\",\"name\":\"European Football Cup\",\"url\":\"https:\/\/www.europeanfootballcup.com\/\",\"logo\":{\"@type\":\"ImageObject\",\"inLanguage\":\"sv-SE\",\"@id\":\"https:\/\/www.europeanfootballcup.com\/#\/schema\/logo\/image\/\",\"url\":\"https:\/\/www.europeanfootballcup.com\/wp-content\/uploads\/2023\/02\/cropped-Logo_European_Football_Cup_2023.png\",\"contentUrl\":\"https:\/\/www.europeanfootballcup.com\/wp-content\/uploads\/2023\/02\/cropped-Logo_European_Football_Cup_2023.png\",\"width\":266,\"height\":200,\"caption\":\"European Football Cup\"},\"image\":{\"@id\":\"https:\/\/www.europeanfootballcup.com\/#\/schema\/logo\/image\/\"}}]}<\/script>\n<!-- \/ Yoast SEO plugin. -->","yoast_head_json":{"title":"AGB - European Football Cup","robots":{"index":"index","follow":"follow","max-snippet":"max-snippet:-1","max-image-preview":"max-image-preview:large","max-video-preview":"max-video-preview:-1"},"canonical":"https:\/\/www.europeanfootballcup.com\/sv\/wp-json\/wp\/v2\/pages\/2318","og_locale":"sv_SE","og_type":"article","og_title":"AGB - European Football Cup","og_description":"Allgemeine Gesch\u00e4ftsbedingungen Allgemeine Gesch\u00e4ftsbedingungen der BALLFREUNDE GmbH,\u00a0nachfolgend BALLFREUNDE genannt. Anmeldung, Best\u00e4tigung 1.1 Mit Ihrer Anmeldung bieten Sie BALLFREUNDE den Abschluss eines Vertrages zur Teilnahme an der gew\u00fcnschten Veranstaltung verbindlich an. Der Vertrag kommt zustande, wenn wir Ihnen die Buchung der Veranstaltung schriftlich best\u00e4tigen. Eine Best\u00e4tigung per E-Mail ist hierbei ausreichend. Telefonische und m\u00fcndliche Absprachen werden [&hellip;]","og_url":"https:\/\/www.europeanfootballcup.com\/sv\/agb\/","og_site_name":"European Football Cup","article_modified_time":"2023-09-19T08:44:16+00:00","twitter_card":"summary_large_image","twitter_misc":{"Ber\u00e4knad l\u00e4stid":"14 minuter"},"schema":{"@context":"https:\/\/schema.org","@graph":[{"@type":"WebPage","@id":"https:\/\/www.europeanfootballcup.com\/agb\/","url":"https:\/\/www.europeanfootballcup.com\/agb\/","name":"AGB - European Football Cup","isPartOf":{"@id":"https:\/\/www.europeanfootballcup.com\/#website"},"datePublished":"2023-09-19T08:15:03+00:00","dateModified":"2023-09-19T08:44:16+00:00","breadcrumb":{"@id":"https:\/\/www.europeanfootballcup.com\/agb\/#breadcrumb"},"inLanguage":"sv-SE","potentialAction":[{"@type":"ReadAction","target":["https:\/\/www.europeanfootballcup.com\/agb\/"]}]},{"@type":"BreadcrumbList","@id":"https:\/\/www.europeanfootballcup.com\/agb\/#breadcrumb","itemListElement":[{"@type":"ListItem","position":1,"name":"Home","item":"https:\/\/www.europeanfootballcup.com\/"},{"@type":"ListItem","position":2,"name":"AGB"}]},{"@type":"WebSite","@id":"https:\/\/www.europeanfootballcup.com\/#website","url":"https:\/\/www.europeanfootballcup.com\/","name":"European Football Cup","description":"Europes biggest youth tournament series","publisher":{"@id":"https:\/\/www.europeanfootballcup.com\/#organization"},"potentialAction":[{"@type":"SearchAction","target":{"@type":"EntryPoint","urlTemplate":"https:\/\/www.europeanfootballcup.com\/?s={search_term_string}"},"query-input":{"@type":"PropertyValueSpecification","valueRequired":true,"valueName":"search_term_string"}}],"inLanguage":"sv-SE"},{"@type":"Organization","@id":"https:\/\/www.europeanfootballcup.com\/#organization","name":"European Football Cup","url":"https:\/\/www.europeanfootballcup.com\/","logo":{"@type":"ImageObject","inLanguage":"sv-SE","@id":"https:\/\/www.europeanfootballcup.com\/#\/schema\/logo\/image\/","url":"https:\/\/www.europeanfootballcup.com\/wp-content\/uploads\/2023\/02\/cropped-Logo_European_Football_Cup_2023.png","contentUrl":"https:\/\/www.europeanfootballcup.com\/wp-content\/uploads\/2023\/02\/cropped-Logo_European_Football_Cup_2023.png","width":266,"height":200,"caption":"European Football Cup"},"image":{"@id":"https:\/\/www.europeanfootballcup.com\/#\/schema\/logo\/image\/"}}]}},"_links":{"self":[{"href":"https:\/\/www.europeanfootballcup.com\/sv\/wp-json\/wp\/v2\/pages\/2318","targetHints":{"allow":["GET"]}}],"collection":[{"href":"https:\/\/www.europeanfootballcup.com\/sv\/wp-json\/wp\/v2\/pages"}],"about":[{"href":"https:\/\/www.europeanfootballcup.com\/sv\/wp-json\/wp\/v2\/types\/page"}],"author":[{"embeddable":true,"href":"https:\/\/www.europeanfootballcup.com\/sv\/wp-json\/wp\/v2\/users\/2"}],"replies":[{"embeddable":true,"href":"https:\/\/www.europeanfootballcup.com\/sv\/wp-json\/wp\/v2\/comments?post=2318"}],"version-history":[{"count":3,"href":"https:\/\/www.europeanfootballcup.com\/sv\/wp-json\/wp\/v2\/pages\/2318\/revisions"}],"predecessor-version":[{"id":2347,"href":"https:\/\/www.europeanfootballcup.com\/sv\/wp-json\/wp\/v2\/pages\/2318\/revisions\/2347"}],"wp:attachment":[{"href":"https:\/\/www.europeanfootballcup.com\/sv\/wp-json\/wp\/v2\/media?parent=2318"}],"curies":[{"name":"wp","href":"https:\/\/api.w.org\/{rel}","templated":true}]}}