{"id":1519,"date":"2023-03-22T16:04:01","date_gmt":"2023-03-22T16:04:01","guid":{"rendered":"https:\/\/www.europeanfootballcup.com\/?page_id=1519"},"modified":"2024-06-14T12:29:24","modified_gmt":"2024-06-14T12:29:24","slug":"efc-ranking","status":"publish","type":"page","link":"https:\/\/www.europeanfootballcup.com\/sv\/efc-ranking\/","title":{"rendered":"EFC-ranking"},"content":{"rendered":"<div data-elementor-type=\"wp-page\" data-elementor-id=\"1519\" class=\"elementor elementor-1519\" data-elementor-post-type=\"page\">\n\t\t\t\t\t\t<section class=\"elementor-section elementor-top-section elementor-element elementor-element-f81fef5 elementor-section-boxed elementor-section-height-default elementor-section-height-default\" data-id=\"f81fef5\" data-element_type=\"section\" data-settings=\"{&quot;jet_parallax_layout_list&quot;:[],&quot;background_background&quot;:&quot;classic&quot;}\">\n\t\t\t\t\t\t<div class=\"elementor-container elementor-column-gap-default\">\n\t\t\t\t\t<div class=\"elementor-column elementor-col-100 elementor-top-column elementor-element elementor-element-03aae46\" data-id=\"03aae46\" data-element_type=\"column\">\n\t\t\t<div class=\"elementor-widget-wrap elementor-element-populated\">\n\t\t\t\t\t\t<div class=\"elementor-element elementor-element-5e4d59a elementor-widget elementor-widget-spacer\" data-id=\"5e4d59a\" data-element_type=\"widget\" data-widget_type=\"spacer.default\">\n\t\t\t\t<div class=\"elementor-widget-container\">\n\t\t\t\t\t\t\t<div class=\"elementor-spacer\">\n\t\t\t<div class=\"elementor-spacer-inner\"><\/div>\n\t\t<\/div>\n\t\t\t\t\t\t<\/div>\n\t\t\t\t<\/div>\n\t\t\t\t\t<\/div>\n\t\t<\/div>\n\t\t\t\t\t<\/div>\n\t\t<\/section>\n\t\t\t\t<section class=\"elementor-section elementor-top-section elementor-element elementor-element-76ca35c elementor-hidden-desktop elementor-hidden-tablet elementor-section-boxed elementor-section-height-default elementor-section-height-default\" data-id=\"76ca35c\" data-element_type=\"section\" data-settings=\"{&quot;jet_parallax_layout_list&quot;:[],&quot;background_background&quot;:&quot;classic&quot;}\">\n\t\t\t\t\t\t<div class=\"elementor-container elementor-column-gap-default\">\n\t\t\t\t\t<div class=\"elementor-column elementor-col-100 elementor-top-column elementor-element elementor-element-d861b67\" data-id=\"d861b67\" data-element_type=\"column\">\n\t\t\t<div class=\"elementor-widget-wrap elementor-element-populated\">\n\t\t\t\t\t\t<div class=\"elementor-element elementor-element-39ce952 elementor-widget elementor-widget-spacer\" data-id=\"39ce952\" data-element_type=\"widget\" data-widget_type=\"spacer.default\">\n\t\t\t\t<div class=\"elementor-widget-container\">\n\t\t\t\t\t\t\t<div class=\"elementor-spacer\">\n\t\t\t<div class=\"elementor-spacer-inner\"><\/div>\n\t\t<\/div>\n\t\t\t\t\t\t<\/div>\n\t\t\t\t<\/div>\n\t\t\t\t<section class=\"elementor-section elementor-inner-section elementor-element elementor-element-e0873ac elementor-section-boxed elementor-section-height-default elementor-section-height-default\" data-id=\"e0873ac\" data-element_type=\"section\" data-settings=\"{&quot;jet_parallax_layout_list&quot;:[],&quot;background_background&quot;:&quot;classic&quot;}\">\n\t\t\t\t\t\t<div class=\"elementor-container elementor-column-gap-default\">\n\t\t\t\t\t<div class=\"elementor-column elementor-col-100 elementor-inner-column elementor-element elementor-element-d72872a\" data-id=\"d72872a\" data-element_type=\"column\">\n\t\t\t<div class=\"elementor-widget-wrap elementor-element-populated\">\n\t\t\t\t\t\t<div class=\"elementor-element elementor-element-8038ddf elementor-widget elementor-widget-heading\" data-id=\"8038ddf\" data-element_type=\"widget\" data-widget_type=\"heading.default\">\n\t\t\t\t<div class=\"elementor-widget-container\">\n\t\t\t\t\t<h2 class=\"elementor-heading-title elementor-size-default\">EFC-ranking<\/h2>\t\t\t\t<\/div>\n\t\t\t\t<\/div>\n\t\t\t\t<div class=\"elementor-element elementor-element-7e4d090 elementor-widget elementor-widget-heading\" data-id=\"7e4d090\" data-element_type=\"widget\" data-widget_type=\"heading.default\">\n\t\t\t\t<div class=\"elementor-widget-container\">\n\t\t\t\t\t<h2 class=\"elementor-heading-title elementor-size-default\">Den officiella klubbrankingen f\u00f6r EFC 2025<\/h2>\t\t\t\t<\/div>\n\t\t\t\t<\/div>\n\t\t\t\t<div class=\"elementor-element elementor-element-7026992 elementor-widget elementor-widget-heading\" data-id=\"7026992\" data-element_type=\"widget\" data-widget_type=\"heading.default\">\n\t\t\t\t<div class=\"elementor-widget-container\">\n\t\t\t\t\t<h2 class=\"elementor-heading-title elementor-size-default\">Europacupen i fotboll 2025 \u00e4r inte vilken turneringsserie som helst. Varje klubb samlar po\u00e4ng i varje turnering och kan p\u00e5 s\u00e5 s\u00e4tt h\u00e4vda sig i den europeiska rankingen.<\/h2>\t\t\t\t<\/div>\n\t\t\t\t<\/div>\n\t\t\t\t\t<\/div>\n\t\t<\/div>\n\t\t\t\t\t<\/div>\n\t\t<\/section>\n\t\t\t\t\t<\/div>\n\t\t<\/div>\n\t\t\t\t\t<\/div>\n\t\t<\/section>\n\t\t\t\t<section class=\"elementor-section elementor-top-section elementor-element elementor-element-0a82037 elementor-section-full_width elementor-section-stretched elementor-hidden-mobile elementor-section-height-default elementor-section-height-default\" data-id=\"0a82037\" data-element_type=\"section\" data-settings=\"{&quot;jet_parallax_layout_list&quot;:[],&quot;background_background&quot;:&quot;classic&quot;,&quot;stretch_section&quot;:&quot;section-stretched&quot;}\">\n\t\t\t\t\t\t<div class=\"elementor-container elementor-column-gap-default\">\n\t\t\t\t\t<div class=\"elementor-column elementor-col-50 elementor-top-column elementor-element elementor-element-4bc77ad\" data-id=\"4bc77ad\" data-element_type=\"column\">\n\t\t\t<div class=\"elementor-widget-wrap elementor-element-populated\">\n\t\t\t\t\t\t<div class=\"elementor-element elementor-element-1ce2e4e elementor-widget elementor-widget-spacer\" data-id=\"1ce2e4e\" data-element_type=\"widget\" data-widget_type=\"spacer.default\">\n\t\t\t\t<div class=\"elementor-widget-container\">\n\t\t\t\t\t\t\t<div class=\"elementor-spacer\">\n\t\t\t<div class=\"elementor-spacer-inner\"><\/div>\n\t\t<\/div>\n\t\t\t\t\t\t<\/div>\n\t\t\t\t<\/div>\n\t\t\t\t\t<\/div>\n\t\t<\/div>\n\t\t\t\t<div class=\"elementor-column elementor-col-50 elementor-top-column elementor-element elementor-element-76faee6\" data-id=\"76faee6\" data-element_type=\"column\" data-settings=\"{&quot;background_background&quot;:&quot;classic&quot;}\">\n\t\t\t<div class=\"elementor-widget-wrap elementor-element-populated\">\n\t\t\t\t\t\t<div class=\"elementor-element elementor-element-c9cf24d elementor-widget elementor-widget-heading\" data-id=\"c9cf24d\" data-element_type=\"widget\" data-widget_type=\"heading.default\">\n\t\t\t\t<div class=\"elementor-widget-container\">\n\t\t\t\t\t<h2 class=\"elementor-heading-title elementor-size-default\">EFC-ranking<\/h2>\t\t\t\t<\/div>\n\t\t\t\t<\/div>\n\t\t\t\t<div class=\"elementor-element elementor-element-c762251 elementor-widget elementor-widget-heading\" data-id=\"c762251\" data-element_type=\"widget\" data-widget_type=\"heading.default\">\n\t\t\t\t<div class=\"elementor-widget-container\">\n\t\t\t\t\t<h2 class=\"elementor-heading-title elementor-size-default\">Den officiella klubbrankingen f\u00f6r EFC 2025<\/h2>\t\t\t\t<\/div>\n\t\t\t\t<\/div>\n\t\t\t\t<div class=\"elementor-element elementor-element-ab3edc6 elementor-widget elementor-widget-heading\" data-id=\"ab3edc6\" data-element_type=\"widget\" data-widget_type=\"heading.default\">\n\t\t\t\t<div class=\"elementor-widget-container\">\n\t\t\t\t\t<h2 class=\"elementor-heading-title elementor-size-default\">Europacupen i fotboll 2025 \u00e4r inte vilken turneringsserie som helst. Varje klubb samlar po\u00e4ng i varje turnering och kan p\u00e5 s\u00e5 s\u00e4tt h\u00e4vda sig i den europeiska rankingen.<\/h2>\t\t\t\t<\/div>\n\t\t\t\t<\/div>\n\t\t\t\t\t<\/div>\n\t\t<\/div>\n\t\t\t\t\t<\/div>\n\t\t<\/section>\n\t\t\t\t<section class=\"elementor-section elementor-top-section elementor-element elementor-element-5ba2824 elementor-section-full_width elementor-section-stretched elementor-section-height-default elementor-section-height-default\" data-id=\"5ba2824\" data-element_type=\"section\" data-settings=\"{&quot;jet_parallax_layout_list&quot;:[],&quot;stretch_section&quot;:&quot;section-stretched&quot;}\">\n\t\t\t\t\t\t<div class=\"elementor-container elementor-column-gap-default\">\n\t\t\t\t\t<div class=\"elementor-column elementor-col-100 elementor-top-column elementor-element elementor-element-e79f46a\" data-id=\"e79f46a\" data-element_type=\"column\">\n\t\t\t<div class=\"elementor-widget-wrap elementor-element-populated\">\n\t\t\t\t\t\t<div class=\"elementor-element elementor-element-a8ef194 elementor-widget elementor-widget-heading\" data-id=\"a8ef194\" data-element_type=\"widget\" data-widget_type=\"heading.default\">\n\t\t\t\t<div class=\"elementor-widget-container\">\n\t\t\t\t\t<h2 class=\"elementor-heading-title elementor-size-default\">EFC-ranking 2025<\/h2>\t\t\t\t<\/div>\n\t\t\t\t<\/div>\n\t\t\t\t<div class=\"elementor-element elementor-element-97779dc elementor-widget elementor-widget-heading\" data-id=\"97779dc\" data-element_type=\"widget\" data-widget_type=\"heading.default\">\n\t\t\t\t<div class=\"elementor-widget-container\">\n\t\t\t\t\t<h2 class=\"elementor-heading-title elementor-size-default\">Vilken klubb kommer att f\u00e5 flest po\u00e4ng och bli EFC-vinnare 2025?<\/h2>\t\t\t\t<\/div>\n\t\t\t\t<\/div>\n\t\t\t\t<div class=\"elementor-element elementor-element-3559acc elementor-widget elementor-widget-heading\" data-id=\"3559acc\" data-element_type=\"widget\" data-widget_type=\"heading.default\">\n\t\t\t\t<div class=\"elementor-widget-container\">\n\t\t\t\t\t<h2 class=\"elementor-heading-title elementor-size-default\">Du kan v\u00e4lja mellan \u00f6ver 17 fotbollsturneringar f\u00f6r ungdomar fr\u00e5n maj till juli 2025. Anv\u00e4nd filterfunktionen f\u00f6r att visa l\u00e4mpliga fotbollsturneringar.\n<br>\n<br>\nDu ser direkt vilka turneringar som passar f\u00f6r din \u00e5ldersgrupp och n\u00e4r de \u00e4ger rum.\nAlternativt kan du titta p\u00e5 kartan och klicka dig igenom turneringarna i de olika regionerna. <\/h2>\t\t\t\t<\/div>\n\t\t\t\t<\/div>\n\t\t\t\t\t<\/div>\n\t\t<\/div>\n\t\t\t\t\t<\/div>\n\t\t<\/section>\n\t\t\t\t<section class=\"elementor-section elementor-top-section elementor-element elementor-element-c96a74b elementor-section-boxed elementor-section-height-default elementor-section-height-default\" data-id=\"c96a74b\" data-element_type=\"section\" data-settings=\"{&quot;jet_parallax_layout_list&quot;:[]}\">\n\t\t\t\t\t\t<div class=\"elementor-container elementor-column-gap-default\">\n\t\t\t\t\t<div class=\"elementor-column elementor-col-100 elementor-top-column elementor-element elementor-element-8a52a26\" data-id=\"8a52a26\" data-element_type=\"column\">\n\t\t\t<div class=\"elementor-widget-wrap elementor-element-populated\">\n\t\t\t\t\t\t\t<\/div>\n\t\t<\/div>\n\t\t\t\t\t<\/div>\n\t\t<\/section>\n\t\t\t\t<\/div>","protected":false},"excerpt":{"rendered":"<p>EFC Ranking Den officiella klubbrankingen f\u00f6r EFC 2025 European Football Cup 2025 \u00e4r inte vilken turneringsserie som helst. Varje klubb samlar po\u00e4ng i varje turnering och kan p\u00e5 s\u00e5 s\u00e4tt h\u00e4vda sig i den europeiska rankningen. EFC Ranking Den officiella klubbrankingen f\u00f6r EFC 2025 Europeiska fotbollscupen 2025 \u00e4r inte vilken turneringsserie som helst. Varje klubb [...]<\/p>","protected":false},"author":3,"featured_media":0,"parent":0,"menu_order":0,"comment_status":"closed","ping_status":"closed","template":"elementor_header_footer","meta":{"_jf_save_progress":"","footnotes":""},"class_list":["post-1519","page","type-page","status-publish","hentry"],"yoast_head":"<!-- This site is optimized with the Yoast SEO plugin v24.3 - https:\/\/yoast.com\/wordpress\/plugins\/seo\/ -->\n<title>EFC-Ranking - European Football Cup<\/title>\n<meta name=\"robots\" content=\"index, follow, max-snippet:-1, max-image-preview:large, max-video-preview:-1\" \/>\n<link rel=\"canonical\" href=\"https:\/\/www.europeanfootballcup.com\/sv\/wp-json\/wp\/v2\/pages\/1519\" \/>\n<meta property=\"og:locale\" content=\"sv_SE\" \/>\n<meta property=\"og:type\" content=\"article\" \/>\n<meta property=\"og:title\" content=\"EFC-Ranking - European Football Cup\" \/>\n<meta property=\"og:description\" content=\"EFC-Ranking Das offizielle Vereins-Ranking f\u00fcr den EFC 2025 Der European Football Cup 2025 ist nicht einfach nur irgendeine Turnierserie. Jeder Verein sammelt bei jedem Turnier Punkte und kann sich so im europaweiten Ranking durchsetzen. EFC-Ranking Das offizielle Vereins-Ranking f\u00fcr den EFC 2025 Der European Football Cup 2025 ist nicht einfach nur irgendeine Turnierserie. Jeder Verein [&hellip;]\" \/>\n<meta property=\"og:url\" content=\"https:\/\/www.europeanfootballcup.com\/sv\/efc-ranking\/\" \/>\n<meta property=\"og:site_name\" content=\"European Football Cup\" \/>\n<meta property=\"article:modified_time\" content=\"2024-06-14T12:29:24+00:00\" \/>\n<meta name=\"twitter:card\" content=\"summary_large_image\" \/>\n<meta name=\"twitter:label1\" content=\"Ber\u00e4knad l\u00e4stid\" \/>\n\t<meta name=\"twitter:data1\" content=\"1 minut\" \/>\n<script type=\"application\/ld+json\" class=\"yoast-schema-graph\">{\"@context\":\"https:\/\/schema.org\",\"@graph\":[{\"@type\":\"WebPage\",\"@id\":\"https:\/\/www.europeanfootballcup.com\/efc-ranking\/\",\"url\":\"https:\/\/www.europeanfootballcup.com\/efc-ranking\/\",\"name\":\"EFC-Ranking - European Football Cup\",\"isPartOf\":{\"@id\":\"https:\/\/www.europeanfootballcup.com\/#website\"},\"datePublished\":\"2023-03-22T16:04:01+00:00\",\"dateModified\":\"2024-06-14T12:29:24+00:00\",\"breadcrumb\":{\"@id\":\"https:\/\/www.europeanfootballcup.com\/efc-ranking\/#breadcrumb\"},\"inLanguage\":\"sv-SE\",\"potentialAction\":[{\"@type\":\"ReadAction\",\"target\":[\"https:\/\/www.europeanfootballcup.com\/efc-ranking\/\"]}]},{\"@type\":\"BreadcrumbList\",\"@id\":\"https:\/\/www.europeanfootballcup.com\/efc-ranking\/#breadcrumb\",\"itemListElement\":[{\"@type\":\"ListItem\",\"position\":1,\"name\":\"Home\",\"item\":\"https:\/\/www.europeanfootballcup.com\/\"},{\"@type\":\"ListItem\",\"position\":2,\"name\":\"EFC-Ranking\"}]},{\"@type\":\"WebSite\",\"@id\":\"https:\/\/www.europeanfootballcup.com\/#website\",\"url\":\"https:\/\/www.europeanfootballcup.com\/\",\"name\":\"European Football Cup\",\"description\":\"Europes biggest youth tournament series\",\"publisher\":{\"@id\":\"https:\/\/www.europeanfootballcup.com\/#organization\"},\"potentialAction\":[{\"@type\":\"SearchAction\",\"target\":{\"@type\":\"EntryPoint\",\"urlTemplate\":\"https:\/\/www.europeanfootballcup.com\/?s={search_term_string}\"},\"query-input\":{\"@type\":\"PropertyValueSpecification\",\"valueRequired\":true,\"valueName\":\"search_term_string\"}}],\"inLanguage\":\"sv-SE\"},{\"@type\":\"Organization\",\"@id\":\"https:\/\/www.europeanfootballcup.com\/#organization\",\"name\":\"European Football Cup\",\"url\":\"https:\/\/www.europeanfootballcup.com\/\",\"logo\":{\"@type\":\"ImageObject\",\"inLanguage\":\"sv-SE\",\"@id\":\"https:\/\/www.europeanfootballcup.com\/#\/schema\/logo\/image\/\",\"url\":\"https:\/\/www.europeanfootballcup.com\/wp-content\/uploads\/2023\/02\/cropped-Logo_European_Football_Cup_2023.png\",\"contentUrl\":\"https:\/\/www.europeanfootballcup.com\/wp-content\/uploads\/2023\/02\/cropped-Logo_European_Football_Cup_2023.png\",\"width\":266,\"height\":200,\"caption\":\"European Football Cup\"},\"image\":{\"@id\":\"https:\/\/www.europeanfootballcup.com\/#\/schema\/logo\/image\/\"}}]}<\/script>\n<!-- \/ Yoast SEO plugin. -->","yoast_head_json":{"title":"EFC-Ranking - European Football Cup","robots":{"index":"index","follow":"follow","max-snippet":"max-snippet:-1","max-image-preview":"max-image-preview:large","max-video-preview":"max-video-preview:-1"},"canonical":"https:\/\/www.europeanfootballcup.com\/sv\/wp-json\/wp\/v2\/pages\/1519","og_locale":"sv_SE","og_type":"article","og_title":"EFC-Ranking - European Football Cup","og_description":"EFC-Ranking Das offizielle Vereins-Ranking f\u00fcr den EFC 2025 Der European Football Cup 2025 ist nicht einfach nur irgendeine Turnierserie. Jeder Verein sammelt bei jedem Turnier Punkte und kann sich so im europaweiten Ranking durchsetzen. EFC-Ranking Das offizielle Vereins-Ranking f\u00fcr den EFC 2025 Der European Football Cup 2025 ist nicht einfach nur irgendeine Turnierserie. Jeder Verein [&hellip;]","og_url":"https:\/\/www.europeanfootballcup.com\/sv\/efc-ranking\/","og_site_name":"European Football Cup","article_modified_time":"2024-06-14T12:29:24+00:00","twitter_card":"summary_large_image","twitter_misc":{"Ber\u00e4knad l\u00e4stid":"1 minut"},"schema":{"@context":"https:\/\/schema.org","@graph":[{"@type":"WebPage","@id":"https:\/\/www.europeanfootballcup.com\/efc-ranking\/","url":"https:\/\/www.europeanfootballcup.com\/efc-ranking\/","name":"EFC-Ranking - European Football Cup","isPartOf":{"@id":"https:\/\/www.europeanfootballcup.com\/#website"},"datePublished":"2023-03-22T16:04:01+00:00","dateModified":"2024-06-14T12:29:24+00:00","breadcrumb":{"@id":"https:\/\/www.europeanfootballcup.com\/efc-ranking\/#breadcrumb"},"inLanguage":"sv-SE","potentialAction":[{"@type":"ReadAction","target":["https:\/\/www.europeanfootballcup.com\/efc-ranking\/"]}]},{"@type":"BreadcrumbList","@id":"https:\/\/www.europeanfootballcup.com\/efc-ranking\/#breadcrumb","itemListElement":[{"@type":"ListItem","position":1,"name":"Home","item":"https:\/\/www.europeanfootballcup.com\/"},{"@type":"ListItem","position":2,"name":"EFC-Ranking"}]},{"@type":"WebSite","@id":"https:\/\/www.europeanfootballcup.com\/#website","url":"https:\/\/www.europeanfootballcup.com\/","name":"European Football Cup","description":"Europes biggest youth tournament series","publisher":{"@id":"https:\/\/www.europeanfootballcup.com\/#organization"},"potentialAction":[{"@type":"SearchAction","target":{"@type":"EntryPoint","urlTemplate":"https:\/\/www.europeanfootballcup.com\/?s={search_term_string}"},"query-input":{"@type":"PropertyValueSpecification","valueRequired":true,"valueName":"search_term_string"}}],"inLanguage":"sv-SE"},{"@type":"Organization","@id":"https:\/\/www.europeanfootballcup.com\/#organization","name":"European Football Cup","url":"https:\/\/www.europeanfootballcup.com\/","logo":{"@type":"ImageObject","inLanguage":"sv-SE","@id":"https:\/\/www.europeanfootballcup.com\/#\/schema\/logo\/image\/","url":"https:\/\/www.europeanfootballcup.com\/wp-content\/uploads\/2023\/02\/cropped-Logo_European_Football_Cup_2023.png","contentUrl":"https:\/\/www.europeanfootballcup.com\/wp-content\/uploads\/2023\/02\/cropped-Logo_European_Football_Cup_2023.png","width":266,"height":200,"caption":"European Football Cup"},"image":{"@id":"https:\/\/www.europeanfootballcup.com\/#\/schema\/logo\/image\/"}}]}},"_links":{"self":[{"href":"https:\/\/www.europeanfootballcup.com\/sv\/wp-json\/wp\/v2\/pages\/1519","targetHints":{"allow":["GET"]}}],"collection":[{"href":"https:\/\/www.europeanfootballcup.com\/sv\/wp-json\/wp\/v2\/pages"}],"about":[{"href":"https:\/\/www.europeanfootballcup.com\/sv\/wp-json\/wp\/v2\/types\/page"}],"author":[{"embeddable":true,"href":"https:\/\/www.europeanfootballcup.com\/sv\/wp-json\/wp\/v2\/users\/3"}],"replies":[{"embeddable":true,"href":"https:\/\/www.europeanfootballcup.com\/sv\/wp-json\/wp\/v2\/comments?post=1519"}],"version-history":[{"count":3,"href":"https:\/\/www.europeanfootballcup.com\/sv\/wp-json\/wp\/v2\/pages\/1519\/revisions"}],"predecessor-version":[{"id":3088,"href":"https:\/\/www.europeanfootballcup.com\/sv\/wp-json\/wp\/v2\/pages\/1519\/revisions\/3088"}],"wp:attachment":[{"href":"https:\/\/www.europeanfootballcup.com\/sv\/wp-json\/wp\/v2\/media?parent=1519"}],"curies":[{"name":"wp","href":"https:\/\/api.w.org\/{rel}","templated":true}]}}