{"id":2318,"date":"2023-09-19T08:15:03","date_gmt":"2023-09-19T08:15:03","guid":{"rendered":"https:\/\/www.europeanfootballcup.com\/?page_id=2318"},"modified":"2023-09-19T08:44:16","modified_gmt":"2023-09-19T08:44:16","slug":"agb","status":"publish","type":"page","link":"https:\/\/www.europeanfootballcup.com\/sl\/agb\/","title":{"rendered":"AGB"},"content":{"rendered":"<div data-elementor-type=\"wp-page\" data-elementor-id=\"2318\" class=\"elementor elementor-2318\" data-elementor-post-type=\"page\">\n\t\t\t\t\t\t<section class=\"elementor-section elementor-top-section elementor-element elementor-element-dffbeb7 elementor-section-full_width elementor-section-stretched elementor-section-height-default elementor-section-height-default\" data-id=\"dffbeb7\" data-element_type=\"section\" data-settings=\"{&quot;jet_parallax_layout_list&quot;:[],&quot;stretch_section&quot;:&quot;section-stretched&quot;,&quot;background_background&quot;:&quot;classic&quot;}\">\n\t\t\t\t\t\t<div class=\"elementor-container elementor-column-gap-default\">\n\t\t\t\t\t<div class=\"elementor-column elementor-col-100 elementor-top-column elementor-element elementor-element-94fdabb\" data-id=\"94fdabb\" data-element_type=\"column\">\n\t\t\t<div class=\"elementor-widget-wrap elementor-element-populated\">\n\t\t\t\t\t\t<div class=\"elementor-element elementor-element-9ede503 elementor-widget elementor-widget-heading\" data-id=\"9ede503\" data-element_type=\"widget\" data-widget_type=\"heading.default\">\n\t\t\t\t<div class=\"elementor-widget-container\">\n\t\t\t\t\t<h2 class=\"elementor-heading-title elementor-size-default\">Splo\u0161no <br> Pogoji in dolo\u010dila<\/h2>\t\t\t\t<\/div>\n\t\t\t\t<\/div>\n\t\t\t\t<div class=\"elementor-element elementor-element-ce9fb35 elementor-widget elementor-widget-text-editor\" data-id=\"ce9fb35\" data-element_type=\"widget\" data-widget_type=\"text-editor.default\">\n\t\t\t\t<div class=\"elementor-widget-container\">\n\t\t\t\t\t\t\t\t\t<div id=\"content\" class=\"site-content\"><div class=\"site-content__wrap container\"><div class=\"row\"><div id=\"primary\" class=\"col-xs-12\"><article id=\"post-6325\" class=\"post-6325 page type-page status-publish hentry\"><div class=\"page-content\"><div class=\"elementor elementor-6325\" data-elementor-type=\"wp-page\" data-elementor-id=\"6325\" data-elementor-post-type=\"page\"><div class=\"elementor-inner\"><div class=\"elementor-section-wrap\"><section class=\"elementor-section elementor-top-section elementor-element elementor-element-ab46c91 elementor-section-full_width elementor-section-height-default elementor-section-height-default\" data-id=\"ab46c91\" data-element_type=\"section\" data-settings=\"{&quot;background_background&quot;:&quot;classic&quot;}\"><div class=\"elementor-container elementor-column-gap-default\"><div class=\"elementor-row\"><div class=\"elementor-column elementor-col-100 elementor-top-column elementor-element elementor-element-1511469\" data-id=\"1511469\" data-element_type=\"column\"><div class=\"elementor-column-wrap elementor-element-populated\"><div class=\"elementor-widget-wrap\"><div class=\"elementor-element elementor-element-6488e28 elementor-widget elementor-widget-text-editor\" data-id=\"6488e28\" data-element_type=\"widget\" data-widget_type=\"text-editor.default\"><div class=\"elementor-widget-container\"><div class=\"elementor-text-editor elementor-clearfix\"><p><b>Splo\u0161ni pogoji poslovanja dru\u017ebe BALLFREUNDE GmbH,\u00a0<\/b><b>v nadaljnjem besedilu: BALLFREUNDE.<\/b><b><\/b><\/p><ol><li><b> Registracija, potrditev<\/b><\/li><\/ol><p>1.1 S prijavo dru\u017ebi BALLFREUNDE zavezujo\u010de ponudite sklenitev pogodbe o sodelovanju na \u017eelenem dogodku. Pogodba je sklenjena, ko pisno potrdimo rezervacijo dogodka. Zadostuje \u017ee potrditev po elektronski po\u0161ti. Telefonski in ustni dogovori postanejo zavezujo\u010di \u0161ele, ko jih pisno potrdimo.\u00a0<\/p><p>1.2 Prijavitelj opravi prijavo tudi za vse udele\u017eence, navedene v prijavi\/seznamu, za katerih pogodbene obveznosti je odgovoren kot za svoje obveznosti.\u00a0<\/p><p>1.3 S prijavo sprejemate pravila turnirja BALLFREUNDE.<br \/><br \/><\/p><ol start=\"2\"><li><b> Pla\u010dilo\u00a0<\/b><\/li><\/ol><p>2.1 Prijavnina se pla\u010da ob prijavi in jo je treba poravnati v pla\u010dilnem roku, navedenem na ra\u010dunu. Na splo\u0161no se ne vra\u010da. <br \/>Izrecno poudarjamo, da prijavnina ne bo povrnjena, tudi \u010de organ ali druga tretja oseba prekli\u010de dogodek zaradi tveganja, za katerega BALLFREUNDE ni odgovoren. Enako velja, \u010de \u0161portnega objekta, ki ga je najela dru\u017eba BALLFREUNDE, ni mogo\u010de uporabljati iz razlogov, za katere dru\u017eba BALLFREUNDE ni odgovorna.<\/p><p>2.2 Kotizacijo je treba pla\u010dati najpozneje osem tednov pred za\u010detkom dogodka, kot je navedeno na ra\u010dunu, poslanem po elektronski po\u0161ti.<\/p><p>Pristojbine v primeru odpovedi, obdelave in ponovne rezervacije zapadejo v pla\u010dilo takoj. Zneski za predpla\u010dilo, kon\u010dno pla\u010dilo in morebitno odpoved so navedeni v potrditvi rezervacije. Pla\u010dila je treba izvesti v enem znesku za vse prijavljene udele\u017eence, pri \u010demer je treba navesti \u0161tevilko predlo\u017eenega ra\u010duna.\u00a0<\/p><p>2.3 Pri rezervacijah, ki so bile opravljene v kratkem roku (osem tednov ali ve\u010d pred za\u010detkom dogodka), je treba celotno pristojbino za udele\u017ebo pla\u010dati takoj.<\/p><p>2.4 \u010ce kon\u010dni rok pla\u010dila ni upo\u0161tevan, lahko dru\u017eba BALLFREUNDE po neuspe\u0161nem opominu z odlogom odstopi od obstoje\u010de pogodbe o rezervaciji in kot od\u0161kodnino zahteva pla\u010dilo stro\u0161kov odpovedi v skladu z oddelkom 4.2. Kon\u010dne informacije bodo posredovane \u0161ele po prejemu kon\u010dnega pla\u010dila, vendar ne prej kot 14 dni pred za\u010detkom dogodka.\u00a0<br \/><br \/><\/p><ol start=\"3\"><li><b> Uspe\u0161nost<\/b><\/li><\/ol><p>Storitve, ki jih opravlja dru\u017eba BALLFREUNDE, so navedene v splo\u0161nih informacijah. Za odstopanja od tega je potreben pisni dogovor.<br \/><br \/><\/p><ol start=\"4\"><li><b> Odstop udele\u017eenca(-ev), stro\u0161ki odpovedi\u00a0<\/b><\/li><\/ol><p>4.1 Od sodelovanja je mogo\u010de odstopiti kadar koli pred za\u010detkom dogodka (ob upo\u0161tevanju morebitnih stro\u0161kov v skladu z oddelkom 4.2). Odlo\u010dilno je, da dru\u017eba BALLFREUNDE prejme obvestilo o odpovedi. Odpoved dogodka mora biti podana v pisni obliki. Odpoved po elektronski po\u0161ti ne zadostuje. \u010ce udele\u017eenec\/potnik odstopi ali \u010de se potovanje na dogodek ne za\u010dne iz razlogov (razen v primerih vi\u0161je sile, ki jih ureja \u010dlen 10), za katere dru\u017eba BALLFREUNDE ni odgovorna, lahko dru\u017eba BALLFREUNDE zahteva razumno nadomestilo za opravljene dogovore in nastale stro\u0161ke. Pri izra\u010dunu nadomestila se upo\u0161tevajo obi\u010dajno prihranjeni stro\u0161ki in obi\u010dajno mo\u017ena nadomestna uporaba storitev prireditve. Lahko doka\u017eete, da v zvezi z odpovedjo ali neuspe\u0161nim za\u010detkom potovanja niso nastali nobeni stro\u0161ki ali so bili bistveno ni\u017eji od stro\u0161kov, ki smo jih navedli v pav\u0161alnem znesku (glejte to\u010dko 4.2).<\/p><p>4.2 V primeru odpovedi dogodka (vklju\u010dno s posameznimi osebami) se poleg pristojbine za obdelavo v vi\u0161ini 25 EUR na rezervacijo obi\u010dajno pla\u010dajo naslednji stro\u0161ki:<\/p><ul><li aria-level=\"1\">do 90 dni pred za\u010detkom dogodka: brez dodatnih stro\u0161kov<\/li><li aria-level=\"1\">od 89. do 31. dne pred za\u010detkom dogodka: 40% <br \/>Cena za udele\u017eenca (na osebo)<\/li><li aria-level=\"1\">od 30. do 16. dne pred za\u010detkom dogodka: 60% cene udele\u017eenca (na osebo)<\/li><li aria-level=\"1\">od 15. dne pred za\u010detkom dogodka: 90% cene udele\u017eenca (na osebo)<\/li><li aria-level=\"1\">v primeru neudele\u017ebe na za\u010detku dogodka: 100% kotizacije (na osebo)<\/li><\/ul><p>4.3 Dru\u017eba BALLFREUNDE bo na zahtevo enkrat brezpla\u010dno spremenila \u0161tevilo oseb v rezervaciji za 10% (zaokro\u017eeno navzgor na naslednje polno \u0161tevilo oseb), \u010de bo to mogo\u010de.\u00a0<br \/>Ta pravilnik velja le do osem tednov pred za\u010detkom dogodka.\u00a0<\/p><p>BALLFREUNDE si pridr\u017euje pravico, da za vse nadaljnje spremembe potrditve rezervacije zara\u010duna dodatno pristojbino za obdelavo v vi\u0161ini 25,00 EUR na transakcijo.\u00a0<\/p><p>Spremembe \u0161tevila oseb v rezervaciji za ve\u010d kot 10 % (zaokro\u017eeno navzgor na naslednje polno \u0161tevilo oseb) so mogo\u010de le s soglasjem dru\u017ebe BALLFREUNDE.\u00a0<\/p><p>Enako velja za spremembe \u0161tevila oseb v rezervaciji v obdobju osmih tednov do za\u010detka dogodka.\u00a0<\/p><p>4.4 Odpovedi posameznih oseb lahko povzro\u010dijo izgubo popustov\/paketnih cen za zdru\u017eenje.\u00a0<\/p><p>4.5 Dru\u017eba BALLFREUNDE priporo\u010da sklenitev zavarovanja za primer odpovedi potovanja.<br \/><br \/><\/p><ol start=\"5\"><li><b> Preklic in odpoved s strani dru\u017ebe BALLFREUNDE\u00a0<\/b><\/li><\/ol><p>5.1 Odpoved turnirja zaradi vi\u0161je sile \/ Covid-19<\/p><p>BALLFREUNDE predvideva, da bodo vsi turnirji potekali kot obi\u010dajno. \u010ce to ne bo mogo\u010de, bo BALLFREUNDE turnir odpovedal. Turnir bo odpovedan le, \u010de bodo pristojni organi prepovedali organizacijo turnirja, \u010de bo za prizadeto regijo veljala prepoved potovanja ali uradno opozorilo za potovanje.<br \/>V tem posebnem primeru bo dru\u017eba BALLFREUNDE nemudoma vrnila celotno pla\u010dano kotizacijo brez kakr\u0161nih koli odbitkov.<\/p><p>5.2 Ravnanje, ki pomeni kr\u0161itev pogodbe<\/p><p>Dru\u017eba BALLFREUNDE lahko prekine pogodbo brez predhodnega obvestila, \u010de udele\u017eenec kljub opozorilu dru\u017ebe BALLFREUNDE vztrajno moti izvedbo dogodka ali \u010de se obna\u0161a v nasprotju s pogodbo do te mere, da je takoj\u0161nja prekinitev pogodbe upravi\u010dena. \u010ce dru\u017eba BALLFREUNDE odpove pogodbo, obdr\u017ei pravico do pla\u010dila za udele\u017ebo, zmanj\u0161anega za vrednost prihranjenih stro\u0161kov in prihranjenih koristi, ki izhajajo iz kakr\u0161ne koli druge uporabe neizkori\u0161\u010denih storitev.\u00a0<br \/><br \/><\/p><ol start=\"6\"><li><b> Turisti\u010dni vodnik<\/b><\/li><\/ol><p>Skupino morajo voditi trije odrasli. Med dogodkom morajo biti vedno prisotne vsaj tri odrasle osebe, ki spremljajo skupino. Vodnik(-i) je(so) odgovoren(-i) za morebitno \u0161kodo, ki jo ena ali ve\u010d oseb v skupini po svoji krivdi povzro\u010di na premo\u017eenju tretjih oseb, s katerimi je dru\u017eba BALLFREUNDE v pogodbenem razmerju (kot so lastniki hotelov in prevozna podjetja).\u00a0<br \/><br \/><\/p><ol start=\"7\"><li><b> Trajanje potovanja<\/b><\/li><\/ol><p>Trajanje potovanja je navedeno v celih dneh. Dan prihoda in dan vrnitve se \u0161tejeta kot cela dneva.\u00a0<br \/><br \/><\/p><ol start=\"8\"><li><b> Hi\u0161na pravila<\/b><\/li><\/ol><p>V nastanitvenih objektih, kjer veljajo hi\u0161na pravila, kot so \u0161ole, mladinski domovi in hoteli, se jih je treba dr\u017eati.\u00a0<br \/><br \/><\/p><ol start=\"9\"><li><b> \u0160portni program<\/b><\/li><\/ol><p>Organizator in BALLFREUNDE si pridr\u017eujeta pravico do spremembe programa, \u010de za to obstajajo utemeljeni razlogi. Dru\u017eba BALLFREUNDE ne prevzema nobene odgovornosti za neizvedbo ali nepopolno izvedbo programa zaradi okoli\u0161\u010din, na katere dru\u017eba BALLFREUNDE nima vpliva.<br \/><br \/><\/p><ol start=\"10\"><li><b> Odgovornost, izklju\u010ditev zahtevkov in zastaralni rok<\/b><\/li><\/ol><p>10.1 Pogodbena odgovornost za \u0161kodo, ki ni telesna po\u0161kodba, je omejena na trikratno ceno za udele\u017eenca (na osebo), \u010de \u0161koda udele\u017eencu ni bila povzro\u010dena namerno ali iz hude malomarnosti ali \u010de smo odgovorni za \u0161kodo, ki jo je udele\u017eenec utrpel izklju\u010dno po krivdi ponudnika storitev. V na\u0161o korist veljajo tudi pravni predpisi, ki omejujejo ali izklju\u010dujejo odgovornost, ki temeljijo na mednarodnih sporazumih in na katere se lahko sklicuje pri nas zaposleni ponudnik storitev. Za vse od\u0161kodninske zahtevke za \u0161kodo, ki se nana\u0161ajo na dru\u017ebo BALLFREUNDE in ne temeljijo na nameri ali hudi malomarnosti, je odgovornost za premo\u017eenjsko \u0161kodo omejena na trikratno ceno za udele\u017eenca (na osebo in dogodek).\u00a0<\/p><p>10.2 Dru\u017eba BALLFREUNDE ne odgovarja za motnje pri izvajanju storitev, telesne po\u0161kodbe in materialno \u0161kodo v zvezi s storitvami tretjih oseb, ki so zgolj dogovorjene in kot take izrecno ozna\u010dene v ponudbi (npr. izleti, ture, obiski parkov in drugih objektov za prosti \u010das).\u00a0<\/p><p>10.3 Dru\u017eba BALLFREUNDE na splo\u0161no ni odgovorna v primeru vi\u0161je sile.\u00a0<\/p><p>10.4 Udele\u017eba pri \u0161portnih in drugih prosto\u010dasnih dejavnostih je odgovornost udele\u017eencev in sopotnikov. \u0160portne objekte, opremo in vozila je treba pred uporabo preveriti. Dru\u017eba BALLFREUNDE je za nesre\u010de, ki se zgodijo med \u0161portnimi dogodki in drugimi prosto\u010dasnimi dejavnostmi, odgovorna le, \u010de je krivda na strani dru\u017ebe. Dru\u017eba BALLFREUNDE priporo\u010da, da sklenete nezgodno zavarovanje.\u00a0<\/p><p>10.5 Vsak udele\u017eenec\/potnik je dol\u017ean sodelovati v primeru motenj storitev v okviru zakonskih dolo\u010db, da bi prepre\u010dil ali \u010dim bolj zmanj\u0161al \u0161kodo. O napakah in motnjah je treba nemudoma obvestiti uslu\u017ebence dru\u017ebe BALLFREUNDE na kraju samem; dru\u017eba BALLFREUNDE priporo\u010da pisno obliko. \u010ce udele\u017eenec\/potnik te obveznosti ne izpolni po lastni krivdi, v zvezi s tem ni upravi\u010den do kakr\u0161nih koli zahtevkov.<\/p><p>10.6 Zaposleni dru\u017ebe BALLFREUNDE na kraju samem niso poobla\u0161\u010deni za priznavanje kakr\u0161nih koli zahtevkov. Zahtevke kakr\u0161ne koli vrste je treba predlo\u017eiti ustreznemu poobla\u0161\u010denemu predstavniku dru\u017ebe BALLFREUNDE na kraju samem. Dru\u017eba BALLFREUNDE priporo\u010da pisno obliko\u00a0<\/p><p>10.7 Zahtevke za nepogodbeno izvedbo rezerviranega dogodka je treba pri dru\u017ebi BALLFREUNDE uveljavljati v enem mesecu po pogodbeno dogovorjenem koncu dogodka. Priporo\u010damo pisno obliko. Po izteku roka lahko zahtevke uveljavljate le, \u010de vam je bilo upo\u0161tevanje roka onemogo\u010deno brez va\u0161e krivde. Va\u0161i zahtevki, ki izhajajo iz te pogodbe, zastarajo v enem letu, kar izrecno odstopa od zakonske ureditve. Zastaralni rok za\u010dne te\u010di na dan, ko bi se moral dogodek v skladu s pogodbo kon\u010dati.<br \/><br \/><\/p><ol start=\"11\"><li><b> Izklju\u010ditev iz sodelovanja<\/b><\/li><\/ol><p>\u010ce se izka\u017ee, da se udele\u017eenec obna\u0161a tako nadle\u017eno, da je resno ogro\u017een odnos med organizacijo BALLFREUNDE in ponudnikom storitev (npr. prevoz, nastanitev, organizator), se lahko zadevni udele\u017eenec izklju\u010di. \u010ce je izklju\u010deni udele\u017eenec mladoletna oseba, mora pogodbeni partner zagotoviti, da izklju\u010deni udele\u017eenec v spremstvu odrasle osebe, poobla\u0161\u010dene za nadzor, takoj zapusti prizori\u0161\u010de dogodka in se na lastne stro\u0161ke vrne na za\u010detno to\u010dko potovanja.<\/p><p>Dru\u017eba BALLFREUNDE bo pomagala, vendar mora dodatne stro\u0161ke v vsakem primeru kriti pogodbeni partner. Ta pravilnik velja tudi za ekipe in klube. \u010ce za nadaljnji nadzor preostale skupine niso na voljo trije odrasli nadzorniki, mora skupina kot celota zapustiti dogodek na lastne stro\u0161ke.\u00a0<br \/><br \/><\/p><ol start=\"12\"><li><b> Splo\u0161no\u00a0<\/b><\/li><\/ol><p>Ob prijavi na potovanje se predpostavlja, da se upravni odbor sodelujo\u010dega kluba in vodnik(-i) strinjajo s splo\u0161nimi pogoji potovanja in da vse obveznosti do BALLFREUNDE izpolnjuje poobla\u0161\u010dena oseba. Priporo\u010damo, da sklenete ustrezno zavarovanje.\u00a0<br \/><br \/><\/p><ol start=\"13\"><li><b> Kon\u010dna dolo\u010dba\u00a0<\/b><\/li><\/ol><p>Pogoji veljajo za vse pogodbe med dru\u017ebo BALLFREUNDE in pogodbenim partnerjem, ne glede na stalno prebivali\u0161\u010de vseh vpletenih strank ter kraj sklenitve pogodbe in kraj opravljanja storitve. Vse skupine, ki uporabljajo storitve dru\u017ebe BALLFREUNDE, so izena\u010dene s \u0161portnimi klubi.<\/p><\/div><\/div><\/div><\/div><\/div><\/div><\/div><\/div><\/section><\/div><\/div><\/div><\/div><\/article><\/div><\/div><\/div><\/div>\t\t\t\t\t\t\t\t<\/div>\n\t\t\t\t<\/div>\n\t\t\t\t\t<\/div>\n\t\t<\/div>\n\t\t\t\t\t<\/div>\n\t\t<\/section>\n\t\t\t\t<\/div>","protected":false},"excerpt":{"rendered":"<p>Splo\u0161ni pogoji poslovanja Splo\u0161ni pogoji poslovanja dru\u017ebe BALLFREUNDE GmbH, v nadaljevanju BALLFREUNDE. Prijava, potrditev 1.1 S prijavo ponudite dru\u017ebi BALLFREUNDE zavezujo\u010do sklenitev pogodbe o sodelovanju na \u017eelenem dogodku. Pogodba je sklenjena, ko pisno potrdimo rezervacijo dogodka. Zadostuje potrditev po elektronski po\u0161ti. Telefonski in ustni dogovori se \u0161tejejo za [...]<\/p>","protected":false},"author":2,"featured_media":0,"parent":0,"menu_order":0,"comment_status":"closed","ping_status":"closed","template":"","meta":{"_jf_save_progress":"","footnotes":""},"class_list":["post-2318","page","type-page","status-publish","hentry"],"yoast_head":"<!-- This site is optimized with the Yoast SEO plugin v24.3 - https:\/\/yoast.com\/wordpress\/plugins\/seo\/ -->\n<title>AGB - European Football Cup<\/title>\n<meta name=\"robots\" content=\"index, follow, max-snippet:-1, max-image-preview:large, max-video-preview:-1\" \/>\n<link rel=\"canonical\" href=\"https:\/\/www.europeanfootballcup.com\/sl\/wp-json\/wp\/v2\/pages\/2318\" \/>\n<meta property=\"og:locale\" content=\"sl_SI\" \/>\n<meta property=\"og:type\" content=\"article\" \/>\n<meta property=\"og:title\" content=\"AGB - European Football Cup\" \/>\n<meta property=\"og:description\" content=\"Allgemeine Gesch\u00e4ftsbedingungen Allgemeine Gesch\u00e4ftsbedingungen der BALLFREUNDE GmbH,\u00a0nachfolgend BALLFREUNDE genannt. Anmeldung, Best\u00e4tigung 1.1 Mit Ihrer Anmeldung bieten Sie BALLFREUNDE den Abschluss eines Vertrages zur Teilnahme an der gew\u00fcnschten Veranstaltung verbindlich an. Der Vertrag kommt zustande, wenn wir Ihnen die Buchung der Veranstaltung schriftlich best\u00e4tigen. Eine Best\u00e4tigung per E-Mail ist hierbei ausreichend. Telefonische und m\u00fcndliche Absprachen werden [&hellip;]\" \/>\n<meta property=\"og:url\" content=\"https:\/\/www.europeanfootballcup.com\/sl\/agb\/\" \/>\n<meta property=\"og:site_name\" content=\"European Football Cup\" \/>\n<meta property=\"article:modified_time\" content=\"2023-09-19T08:44:16+00:00\" \/>\n<meta name=\"twitter:card\" content=\"summary_large_image\" \/>\n<meta name=\"twitter:label1\" content=\"Est. reading time\" \/>\n\t<meta name=\"twitter:data1\" content=\"14 minut\" \/>\n<script type=\"application\/ld+json\" class=\"yoast-schema-graph\">{\"@context\":\"https:\/\/schema.org\",\"@graph\":[{\"@type\":\"WebPage\",\"@id\":\"https:\/\/www.europeanfootballcup.com\/agb\/\",\"url\":\"https:\/\/www.europeanfootballcup.com\/agb\/\",\"name\":\"AGB - European Football Cup\",\"isPartOf\":{\"@id\":\"https:\/\/www.europeanfootballcup.com\/#website\"},\"datePublished\":\"2023-09-19T08:15:03+00:00\",\"dateModified\":\"2023-09-19T08:44:16+00:00\",\"breadcrumb\":{\"@id\":\"https:\/\/www.europeanfootballcup.com\/agb\/#breadcrumb\"},\"inLanguage\":\"sl-SI\",\"potentialAction\":[{\"@type\":\"ReadAction\",\"target\":[\"https:\/\/www.europeanfootballcup.com\/agb\/\"]}]},{\"@type\":\"BreadcrumbList\",\"@id\":\"https:\/\/www.europeanfootballcup.com\/agb\/#breadcrumb\",\"itemListElement\":[{\"@type\":\"ListItem\",\"position\":1,\"name\":\"Home\",\"item\":\"https:\/\/www.europeanfootballcup.com\/\"},{\"@type\":\"ListItem\",\"position\":2,\"name\":\"AGB\"}]},{\"@type\":\"WebSite\",\"@id\":\"https:\/\/www.europeanfootballcup.com\/#website\",\"url\":\"https:\/\/www.europeanfootballcup.com\/\",\"name\":\"European Football Cup\",\"description\":\"Europes biggest youth tournament series\",\"publisher\":{\"@id\":\"https:\/\/www.europeanfootballcup.com\/#organization\"},\"potentialAction\":[{\"@type\":\"SearchAction\",\"target\":{\"@type\":\"EntryPoint\",\"urlTemplate\":\"https:\/\/www.europeanfootballcup.com\/?s={search_term_string}\"},\"query-input\":{\"@type\":\"PropertyValueSpecification\",\"valueRequired\":true,\"valueName\":\"search_term_string\"}}],\"inLanguage\":\"sl-SI\"},{\"@type\":\"Organization\",\"@id\":\"https:\/\/www.europeanfootballcup.com\/#organization\",\"name\":\"European Football Cup\",\"url\":\"https:\/\/www.europeanfootballcup.com\/\",\"logo\":{\"@type\":\"ImageObject\",\"inLanguage\":\"sl-SI\",\"@id\":\"https:\/\/www.europeanfootballcup.com\/#\/schema\/logo\/image\/\",\"url\":\"https:\/\/www.europeanfootballcup.com\/wp-content\/uploads\/2023\/02\/cropped-Logo_European_Football_Cup_2023.png\",\"contentUrl\":\"https:\/\/www.europeanfootballcup.com\/wp-content\/uploads\/2023\/02\/cropped-Logo_European_Football_Cup_2023.png\",\"width\":266,\"height\":200,\"caption\":\"European Football Cup\"},\"image\":{\"@id\":\"https:\/\/www.europeanfootballcup.com\/#\/schema\/logo\/image\/\"}}]}<\/script>\n<!-- \/ Yoast SEO plugin. -->","yoast_head_json":{"title":"AGB - European Football Cup","robots":{"index":"index","follow":"follow","max-snippet":"max-snippet:-1","max-image-preview":"max-image-preview:large","max-video-preview":"max-video-preview:-1"},"canonical":"https:\/\/www.europeanfootballcup.com\/sl\/wp-json\/wp\/v2\/pages\/2318","og_locale":"sl_SI","og_type":"article","og_title":"AGB - European Football Cup","og_description":"Allgemeine Gesch\u00e4ftsbedingungen Allgemeine Gesch\u00e4ftsbedingungen der BALLFREUNDE GmbH,\u00a0nachfolgend BALLFREUNDE genannt. Anmeldung, Best\u00e4tigung 1.1 Mit Ihrer Anmeldung bieten Sie BALLFREUNDE den Abschluss eines Vertrages zur Teilnahme an der gew\u00fcnschten Veranstaltung verbindlich an. Der Vertrag kommt zustande, wenn wir Ihnen die Buchung der Veranstaltung schriftlich best\u00e4tigen. Eine Best\u00e4tigung per E-Mail ist hierbei ausreichend. Telefonische und m\u00fcndliche Absprachen werden [&hellip;]","og_url":"https:\/\/www.europeanfootballcup.com\/sl\/agb\/","og_site_name":"European Football Cup","article_modified_time":"2023-09-19T08:44:16+00:00","twitter_card":"summary_large_image","twitter_misc":{"Est. reading time":"14 minut"},"schema":{"@context":"https:\/\/schema.org","@graph":[{"@type":"WebPage","@id":"https:\/\/www.europeanfootballcup.com\/agb\/","url":"https:\/\/www.europeanfootballcup.com\/agb\/","name":"AGB - European Football Cup","isPartOf":{"@id":"https:\/\/www.europeanfootballcup.com\/#website"},"datePublished":"2023-09-19T08:15:03+00:00","dateModified":"2023-09-19T08:44:16+00:00","breadcrumb":{"@id":"https:\/\/www.europeanfootballcup.com\/agb\/#breadcrumb"},"inLanguage":"sl-SI","potentialAction":[{"@type":"ReadAction","target":["https:\/\/www.europeanfootballcup.com\/agb\/"]}]},{"@type":"BreadcrumbList","@id":"https:\/\/www.europeanfootballcup.com\/agb\/#breadcrumb","itemListElement":[{"@type":"ListItem","position":1,"name":"Home","item":"https:\/\/www.europeanfootballcup.com\/"},{"@type":"ListItem","position":2,"name":"AGB"}]},{"@type":"WebSite","@id":"https:\/\/www.europeanfootballcup.com\/#website","url":"https:\/\/www.europeanfootballcup.com\/","name":"European Football Cup","description":"Europes biggest youth tournament series","publisher":{"@id":"https:\/\/www.europeanfootballcup.com\/#organization"},"potentialAction":[{"@type":"SearchAction","target":{"@type":"EntryPoint","urlTemplate":"https:\/\/www.europeanfootballcup.com\/?s={search_term_string}"},"query-input":{"@type":"PropertyValueSpecification","valueRequired":true,"valueName":"search_term_string"}}],"inLanguage":"sl-SI"},{"@type":"Organization","@id":"https:\/\/www.europeanfootballcup.com\/#organization","name":"European Football Cup","url":"https:\/\/www.europeanfootballcup.com\/","logo":{"@type":"ImageObject","inLanguage":"sl-SI","@id":"https:\/\/www.europeanfootballcup.com\/#\/schema\/logo\/image\/","url":"https:\/\/www.europeanfootballcup.com\/wp-content\/uploads\/2023\/02\/cropped-Logo_European_Football_Cup_2023.png","contentUrl":"https:\/\/www.europeanfootballcup.com\/wp-content\/uploads\/2023\/02\/cropped-Logo_European_Football_Cup_2023.png","width":266,"height":200,"caption":"European Football Cup"},"image":{"@id":"https:\/\/www.europeanfootballcup.com\/#\/schema\/logo\/image\/"}}]}},"_links":{"self":[{"href":"https:\/\/www.europeanfootballcup.com\/sl\/wp-json\/wp\/v2\/pages\/2318","targetHints":{"allow":["GET"]}}],"collection":[{"href":"https:\/\/www.europeanfootballcup.com\/sl\/wp-json\/wp\/v2\/pages"}],"about":[{"href":"https:\/\/www.europeanfootballcup.com\/sl\/wp-json\/wp\/v2\/types\/page"}],"author":[{"embeddable":true,"href":"https:\/\/www.europeanfootballcup.com\/sl\/wp-json\/wp\/v2\/users\/2"}],"replies":[{"embeddable":true,"href":"https:\/\/www.europeanfootballcup.com\/sl\/wp-json\/wp\/v2\/comments?post=2318"}],"version-history":[{"count":3,"href":"https:\/\/www.europeanfootballcup.com\/sl\/wp-json\/wp\/v2\/pages\/2318\/revisions"}],"predecessor-version":[{"id":2347,"href":"https:\/\/www.europeanfootballcup.com\/sl\/wp-json\/wp\/v2\/pages\/2318\/revisions\/2347"}],"wp:attachment":[{"href":"https:\/\/www.europeanfootballcup.com\/sl\/wp-json\/wp\/v2\/media?parent=2318"}],"curies":[{"name":"wp","href":"https:\/\/api.w.org\/{rel}","templated":true}]}}