{"id":2304,"date":"2023-09-19T08:06:54","date_gmt":"2023-09-19T08:06:54","guid":{"rendered":"https:\/\/www.europeanfootballcup.com\/?page_id=2304"},"modified":"2023-09-19T08:14:37","modified_gmt":"2023-09-19T08:14:37","slug":"impressum","status":"publish","type":"page","link":"https:\/\/www.europeanfootballcup.com\/sl\/impressum\/","title":{"rendered":"Odtis"},"content":{"rendered":"<div data-elementor-type=\"wp-page\" data-elementor-id=\"2304\" class=\"elementor elementor-2304\" data-elementor-post-type=\"page\">\n\t\t\t\t\t\t<section class=\"elementor-section elementor-top-section elementor-element elementor-element-dffbeb7 elementor-section-full_width elementor-section-stretched elementor-section-height-default elementor-section-height-default\" data-id=\"dffbeb7\" data-element_type=\"section\" data-settings=\"{&quot;jet_parallax_layout_list&quot;:[],&quot;stretch_section&quot;:&quot;section-stretched&quot;,&quot;background_background&quot;:&quot;classic&quot;}\">\n\t\t\t\t\t\t<div class=\"elementor-container elementor-column-gap-default\">\n\t\t\t\t\t<div class=\"elementor-column elementor-col-100 elementor-top-column elementor-element elementor-element-94fdabb\" data-id=\"94fdabb\" data-element_type=\"column\">\n\t\t\t<div class=\"elementor-widget-wrap elementor-element-populated\">\n\t\t\t\t\t\t<div class=\"elementor-element elementor-element-9ede503 elementor-widget elementor-widget-heading\" data-id=\"9ede503\" data-element_type=\"widget\" data-widget_type=\"heading.default\">\n\t\t\t\t<div class=\"elementor-widget-container\">\n\t\t\t\t\t<h2 class=\"elementor-heading-title elementor-size-default\">Odtis<\/h2>\t\t\t\t<\/div>\n\t\t\t\t<\/div>\n\t\t\t\t<div class=\"elementor-element elementor-element-ce9fb35 elementor-widget elementor-widget-text-editor\" data-id=\"ce9fb35\" data-element_type=\"widget\" data-widget_type=\"text-editor.default\">\n\t\t\t\t<div class=\"elementor-widget-container\">\n\t\t\t\t\t\t\t\t\t<div class=\"page-content\"><div class=\"elementor elementor-6324\" data-elementor-type=\"wp-page\" data-elementor-id=\"6324\" data-elementor-post-type=\"page\"><div class=\"elementor-inner\"><div class=\"elementor-section-wrap\"><section class=\"elementor-section elementor-top-section elementor-element elementor-element-3e44f51 elementor-section-full_width elementor-section-height-default elementor-section-height-default\" data-id=\"3e44f51\" data-element_type=\"section\" data-settings=\"{&quot;background_background&quot;:&quot;classic&quot;}\"><div class=\"elementor-container elementor-column-gap-default\"><div class=\"elementor-row\"><div class=\"elementor-column elementor-col-100 elementor-top-column elementor-element elementor-element-b637f72\" data-id=\"b637f72\" data-element_type=\"column\"><div class=\"elementor-column-wrap elementor-element-populated\"><div class=\"elementor-widget-wrap\"><div class=\"elementor-element elementor-element-f55d44e elementor-widget elementor-widget-text-editor\" data-id=\"f55d44e\" data-element_type=\"widget\" data-widget_type=\"text-editor.default\"><div class=\"elementor-widget-container\"><div class=\"elementor-text-editor elementor-clearfix\"><p><strong>Ballfreunde GmbH<\/strong><br \/><strong>Direktor: <\/strong>Fabian Ziethmann<br \/><strong>Naslov: <\/strong>Waldweg 13 21465, Wentorf (blizu Hamburga)<br \/><strong><br \/>Pi\u0161ite na<br \/>Tel: <\/strong>+49 40-55895037<strong><br \/>e-po\u0161ta:\u00a0<\/strong>info@ballfreunde.com<\/p><p><b>Poslovni register\u00a0<\/b>HRB 14220HL Lokalno sodi\u0161\u010de v L\u00fcbecku Identifikacijska \u0161tevilka za DDV: DE292841856 \u00a0<\/p><p><b>Pravno obvestilo\u00a0<\/b>Vse pravice do vsebine tega spletnega mesta so pridr\u017eane. To velja tudi za pravice do blagovnih znamk in logotipov. Organizacija Ballfreunde je pred namestitvijo povezav preverila strani, ki so povezane s tem spletnim mestom, in na povezanih straneh ni na\u0161la nezakonite vsebine. Vendar pa nimamo nikakr\u0161nega vpliva na sedanjo ali prihodnjo obliko in vsebino povezanih strani.<\/p><\/div><\/div><\/div><\/div><\/div><\/div><\/div><\/div><\/section><\/div><\/div><\/div><\/div><footer class=\"page-footer\"><span class=\"edit-link\"><a class=\"post-edit-link\" href=\"https:\/\/www.ballfreunde.com\/wp-admin\/post.php?post=6324&amp;action=edit\"><span class=\"screen-reader-text\">Uredi odtis<\/span><\/a><\/span><\/footer>\t\t\t\t\t\t\t\t<\/div>\n\t\t\t\t<\/div>\n\t\t\t\t\t<\/div>\n\t\t<\/div>\n\t\t\t\t\t<\/div>\n\t\t<\/section>\n\t\t\t\t<\/div>","protected":false},"excerpt":{"rendered":"<p>Imprint Ballfreunde GmbHVodja podjetja: Fabian ZiethmannRazpolo\u017eljivi naslov: V tem primeru je treba vzeti v po\u0161tev, da je na spletni strani objavljena vsebina, ki jo je mogo\u010de najti na spletni strani, in sicer: Waldweg 13 21465, Wentorf (pri Hamburgu)Kontakt: +49 40-55895037E-po\u0161ta: info@ballfreunde.com Poslovni register HRB 14220HL Lokalno sodi\u0161\u010de L\u00fcbeck ID za DDV: DE292841856 Pravno obvestilo Vse pravice do vsebine te spletne strani so pridr\u017eane. To velja tudi za pravice do blagovnih znamk in logotipov. Ballfreunde je pred vzpostavitvijo povezav preveril strani, ki so povezane s tem spletnim mestom, in nima nobenih [...]<\/p>","protected":false},"author":2,"featured_media":0,"parent":0,"menu_order":0,"comment_status":"closed","ping_status":"closed","template":"","meta":{"_jf_save_progress":"","footnotes":""},"class_list":["post-2304","page","type-page","status-publish","hentry"],"yoast_head":"<!-- This site is optimized with the Yoast SEO plugin v24.3 - https:\/\/yoast.com\/wordpress\/plugins\/seo\/ -->\n<title>Impressum - European Football Cup<\/title>\n<meta name=\"robots\" content=\"index, follow, max-snippet:-1, max-image-preview:large, max-video-preview:-1\" \/>\n<link rel=\"canonical\" href=\"https:\/\/www.europeanfootballcup.com\/sl\/wp-json\/wp\/v2\/pages\/2304\" \/>\n<meta property=\"og:locale\" content=\"sl_SI\" \/>\n<meta property=\"og:type\" content=\"article\" \/>\n<meta property=\"og:title\" content=\"Impressum - European Football Cup\" \/>\n<meta property=\"og:description\" content=\"Impressum Ballfreunde GmbHGesch\u00e4ftsf\u00fchrer: Fabian ZiethmannAdresse: Waldweg 13 21465, Wentorf (bei Hamburg)KontaktTel.: +49 40-55895037E-Mail:\u00a0info@ballfreunde.com Handelsregister\u00a0HRB 14220HL Amtsgericht L\u00fcbeck USt.-IdNr.: DE292841856 \u00a0 Rechtlicher Hinweis\u00a0Alle Rechte an den Inhalten dieser Internetseiten bleiben vorbehalten. Das gilt ebenso f\u00fcr Rechte an Markenbezeichnungen und Logos. Ballfreunde hat die mit diesem Internetauftritt verkn\u00fcpften Seiten vor der Setzung von Links gepr\u00fcft und keine [&hellip;]\" \/>\n<meta property=\"og:url\" content=\"https:\/\/www.europeanfootballcup.com\/sl\/impressum\/\" \/>\n<meta property=\"og:site_name\" content=\"European Football Cup\" \/>\n<meta property=\"article:modified_time\" content=\"2023-09-19T08:14:37+00:00\" \/>\n<meta name=\"twitter:card\" content=\"summary_large_image\" \/>\n<meta name=\"twitter:label1\" content=\"Est. reading time\" \/>\n\t<meta name=\"twitter:data1\" content=\"1 minuta\" \/>\n<script type=\"application\/ld+json\" class=\"yoast-schema-graph\">{\"@context\":\"https:\/\/schema.org\",\"@graph\":[{\"@type\":\"WebPage\",\"@id\":\"https:\/\/www.europeanfootballcup.com\/impressum\/\",\"url\":\"https:\/\/www.europeanfootballcup.com\/impressum\/\",\"name\":\"Impressum - European Football Cup\",\"isPartOf\":{\"@id\":\"https:\/\/www.europeanfootballcup.com\/#website\"},\"datePublished\":\"2023-09-19T08:06:54+00:00\",\"dateModified\":\"2023-09-19T08:14:37+00:00\",\"breadcrumb\":{\"@id\":\"https:\/\/www.europeanfootballcup.com\/impressum\/#breadcrumb\"},\"inLanguage\":\"sl-SI\",\"potentialAction\":[{\"@type\":\"ReadAction\",\"target\":[\"https:\/\/www.europeanfootballcup.com\/impressum\/\"]}]},{\"@type\":\"BreadcrumbList\",\"@id\":\"https:\/\/www.europeanfootballcup.com\/impressum\/#breadcrumb\",\"itemListElement\":[{\"@type\":\"ListItem\",\"position\":1,\"name\":\"Home\",\"item\":\"https:\/\/www.europeanfootballcup.com\/\"},{\"@type\":\"ListItem\",\"position\":2,\"name\":\"Impressum\"}]},{\"@type\":\"WebSite\",\"@id\":\"https:\/\/www.europeanfootballcup.com\/#website\",\"url\":\"https:\/\/www.europeanfootballcup.com\/\",\"name\":\"European Football Cup\",\"description\":\"Europes biggest youth tournament series\",\"publisher\":{\"@id\":\"https:\/\/www.europeanfootballcup.com\/#organization\"},\"potentialAction\":[{\"@type\":\"SearchAction\",\"target\":{\"@type\":\"EntryPoint\",\"urlTemplate\":\"https:\/\/www.europeanfootballcup.com\/?s={search_term_string}\"},\"query-input\":{\"@type\":\"PropertyValueSpecification\",\"valueRequired\":true,\"valueName\":\"search_term_string\"}}],\"inLanguage\":\"sl-SI\"},{\"@type\":\"Organization\",\"@id\":\"https:\/\/www.europeanfootballcup.com\/#organization\",\"name\":\"European Football Cup\",\"url\":\"https:\/\/www.europeanfootballcup.com\/\",\"logo\":{\"@type\":\"ImageObject\",\"inLanguage\":\"sl-SI\",\"@id\":\"https:\/\/www.europeanfootballcup.com\/#\/schema\/logo\/image\/\",\"url\":\"https:\/\/www.europeanfootballcup.com\/wp-content\/uploads\/2023\/02\/cropped-Logo_European_Football_Cup_2023.png\",\"contentUrl\":\"https:\/\/www.europeanfootballcup.com\/wp-content\/uploads\/2023\/02\/cropped-Logo_European_Football_Cup_2023.png\",\"width\":266,\"height\":200,\"caption\":\"European Football Cup\"},\"image\":{\"@id\":\"https:\/\/www.europeanfootballcup.com\/#\/schema\/logo\/image\/\"}}]}<\/script>\n<!-- \/ Yoast SEO plugin. -->","yoast_head_json":{"title":"Impressum - European Football Cup","robots":{"index":"index","follow":"follow","max-snippet":"max-snippet:-1","max-image-preview":"max-image-preview:large","max-video-preview":"max-video-preview:-1"},"canonical":"https:\/\/www.europeanfootballcup.com\/sl\/wp-json\/wp\/v2\/pages\/2304","og_locale":"sl_SI","og_type":"article","og_title":"Impressum - European Football Cup","og_description":"Impressum Ballfreunde GmbHGesch\u00e4ftsf\u00fchrer: Fabian ZiethmannAdresse: Waldweg 13 21465, Wentorf (bei Hamburg)KontaktTel.: +49 40-55895037E-Mail:\u00a0info@ballfreunde.com Handelsregister\u00a0HRB 14220HL Amtsgericht L\u00fcbeck USt.-IdNr.: DE292841856 \u00a0 Rechtlicher Hinweis\u00a0Alle Rechte an den Inhalten dieser Internetseiten bleiben vorbehalten. Das gilt ebenso f\u00fcr Rechte an Markenbezeichnungen und Logos. Ballfreunde hat die mit diesem Internetauftritt verkn\u00fcpften Seiten vor der Setzung von Links gepr\u00fcft und keine [&hellip;]","og_url":"https:\/\/www.europeanfootballcup.com\/sl\/impressum\/","og_site_name":"European Football Cup","article_modified_time":"2023-09-19T08:14:37+00:00","twitter_card":"summary_large_image","twitter_misc":{"Est. reading time":"1 minuta"},"schema":{"@context":"https:\/\/schema.org","@graph":[{"@type":"WebPage","@id":"https:\/\/www.europeanfootballcup.com\/impressum\/","url":"https:\/\/www.europeanfootballcup.com\/impressum\/","name":"Impressum - European Football Cup","isPartOf":{"@id":"https:\/\/www.europeanfootballcup.com\/#website"},"datePublished":"2023-09-19T08:06:54+00:00","dateModified":"2023-09-19T08:14:37+00:00","breadcrumb":{"@id":"https:\/\/www.europeanfootballcup.com\/impressum\/#breadcrumb"},"inLanguage":"sl-SI","potentialAction":[{"@type":"ReadAction","target":["https:\/\/www.europeanfootballcup.com\/impressum\/"]}]},{"@type":"BreadcrumbList","@id":"https:\/\/www.europeanfootballcup.com\/impressum\/#breadcrumb","itemListElement":[{"@type":"ListItem","position":1,"name":"Home","item":"https:\/\/www.europeanfootballcup.com\/"},{"@type":"ListItem","position":2,"name":"Impressum"}]},{"@type":"WebSite","@id":"https:\/\/www.europeanfootballcup.com\/#website","url":"https:\/\/www.europeanfootballcup.com\/","name":"European Football Cup","description":"Europes biggest youth tournament series","publisher":{"@id":"https:\/\/www.europeanfootballcup.com\/#organization"},"potentialAction":[{"@type":"SearchAction","target":{"@type":"EntryPoint","urlTemplate":"https:\/\/www.europeanfootballcup.com\/?s={search_term_string}"},"query-input":{"@type":"PropertyValueSpecification","valueRequired":true,"valueName":"search_term_string"}}],"inLanguage":"sl-SI"},{"@type":"Organization","@id":"https:\/\/www.europeanfootballcup.com\/#organization","name":"European Football Cup","url":"https:\/\/www.europeanfootballcup.com\/","logo":{"@type":"ImageObject","inLanguage":"sl-SI","@id":"https:\/\/www.europeanfootballcup.com\/#\/schema\/logo\/image\/","url":"https:\/\/www.europeanfootballcup.com\/wp-content\/uploads\/2023\/02\/cropped-Logo_European_Football_Cup_2023.png","contentUrl":"https:\/\/www.europeanfootballcup.com\/wp-content\/uploads\/2023\/02\/cropped-Logo_European_Football_Cup_2023.png","width":266,"height":200,"caption":"European Football Cup"},"image":{"@id":"https:\/\/www.europeanfootballcup.com\/#\/schema\/logo\/image\/"}}]}},"_links":{"self":[{"href":"https:\/\/www.europeanfootballcup.com\/sl\/wp-json\/wp\/v2\/pages\/2304","targetHints":{"allow":["GET"]}}],"collection":[{"href":"https:\/\/www.europeanfootballcup.com\/sl\/wp-json\/wp\/v2\/pages"}],"about":[{"href":"https:\/\/www.europeanfootballcup.com\/sl\/wp-json\/wp\/v2\/types\/page"}],"author":[{"embeddable":true,"href":"https:\/\/www.europeanfootballcup.com\/sl\/wp-json\/wp\/v2\/users\/2"}],"replies":[{"embeddable":true,"href":"https:\/\/www.europeanfootballcup.com\/sl\/wp-json\/wp\/v2\/comments?post=2304"}],"version-history":[{"count":3,"href":"https:\/\/www.europeanfootballcup.com\/sl\/wp-json\/wp\/v2\/pages\/2304\/revisions"}],"predecessor-version":[{"id":2317,"href":"https:\/\/www.europeanfootballcup.com\/sl\/wp-json\/wp\/v2\/pages\/2304\/revisions\/2317"}],"wp:attachment":[{"href":"https:\/\/www.europeanfootballcup.com\/sl\/wp-json\/wp\/v2\/media?parent=2304"}],"curies":[{"name":"wp","href":"https:\/\/api.w.org\/{rel}","templated":true}]}}