{"id":2329,"date":"2023-09-19T08:22:09","date_gmt":"2023-09-19T08:22:09","guid":{"rendered":"https:\/\/www.europeanfootballcup.com\/?page_id=2329"},"modified":"2025-12-05T15:57:32","modified_gmt":"2025-12-05T15:57:32","slug":"datenschutz","status":"publish","type":"page","link":"https:\/\/www.europeanfootballcup.com\/sk\/datenschutz\/","title":{"rendered":"Ochrana \u00fadajov"},"content":{"rendered":"<div data-elementor-type=\"wp-page\" data-elementor-id=\"2329\" class=\"elementor elementor-2329\" data-elementor-post-type=\"page\">\n\t\t\t\t\t\t<section class=\"elementor-section elementor-top-section elementor-element elementor-element-dffbeb7 elementor-section-full_width elementor-section-stretched elementor-section-height-default elementor-section-height-default\" data-id=\"dffbeb7\" data-element_type=\"section\" data-settings=\"{&quot;jet_parallax_layout_list&quot;:[],&quot;stretch_section&quot;:&quot;section-stretched&quot;,&quot;background_background&quot;:&quot;classic&quot;}\">\n\t\t\t\t\t\t<div class=\"elementor-container elementor-column-gap-default\">\n\t\t\t\t\t<div class=\"elementor-column elementor-col-100 elementor-top-column elementor-element elementor-element-94fdabb\" data-id=\"94fdabb\" data-element_type=\"column\">\n\t\t\t<div class=\"elementor-widget-wrap elementor-element-populated\">\n\t\t\t\t\t\t<div class=\"elementor-element elementor-element-9ede503 elementor-widget elementor-widget-heading\" data-id=\"9ede503\" data-element_type=\"widget\" data-widget_type=\"heading.default\">\n\t\t\t\t<div class=\"elementor-widget-container\">\n\t\t\t\t\t<h2 class=\"elementor-heading-title elementor-size-default\">Z\u00e1sady ochrany osobn\u00fdch \u00fadajov<\/h2>\t\t\t\t<\/div>\n\t\t\t\t<\/div>\n\t\t\t\t<div class=\"elementor-element elementor-element-ce9fb35 elementor-widget elementor-widget-text-editor\" data-id=\"ce9fb35\" data-element_type=\"widget\" data-widget_type=\"text-editor.default\">\n\t\t\t\t<div class=\"elementor-widget-container\">\n\t\t\t\t\t\t\t\t\t<div id=\"content\" class=\"site-content\"><div class=\"site-content__wrap container\"><div class=\"row\"><div id=\"primary\" class=\"col-xs-12\"><div class=\"elementor-element elementor-element-a71005e elementor-widget elementor-widget-text-editor\" data-id=\"a71005e\" data-element_type=\"widget\" data-widget_type=\"text-editor.default\"><div class=\"elementor-widget-container\"><div class=\"elementor-text-editor elementor-clearfix\"><p><strong>1. zodpovedn\u00fd org\u00e1n<\/strong><\/p><p>BALLFREUNDE GmbH<br \/>V\u00fdkonn\u00fd riadite\u013e: Fabian Ziethmann<\/p><p>Lesn\u00e1 cesta 13<br \/>21465 Wentorf<\/p><p>Tel.: +49 (0) 40 55895037<br \/>E-mail: info@ballfreunde.com<\/p><p><strong>2. zhroma\u017e\u010fovanie, spracovanie a pou\u017e\u00edvanie osobn\u00fdch \u00fadajov<\/strong><\/p><p><strong>2.1 Osobn\u00e9 \u00fadaje<\/strong><\/p><p>Osobn\u00e9 \u00fadaje s\u00fa inform\u00e1cie o faktickej alebo osobnej situ\u00e1cii konkr\u00e9tnej alebo identifikovate\u013enej fyzickej osoby. Patr\u00ed sem napr\u00edklad meno, telef\u00f3nne \u010d\u00edslo, adresa a v\u0161etky \u00fadaje, ktor\u00e9 n\u00e1m poskytnete v s\u00favislosti s \u00fa\u010das\u0165ou na na\u0161ich podujatiach.<\/p><p>Toto sa nevz\u0165ahuje na s\u00fahrnn\u00e9 \u00fadaje, ktor\u00e9 zhroma\u017e\u010fujeme napr\u00edklad pri n\u00e1v\u0161teve na\u0161ej webovej str\u00e1nky alebo vo forme po\u010dtov na podujatiach na mieste a ktor\u00e9 nemo\u017eno priamo spoji\u0165 s va\u0161ou osobou.<\/p><p><strong>2.2 Zhroma\u017e\u010fovanie, spracovanie a pou\u017e\u00edvanie osobn\u00fdch \u00fadajov<\/strong><\/p><p>Va\u0161e \u00fadaje zhroma\u017e\u010fujeme, uchov\u00e1vame a sprac\u00favame na \u00fa\u010dely podpory pri pr\u00edprave a po\u010das \u00fa\u010dasti na na\u0161ich podujatiach vr\u00e1tane n\u00e1sledn\u00fdch z\u00e1ruk, na \u00fa\u010dely na\u0161ich slu\u017eieb, technickej spr\u00e1vy a na na\u0161e vlastn\u00e9 marketingov\u00e9 \u00fa\u010dely. Va\u0161e osobn\u00e9 \u00fadaje bud\u00fa odovzdan\u00e9 alebo inak prenesen\u00e9 tret\u00edm stran\u00e1m len vtedy, ak je to nevyhnutn\u00e9 na \u00fa\u010dely spracovania zmluvy alebo faktur\u00e1cie alebo ak ste na to dali predch\u00e1dzaj\u00faci s\u00fahlas (napr\u00edklad mus\u00edme odovzda\u0165 va\u0161e meno hotelu alebo leteckej spolo\u010dnosti, ak ste si rezervovali ubytovanie alebo dopravn\u00fa slu\u017ebu prostredn\u00edctvom n\u00e1s, ale pr\u00edslu\u0161n\u00fa slu\u017ebu poskytuje tretia spolo\u010dnos\u0165). V s\u00favislosti s na\u0161imi podujatiami napr\u00edklad poskytovatelia slu\u017eieb, ktor\u00fdch tu vyu\u017e\u00edvame, dost\u00e1vaj\u00fa \u00fadaje potrebn\u00e9 na spracovanie objedn\u00e1vky. Takto odovzdan\u00e9 \u00fadaje m\u00f4\u017eu na\u0161i poskytovatelia slu\u017eieb pou\u017ei\u0165 len na splnenie svojej \u00falohy. Ak\u00e9ko\u013evek in\u00e9 pou\u017eitie t\u00fdchto \u00fadajov nie je povolen\u00e9 a nedoch\u00e1dza k nemu u \u017eiadneho z nami poveren\u00fdch poskytovate\u013eov slu\u017eieb. Va\u0161e osobn\u00e9 \u00fadaje bud\u00fa vymazan\u00e9, ak to nie je v rozpore so z\u00e1konn\u00fdmi povinnos\u0165ami uchov\u00e1vania a ak ste si uplatnili n\u00e1rok na vymazanie, ak \u00fadaje u\u017e nie s\u00fa potrebn\u00e9 na splnenie \u00fa\u010delu, na ktor\u00fd boli ulo\u017een\u00e9, alebo ak je ich uchov\u00e1vanie nepr\u00edpustn\u00e9 z in\u00fdch pr\u00e1vnych d\u00f4vodov.<\/p><p><strong>2.3 Reklama prostredn\u00edctvom e-mailu<\/strong><\/p><p>\u00da\u010dastn\u00edci na\u0161ich podujat\u00ed dostan\u00fa po svojej \u00fa\u010dasti odpor\u00fa\u010dania a inform\u00e1cie o bud\u00facich podujatiach. Tieto odpor\u00fa\u010dania od n\u00e1s dostanete automaticky. T\u00fdmto sp\u00f4sobom v\u00e1m chceme zasiela\u0165 inform\u00e1cie o na\u0161ej ponuke, ktor\u00e1 v\u00e1s m\u00f4\u017ee zauj\u00edma\u0165 na z\u00e1klade va\u0161ej \u00fa\u010dasti na minul\u00fdch podujatiach. Pritom pr\u00edsne dodr\u017eiavame z\u00e1konn\u00e9 po\u017eiadavky. Ak si u\u017e ne\u017eel\u00e1te dost\u00e1va\u0165 od n\u00e1s odpor\u00fa\u010dania alebo propaga\u010dn\u00e9 spr\u00e1vy, m\u00f4\u017eete to kedyko\u013evek odmietnu\u0165. Na tento \u00fa\u010del posta\u010duje spr\u00e1va v textovej podobe na kontaktn\u00e9 \u00fadaje uveden\u00e9 v bode 1 (napr. e-mail, fax, list). Samozrejme, v ka\u017edom e-maile n\u00e1jdete aj odkaz na odhl\u00e1senie.<\/p><p><strong>3. s\u00fabory denn\u00edka<\/strong><\/p><p>Pri ka\u017edej n\u00e1v\u0161teve na\u0161ich webov\u00fdch str\u00e1nok sa \u00fadaje o pou\u017e\u00edvan\u00ed pren\u00e1\u0161aj\u00fa pr\u00edslu\u0161n\u00fdm webov\u00fdm prehliada\u010dom a ukladaj\u00fa sa do protokolov\u00fdch s\u00faborov, tzv. serverov\u00fdch protokolov\u00fdch s\u00faborov. Ulo\u017een\u00e9 d\u00e1tov\u00e9 z\u00e1znamy obsahuj\u00fa nasleduj\u00face \u00fadaje: D\u00e1tum a \u010das pr\u00edstupu, n\u00e1zov nav\u0161t\u00edvenej str\u00e1nky, IP adresa, URL odkazu (p\u00f4vodn\u00e1 URL adresa, z ktorej ste pri\u0161li na webov\u00e9 str\u00e1nky), mno\u017estvo prenesen\u00fdch \u00fadajov, ako aj \u010d\u00edslo produktu a verzie pou\u017eit\u00e9ho prehliada\u010da. IP adresy pou\u017e\u00edvate\u013eov sa po 30 d\u0148och vyma\u017e\u00fa alebo anonymizuj\u00fa. V pr\u00edpade anonymiz\u00e1cie sa IP adresy menia tak, \u017ee jednotliv\u00e9 \u00fadaje o osobn\u00fdch alebo faktick\u00fdch okolnostiach u\u017e nie je mo\u017en\u00e9 priradi\u0165 ku konkr\u00e9tnej alebo identifikovate\u013enej fyzickej osobe alebo ich je mo\u017en\u00e9 priradi\u0165 k takejto osobe len s vynalo\u017een\u00edm neprimeran\u00e9ho mno\u017estva \u010dasu, n\u00e1kladov a pr\u00e1ce. Tieto z\u00e1znamy \u00fadajov z logovac\u00edch s\u00faborov vyhodnocujeme v anonymizovanej podobe s cie\u013eom \u010falej zlep\u0161ova\u0165 na\u0161u webov\u00fa prezent\u00e1ciu a r\u00fdchlej\u0161ie vyh\u013ead\u00e1va\u0165 technick\u00e9 chyby.<\/p><p><strong>4. Google Analytics<\/strong><\/p><p>T\u00e1to webov\u00e1 str\u00e1nka pou\u017e\u00edva slu\u017ebu Google Analytics, ktor\u00fa poskytuje spolo\u010dnos\u0165 Google, Inc (\"Google\"). Slu\u017eba Google Analytics pou\u017e\u00edva \"cookies\", \u010do s\u00fa textov\u00e9 s\u00fabory umiestnen\u00e9 vo va\u0161om po\u010d\u00edta\u010di, ktor\u00e9 pom\u00e1haj\u00fa webovej str\u00e1nke analyzova\u0165, ako pou\u017e\u00edvatelia pou\u017e\u00edvaj\u00fa t\u00fato str\u00e1nku. Inform\u00e1cie o pou\u017e\u00edvan\u00ed tejto webovej lokality, ktor\u00e9 sa generuj\u00fa prostredn\u00edctvom s\u00faborov cookie, sa zvy\u010dajne pren\u00e1\u0161aj\u00fa na server spolo\u010dnosti Google v USA a tam sa ukladaj\u00fa. V pr\u00edpade, \u017ee je na tejto webovej lokalite aktivovan\u00e1 anonymiz\u00e1cia IP, spolo\u010dnos\u0165 Google v\u0161ak va\u0161u IP adresu v r\u00e1mci \u010dlensk\u00fdch \u0161t\u00e1tov Eur\u00f3pskej \u00fanie alebo in\u00fdch zmluvn\u00fdch \u0161t\u00e1tov Dohody o Eur\u00f3pskom hospod\u00e1rskom priestore vopred skr\u00e1ti. Iba vo v\u00fdnimo\u010dn\u00fdch pr\u00edpadoch bude cel\u00e1 IP adresa odoslan\u00e1 na server spolo\u010dnosti Google v USA a tam skr\u00e1ten\u00e1. V mene prev\u00e1dzkovate\u013ea tejto webovej str\u00e1nky bude spolo\u010dnos\u0165 Google pou\u017e\u00edva\u0165 tieto inform\u00e1cie na \u00fa\u010dely vyhodnocovania v\u00e1\u0161ho pou\u017e\u00edvania webovej str\u00e1nky, zostavovania spr\u00e1v o \u010dinnosti webovej str\u00e1nky a poskytovania \u010fal\u0161\u00edch slu\u017eieb s\u00favisiacich s \u010dinnos\u0165ou webovej str\u00e1nky a pou\u017e\u00edvan\u00edm internetu prev\u00e1dzkovate\u013eovi webovej str\u00e1nky. IP adresa odoslan\u00e1 va\u0161\u00edm prehliada\u010dom v r\u00e1mci slu\u017eby Google Analytics sa nebude sp\u00e1ja\u0165 s in\u00fdmi \u00fadajmi spolo\u010dnosti Google. Pou\u017e\u00edvanie s\u00faborov cookie m\u00f4\u017eete odmietnu\u0165 v\u00fdberom pr\u00edslu\u0161n\u00fdch nastaven\u00ed vo svojom prehliada\u010di, av\u0161ak upozor\u0148ujeme, \u017ee v takom pr\u00edpade nebudete m\u00f4c\u0165 vyu\u017e\u00edva\u0165 v\u0161etky funkcie tejto webovej lokality.<\/p><p>Zhroma\u017e\u010fovaniu \u00fadajov generovan\u00fdch s\u00faborom cookie a s\u00favisiacich s pou\u017e\u00edvan\u00edm webovej str\u00e1nky (vr\u00e1tane va\u0161ej IP adresy) spolo\u010dnos\u0165ou Google a spracovaniu t\u00fdchto \u00fadajov spolo\u010dnos\u0165ou Google m\u00f4\u017eete zabr\u00e1ni\u0165 aj stiahnut\u00edm a in\u0161tal\u00e1ciou doplnku prehliada\u010da, ktor\u00fd je k dispoz\u00edcii na tomto odkaze: http:\/\/tools.google.com\/dlpage\/gaoptout?hl=de<\/p><p>Pou\u017e\u00edvan\u00edm str\u00e1nky mannschaftsausfahrt.de s\u00fahlas\u00edte so spracovan\u00edm \u00fadajov o v\u00e1s spolo\u010dnos\u0165ou Google sp\u00f4sobom a na \u00fa\u010dely uveden\u00e9 vy\u0161\u0161ie.<\/p><p>Ak nechcete, aby sa inform\u00e1cie o va\u0161ej n\u00e1v\u0161teve webovej lokality pren\u00e1\u0161ali do slu\u017eby Google Analytics, m\u00e1te mo\u017enos\u0165 nain\u0161talova\u0165 si \"deaktiva\u010dn\u00fd doplnok\" pre svoj prehliada\u010d. Tento doplnok si m\u00f4\u017eete stiahnu\u0165 na adrese http:\/\/tools.google.com\/dlpage\/gaoptout?hl=de. Upozor\u0148ujeme v\u0161ak, \u017ee v s\u00fa\u010dasnosti je k dispoz\u00edcii len pre prehliada\u010de Microsoft Internet Explorer, Google Chrome, Mozilla Firefox, Apple Safari a Opera.<\/p><p>Bez v\u00e1\u0161ho v\u00fdslovn\u00e9ho s\u00fahlasu nebudeme pou\u017e\u00edva\u0165 n\u00e1stroje na sledovanie na zhroma\u017e\u010fovanie va\u0161ich nepozorovan\u00fdch osobn\u00fdch \u00fadajov, pren\u00e1\u0161a\u0165 tieto \u00fadaje poskytovate\u013eom tret\u00edch str\u00e1n a marketingov\u00fdm platform\u00e1m ani sp\u00e1ja\u0165 tieto \u00fadaje s va\u0161imi osobn\u00fdmi \u00fadajmi (meno, adresa at\u010f.).<\/p><p data-path-to-node=\"5\"><strong>5. pou\u017e\u00edvanie chatu WhatsApp na webovej str\u00e1nke<\/strong><\/p><p data-path-to-node=\"3\">Aby sme v\u00e1m mohli pon\u00faknu\u0165 r\u00fdchly a priamy komunika\u010dn\u00fd kan\u00e1l, m\u00f4\u017eeme pou\u017ei\u0165 <b>Tla\u010didlo chatu WhatsApp<\/b> alebo pr\u00edslu\u0161n\u00fd widget na na\u0161ej webovej str\u00e1nke. Pou\u017e\u00edvanie tejto slu\u017eby si vy\u017eaduje dodr\u017eiavanie osobitn\u00fdch predpisov o ochrane \u00fadajov:<\/p><ul data-path-to-node=\"4\"><li><p data-path-to-node=\"4,0,0\">Zodpovedn\u00fd poskytovate\u013e slu\u017eby: Slu\u017ebu WhatsApp pon\u00faka spolo\u010dnos\u0165 Meta Platforms, Inc. (predt\u00fdm Facebook Inc.) v USA. Na pou\u017e\u00edvanie slu\u017eby sa vz\u0165ahuj\u00fa z\u00e1sady ochrany osobn\u00fdch \u00fadajov spolo\u010dnosti Meta.<\/p><\/li><li><p data-path-to-node=\"4,1,0\">Prenos \u00fadajov: Hne\u010f ako kliknete na tla\u010didlo WhatsApp na na\u0161ej webovej str\u00e1nke a spust\u00edte chat, vytvor\u00ed sa spojenie so servermi Meta\/WhatsApp. V tomto procese sa m\u00f4\u017eu spolo\u010dnosti Meta pren\u00e1\u0161a\u0165 osobn\u00e9 \u00fadaje, najm\u00e4<\/p><ul data-path-to-node=\"4,1,1\"><li><p data-path-to-node=\"4,1,1,0,0\">Va\u0161e telef\u00f3nne \u010d\u00edslo a pr\u00edslu\u0161n\u00e9 ID aplik\u00e1cie WhatsApp.<\/p><\/li><li><p data-path-to-node=\"4,1,1,1,0\">Obsah odoslan\u00fdch spr\u00e1v.<\/p><\/li><li><p data-path-to-node=\"4,1,1,2,0\">Technick\u00e9 \u00fadaje (napr. \u010das chatu, typ zariadenia).<\/p><\/li><\/ul><\/li><li><p data-path-to-node=\"4,2,0\">Spracovanie zo strany BALLFREUNDE: Inform\u00e1cie, ktor\u00e9 n\u00e1m po\u0161lete prostredn\u00edctvom chatu WhatsApp (napr. meno, \u017eiados\u0165, kontaktn\u00e9 \u00fadaje), pou\u017eijeme a spracujeme v\u00fdlu\u010dne na spracovanie va\u0161ej \u017eiadosti alebo na spracovanie zmluvy (registr\u00e1cia na podujatia).<\/p><\/li><li><p data-path-to-node=\"4,3,0\">Pr\u00e1vny z\u00e1klad: Pou\u017e\u00edvanie chatu WhatsApp je dobrovo\u013en\u00e9 a je zalo\u017een\u00e9 na va\u0161om v\u00fdslovnom s\u00fahlase (\u010dl\u00e1nok 6 ods. 1 p\u00edsm. a GDPR), ktor\u00fd ude\u013eujete akt\u00edvnym spusten\u00edm chatu.<\/p><\/li><li><p data-path-to-node=\"4,4,0\">Va\u0161a kontrola: Ak chcete zabr\u00e1ni\u0165 prenosu \u00fadajov do Meta\/WhatsApp, pou\u017eite alternat\u00edvne mo\u017enosti kontaktu (napr. e-mail alebo telef\u00f3n, pozri \u010das\u0165 1). Upozor\u0148ujeme, \u017ee spolo\u010dnos\u0165 Meta\/WhatsApp ako americk\u00e1 spolo\u010dnos\u0165 sprac\u00fava \u00fadaje mimo rozsahu p\u00f4sobnosti GDPR.<\/p><\/li><\/ul><p data-path-to-node=\"5\"><b>Pozn\u00e1mka:<\/b> Na zhroma\u017e\u010fovanie a \u010fal\u0161ie spracovanie \u00fadajov spolo\u010dnos\u0165ou Meta\/WhatsApp nem\u00e1me \u017eiadny vplyv. Odpor\u00fa\u010dame v\u00e1m, aby ste si pred pou\u017eit\u00edm slu\u017eby pre\u010d\u00edtali z\u00e1sady ochrany osobn\u00fdch \u00fadajov Meta\/WhatsApp.<\/p><p><strong>6. pr\u00e1va dotknutej osoby na inform\u00e1cie<\/strong><\/p><p>Pod\u013ea nemeck\u00e9ho spolkov\u00e9ho z\u00e1kona o ochrane \u00fadajov m\u00e1te pr\u00e1vo na bezplatn\u00e9 inform\u00e1cie o svojich ulo\u017een\u00fdch \u00fadajoch a pr\u00edpadne pr\u00e1vo na opravu, zablokovanie alebo vymazanie \u00fadajov. Ochranu va\u0161ich \u00fadajov berieme ve\u013emi v\u00e1\u017ene. Aby ste zabezpe\u010dili, \u017ee osobn\u00e9 \u00fadaje nebud\u00fa poskytnut\u00e9 tret\u00edm stran\u00e1m, po\u0161lite svoju \u017eiados\u0165 e-mailom alebo po\u0161tou na adresu uveden\u00fa v bode 1.<\/p><\/div><\/div><\/div><\/div><\/div><\/div><\/div>\t\t\t\t\t\t\t\t<\/div>\n\t\t\t\t<\/div>\n\t\t\t\t\t<\/div>\n\t\t<\/div>\n\t\t\t\t\t<\/div>\n\t\t<\/section>\n\t\t\t\t<\/div>","protected":false},"excerpt":{"rendered":"<p>Datenschutzerkl\u00e4rung 1. Verantwortliche Stelle BALLFREUNDE GmbHGesch\u00e4ftsf\u00fchrer: Fabian Ziethmann Waldweg 1321465 Wentorf Tel.: +49 (0) 40 55895037E-Mail: info@ballfreunde.com 2. Erhebung, Verarbeitung und Nutzung personenbezogener Daten 2.1 Personenbezogene Daten Personenbezogene Daten sind Angaben \u00fcber sachliche oder pers\u00f6nliche Verh\u00e4ltnisse einer bestimmten oder bestimmbaren nat\u00fcrlichen Person. Hierunter fallen beispielsweise Name, Telefonnummer, Anschrift sowie s\u00e4mtliche Daten, welche Sie uns im [&hellip;]<\/p>","protected":false},"author":2,"featured_media":0,"parent":0,"menu_order":0,"comment_status":"closed","ping_status":"closed","template":"","meta":{"_jf_save_progress":"","footnotes":""},"class_list":["post-2329","page","type-page","status-publish","hentry"],"yoast_head":"<!-- This site is optimized with the Yoast SEO plugin v24.3 - https:\/\/yoast.com\/wordpress\/plugins\/seo\/ -->\n<title>Datenschutz - European Football Cup<\/title>\n<meta name=\"robots\" content=\"index, follow, max-snippet:-1, max-image-preview:large, max-video-preview:-1\" \/>\n<link rel=\"canonical\" href=\"https:\/\/www.europeanfootballcup.com\/sk\/wp-json\/wp\/v2\/pages\/2329\" \/>\n<meta property=\"og:locale\" content=\"sk_SK\" \/>\n<meta property=\"og:type\" content=\"article\" \/>\n<meta property=\"og:title\" content=\"Datenschutz - European Football Cup\" \/>\n<meta property=\"og:description\" content=\"Datenschutzerkl\u00e4rung 1. Verantwortliche Stelle BALLFREUNDE GmbHGesch\u00e4ftsf\u00fchrer: Fabian Ziethmann Waldweg 1321465 Wentorf Tel.: +49 (0) 40 55895037E-Mail: info@ballfreunde.com 2. Erhebung, Verarbeitung und Nutzung personenbezogener Daten 2.1 Personenbezogene Daten Personenbezogene Daten sind Angaben \u00fcber sachliche oder pers\u00f6nliche Verh\u00e4ltnisse einer bestimmten oder bestimmbaren nat\u00fcrlichen Person. Hierunter fallen beispielsweise Name, Telefonnummer, Anschrift sowie s\u00e4mtliche Daten, welche Sie uns im [&hellip;]\" \/>\n<meta property=\"og:url\" content=\"https:\/\/www.europeanfootballcup.com\/sk\/datenschutz\/\" \/>\n<meta property=\"og:site_name\" content=\"European Football Cup\" \/>\n<meta property=\"article:modified_time\" content=\"2025-12-05T15:57:32+00:00\" \/>\n<meta name=\"twitter:card\" content=\"summary_large_image\" \/>\n<meta name=\"twitter:label1\" content=\"Predpokladan\u00fd \u010das \u010d\u00edtania\" \/>\n\t<meta name=\"twitter:data1\" content=\"11 min\u00fat\" \/>\n<script type=\"application\/ld+json\" class=\"yoast-schema-graph\">{\"@context\":\"https:\/\/schema.org\",\"@graph\":[{\"@type\":\"WebPage\",\"@id\":\"https:\/\/www.europeanfootballcup.com\/datenschutz\/\",\"url\":\"https:\/\/www.europeanfootballcup.com\/datenschutz\/\",\"name\":\"Datenschutz - European Football Cup\",\"isPartOf\":{\"@id\":\"https:\/\/www.europeanfootballcup.com\/#website\"},\"datePublished\":\"2023-09-19T08:22:09+00:00\",\"dateModified\":\"2025-12-05T15:57:32+00:00\",\"breadcrumb\":{\"@id\":\"https:\/\/www.europeanfootballcup.com\/datenschutz\/#breadcrumb\"},\"inLanguage\":\"sk-SK\",\"potentialAction\":[{\"@type\":\"ReadAction\",\"target\":[\"https:\/\/www.europeanfootballcup.com\/datenschutz\/\"]}]},{\"@type\":\"BreadcrumbList\",\"@id\":\"https:\/\/www.europeanfootballcup.com\/datenschutz\/#breadcrumb\",\"itemListElement\":[{\"@type\":\"ListItem\",\"position\":1,\"name\":\"Home\",\"item\":\"https:\/\/www.europeanfootballcup.com\/\"},{\"@type\":\"ListItem\",\"position\":2,\"name\":\"Datenschutz\"}]},{\"@type\":\"WebSite\",\"@id\":\"https:\/\/www.europeanfootballcup.com\/#website\",\"url\":\"https:\/\/www.europeanfootballcup.com\/\",\"name\":\"European Football Cup\",\"description\":\"Europes biggest youth tournament series\",\"publisher\":{\"@id\":\"https:\/\/www.europeanfootballcup.com\/#organization\"},\"potentialAction\":[{\"@type\":\"SearchAction\",\"target\":{\"@type\":\"EntryPoint\",\"urlTemplate\":\"https:\/\/www.europeanfootballcup.com\/?s={search_term_string}\"},\"query-input\":{\"@type\":\"PropertyValueSpecification\",\"valueRequired\":true,\"valueName\":\"search_term_string\"}}],\"inLanguage\":\"sk-SK\"},{\"@type\":\"Organization\",\"@id\":\"https:\/\/www.europeanfootballcup.com\/#organization\",\"name\":\"European Football Cup\",\"url\":\"https:\/\/www.europeanfootballcup.com\/\",\"logo\":{\"@type\":\"ImageObject\",\"inLanguage\":\"sk-SK\",\"@id\":\"https:\/\/www.europeanfootballcup.com\/#\/schema\/logo\/image\/\",\"url\":\"https:\/\/www.europeanfootballcup.com\/wp-content\/uploads\/2023\/02\/cropped-Logo_European_Football_Cup_2023.png\",\"contentUrl\":\"https:\/\/www.europeanfootballcup.com\/wp-content\/uploads\/2023\/02\/cropped-Logo_European_Football_Cup_2023.png\",\"width\":266,\"height\":200,\"caption\":\"European Football Cup\"},\"image\":{\"@id\":\"https:\/\/www.europeanfootballcup.com\/#\/schema\/logo\/image\/\"}}]}<\/script>\n<!-- \/ Yoast SEO plugin. -->","yoast_head_json":{"title":"Datenschutz - European Football Cup","robots":{"index":"index","follow":"follow","max-snippet":"max-snippet:-1","max-image-preview":"max-image-preview:large","max-video-preview":"max-video-preview:-1"},"canonical":"https:\/\/www.europeanfootballcup.com\/sk\/wp-json\/wp\/v2\/pages\/2329","og_locale":"sk_SK","og_type":"article","og_title":"Datenschutz - European Football Cup","og_description":"Datenschutzerkl\u00e4rung 1. Verantwortliche Stelle BALLFREUNDE GmbHGesch\u00e4ftsf\u00fchrer: Fabian Ziethmann Waldweg 1321465 Wentorf Tel.: +49 (0) 40 55895037E-Mail: info@ballfreunde.com 2. Erhebung, Verarbeitung und Nutzung personenbezogener Daten 2.1 Personenbezogene Daten Personenbezogene Daten sind Angaben \u00fcber sachliche oder pers\u00f6nliche Verh\u00e4ltnisse einer bestimmten oder bestimmbaren nat\u00fcrlichen Person. Hierunter fallen beispielsweise Name, Telefonnummer, Anschrift sowie s\u00e4mtliche Daten, welche Sie uns im [&hellip;]","og_url":"https:\/\/www.europeanfootballcup.com\/sk\/datenschutz\/","og_site_name":"European Football Cup","article_modified_time":"2025-12-05T15:57:32+00:00","twitter_card":"summary_large_image","twitter_misc":{"Predpokladan\u00fd \u010das \u010d\u00edtania":"11 min\u00fat"},"schema":{"@context":"https:\/\/schema.org","@graph":[{"@type":"WebPage","@id":"https:\/\/www.europeanfootballcup.com\/datenschutz\/","url":"https:\/\/www.europeanfootballcup.com\/datenschutz\/","name":"Datenschutz - European Football Cup","isPartOf":{"@id":"https:\/\/www.europeanfootballcup.com\/#website"},"datePublished":"2023-09-19T08:22:09+00:00","dateModified":"2025-12-05T15:57:32+00:00","breadcrumb":{"@id":"https:\/\/www.europeanfootballcup.com\/datenschutz\/#breadcrumb"},"inLanguage":"sk-SK","potentialAction":[{"@type":"ReadAction","target":["https:\/\/www.europeanfootballcup.com\/datenschutz\/"]}]},{"@type":"BreadcrumbList","@id":"https:\/\/www.europeanfootballcup.com\/datenschutz\/#breadcrumb","itemListElement":[{"@type":"ListItem","position":1,"name":"Home","item":"https:\/\/www.europeanfootballcup.com\/"},{"@type":"ListItem","position":2,"name":"Datenschutz"}]},{"@type":"WebSite","@id":"https:\/\/www.europeanfootballcup.com\/#website","url":"https:\/\/www.europeanfootballcup.com\/","name":"European Football Cup","description":"Europes biggest youth tournament series","publisher":{"@id":"https:\/\/www.europeanfootballcup.com\/#organization"},"potentialAction":[{"@type":"SearchAction","target":{"@type":"EntryPoint","urlTemplate":"https:\/\/www.europeanfootballcup.com\/?s={search_term_string}"},"query-input":{"@type":"PropertyValueSpecification","valueRequired":true,"valueName":"search_term_string"}}],"inLanguage":"sk-SK"},{"@type":"Organization","@id":"https:\/\/www.europeanfootballcup.com\/#organization","name":"European Football Cup","url":"https:\/\/www.europeanfootballcup.com\/","logo":{"@type":"ImageObject","inLanguage":"sk-SK","@id":"https:\/\/www.europeanfootballcup.com\/#\/schema\/logo\/image\/","url":"https:\/\/www.europeanfootballcup.com\/wp-content\/uploads\/2023\/02\/cropped-Logo_European_Football_Cup_2023.png","contentUrl":"https:\/\/www.europeanfootballcup.com\/wp-content\/uploads\/2023\/02\/cropped-Logo_European_Football_Cup_2023.png","width":266,"height":200,"caption":"European Football Cup"},"image":{"@id":"https:\/\/www.europeanfootballcup.com\/#\/schema\/logo\/image\/"}}]}},"_links":{"self":[{"href":"https:\/\/www.europeanfootballcup.com\/sk\/wp-json\/wp\/v2\/pages\/2329","targetHints":{"allow":["GET"]}}],"collection":[{"href":"https:\/\/www.europeanfootballcup.com\/sk\/wp-json\/wp\/v2\/pages"}],"about":[{"href":"https:\/\/www.europeanfootballcup.com\/sk\/wp-json\/wp\/v2\/types\/page"}],"author":[{"embeddable":true,"href":"https:\/\/www.europeanfootballcup.com\/sk\/wp-json\/wp\/v2\/users\/2"}],"replies":[{"embeddable":true,"href":"https:\/\/www.europeanfootballcup.com\/sk\/wp-json\/wp\/v2\/comments?post=2329"}],"version-history":[{"count":3,"href":"https:\/\/www.europeanfootballcup.com\/sk\/wp-json\/wp\/v2\/pages\/2329\/revisions"}],"predecessor-version":[{"id":3366,"href":"https:\/\/www.europeanfootballcup.com\/sk\/wp-json\/wp\/v2\/pages\/2329\/revisions\/3366"}],"wp:attachment":[{"href":"https:\/\/www.europeanfootballcup.com\/sk\/wp-json\/wp\/v2\/media?parent=2329"}],"curies":[{"name":"wp","href":"https:\/\/api.w.org\/{rel}","templated":true}]}}