{"id":2329,"date":"2023-09-19T08:22:09","date_gmt":"2023-09-19T08:22:09","guid":{"rendered":"https:\/\/www.europeanfootballcup.com\/?page_id=2329"},"modified":"2025-12-05T15:57:32","modified_gmt":"2025-12-05T15:57:32","slug":"datenschutz","status":"publish","type":"page","link":"https:\/\/www.europeanfootballcup.com\/nl\/datenschutz\/","title":{"rendered":"Gegevensbescherming"},"content":{"rendered":"<div data-elementor-type=\"wp-page\" data-elementor-id=\"2329\" class=\"elementor elementor-2329\" data-elementor-post-type=\"page\">\n\t\t\t\t\t\t<section class=\"elementor-section elementor-top-section elementor-element elementor-element-dffbeb7 elementor-section-full_width elementor-section-stretched elementor-section-height-default elementor-section-height-default\" data-id=\"dffbeb7\" data-element_type=\"section\" data-settings=\"{&quot;jet_parallax_layout_list&quot;:[],&quot;stretch_section&quot;:&quot;section-stretched&quot;,&quot;background_background&quot;:&quot;classic&quot;}\">\n\t\t\t\t\t\t<div class=\"elementor-container elementor-column-gap-default\">\n\t\t\t\t\t<div class=\"elementor-column elementor-col-100 elementor-top-column elementor-element elementor-element-94fdabb\" data-id=\"94fdabb\" data-element_type=\"column\">\n\t\t\t<div class=\"elementor-widget-wrap elementor-element-populated\">\n\t\t\t\t\t\t<div class=\"elementor-element elementor-element-9ede503 elementor-widget elementor-widget-heading\" data-id=\"9ede503\" data-element_type=\"widget\" data-widget_type=\"heading.default\">\n\t\t\t\t<div class=\"elementor-widget-container\">\n\t\t\t\t\t<h2 class=\"elementor-heading-title elementor-size-default\">Privacybeleid<\/h2>\t\t\t\t<\/div>\n\t\t\t\t<\/div>\n\t\t\t\t<div class=\"elementor-element elementor-element-ce9fb35 elementor-widget elementor-widget-text-editor\" data-id=\"ce9fb35\" data-element_type=\"widget\" data-widget_type=\"text-editor.default\">\n\t\t\t\t<div class=\"elementor-widget-container\">\n\t\t\t\t\t\t\t\t\t<div id=\"content\" class=\"site-content\"><div class=\"site-content__wrap container\"><div class=\"row\"><div id=\"primary\" class=\"col-xs-12\"><div class=\"elementor-element elementor-element-a71005e elementor-widget elementor-widget-text-editor\" data-id=\"a71005e\" data-element_type=\"widget\" data-widget_type=\"text-editor.default\"><div class=\"elementor-widget-container\"><div class=\"elementor-text-editor elementor-clearfix\"><p><strong>1. verantwoordelijke instantie<\/strong><\/p><p>BALLFREUNDE GmbH<br \/>Algemeen directeur: Fabian Ziethmann<\/p><p>Waldweg 13<br \/>21465 Wentorf<\/p><p>Telefoon: +49 (0) 40 55895037<br \/>E-mail: info@ballfreunde.com<\/p><p><strong>2. verzamelen, verwerken en gebruiken van persoonlijke gegevens<\/strong><\/p><p><strong>2.1 Persoonlijke gegevens<\/strong><\/p><p>Persoonsgegevens zijn informatie over de feitelijke of persoonlijke omstandigheden van een ge\u00efdentificeerde of identificeerbare natuurlijke persoon. Hieronder vallen bijvoorbeeld naam, telefoonnummer, adres en alle gegevens die je aan ons verstrekt bij deelname aan onze evenementen.<\/p><p>Dit omvat geen geaggregeerde gegevens die we verzamelen, bijvoorbeeld wanneer u onze website bezoekt of in de vorm van tellingen bij evenementen op locatie, en die niet direct aan uw persoon kunnen worden gekoppeld.<\/p><p><strong>2.2 Verzameling, verwerking en gebruik van persoonlijke gegevens<\/strong><\/p><p>Wij verzamelen, bewaren en verwerken uw gegevens voor ondersteuning in de aanloop naar en tijdens deelname aan onze evenementen, inclusief eventuele garanties achteraf, voor onze diensten, technische administratie en onze eigen marketingdoeleinden. Je persoonlijke gegevens worden alleen doorgegeven of op andere wijze doorgegeven aan derden als dit noodzakelijk is voor de contractverwerking of facturering of als je hier vooraf toestemming voor hebt gegeven (we moeten bijvoorbeeld je naam doorgeven aan een hotel of luchtvaartmaatschappij als je via ons accommodatie of vervoersdiensten hebt geboekt, maar een derde bedrijf de desbetreffende dienst levert). In het kader van onze evenementen bijvoorbeeld, ontvangen de dienstverleners die wij hier gebruiken de noodzakelijke gegevens voor de orderverwerking. De gegevens die op deze manier worden doorgegeven, mogen alleen door onze dienstverleners worden gebruikt om hun taak uit te voeren. Elk ander gebruik van de gegevens is niet toegestaan en vindt niet plaats bij een van de dienstverleners die wij gebruiken. Uw persoonlijke gegevens worden verwijderd, tenzij wettelijke bewaarplichten dit verhinderen en als u een verzoek tot verwijdering hebt ingediend, als de gegevens niet langer nodig zijn voor het doel waarvoor ze zijn opgeslagen of als de opslag ervan om andere wettelijke redenen ontoelaatbaar is.<\/p><p><strong>2.3 Adverteren via e-mail<\/strong><\/p><p>Deelnemers aan onze evenementen ontvangen na hun deelname aanbevelingen en informatie over toekomstige evenementen van ons. Je ontvangt deze aanbevelingen automatisch van ons. Op deze manier willen we je informatie geven over onze diensten die interessant voor je kunnen zijn op basis van je deelname aan eerdere evenementen. Hierbij houden we ons strikt aan de wettelijke vereisten. Als u niet langer aanbevelingen of reclameboodschappen van ons wilt ontvangen, kunt u hier te allen tijde bezwaar tegen maken. Een bericht in tekstvorm naar de contactgegevens vermeld onder punt 1 (bijv. e-mail, fax, brief) is hiervoor voldoende. Natuurlijk vindt u in elke e-mail ook een afmeldlink.<\/p><p><strong>3. logbestanden<\/strong><\/p><p>Telkens wanneer onze website wordt bezocht, worden gebruiksgegevens doorgegeven door de desbetreffende webbrowser en opgeslagen in logbestanden, de zogenaamde serverlogbestanden. De opgeslagen gegevensrecords bevatten de volgende gegevens: Datum en tijd van toegang, naam van de opgeroepen pagina, IP-adres, referrer URL (URL vanwaar u naar de webpagina's bent gekomen), de hoeveelheid overgedragen gegevens en het product- en versienummer van de gebruikte browser. De IP-adressen van gebruikers worden na 30 dagen verwijderd of geanonimiseerd. In het geval van anonimisering worden de IP-adressen zodanig gewijzigd dat de individuele gegevens over persoonlijke of feitelijke omstandigheden niet meer kunnen worden toegewezen aan een specifieke of identificeerbare natuurlijke persoon, of alleen met een onevenredige hoeveelheid tijd, kosten en arbeid. Wij analyseren deze logbestanden in geanonimiseerde vorm om onze websites verder te verbeteren en technische fouten sneller op te sporen.<\/p><p><strong>4. google analytics<\/strong><\/p><p>Deze website maakt gebruik van Google Analytics, een webanalysedienst van Google Inc (\"Google\"). Google Analytics maakt gebruik van \"cookies\" (tekstbestandjes die op uw computer worden geplaatst) om de website te helpen analyseren hoe gebruikers de site gebruiken. De door de cookie gegenereerde informatie over uw gebruik van deze website wordt gewoonlijk doorgestuurd naar een server van Google in de VS en daar opgeslagen. Als IP-anonimisering op deze website is geactiveerd, wordt uw IP-adres echter eerst ingekort door Google binnen lidstaten van de Europese Unie of in andere landen die de Overeenkomst betreffende de Europese Economische Ruimte hebben ondertekend. Alleen in uitzonderlijke gevallen wordt het volledige IP-adres doorgestuurd naar een server van Google in de VS en daar ingekort. In opdracht van de beheerder van deze website zal Google deze informatie gebruiken om uw gebruik van de website te analyseren, om rapporten over de websiteactiviteiten samen te stellen en om andere met het websitegebruik en het internetgebruik verbonden diensten aan de websitebeheerder te leveren. Het IP-adres dat uw browser in het kader van Google Analytics doorgeeft, wordt niet samengevoegd met andere gegevens van Google. U kunt het gebruik van cookies weigeren door in uw browser de daarvoor ge\u00ebigende instellingen te kiezen. Wij wijzen u er echter op dat u in dat geval wellicht niet alle mogelijkheden van deze website kunt benutten.<\/p><p>U kunt ook voorkomen dat Google de gegevens verzamelt die door de cookie worden gegenereerd en die betrekking hebben op uw gebruik van de website (inclusief uw IP-adres) en dat deze gegevens door Google worden verwerkt door de browserplug-in te downloaden en te installeren die beschikbaar is via de volgende link: http:\/\/tools.google.com\/dlpage\/gaoptout?hl=de<\/p><p>Door gebruik te maken van mannschaftsausfahrt.de geeft u toestemming voor het verwerken van de over u verzamelde gegevens door Google op de wijze en voor de doeleinden zoals hiervoor omschreven.<\/p><p>Als u niet wilt dat informatie over uw websitebezoek wordt doorgegeven aan Google Analytics, kunt u een \"deactiveringsuitbreiding\" voor uw browser installeren. U kunt deze add-on downloaden op http:\/\/tools.google.com\/dlpage\/gaoptout?hl=de. Houd er echter rekening mee dat deze momenteel alleen beschikbaar is voor Microsoft Internet Explorer, Google Chrome, Mozilla Firefox, Apple Safari en Opera.<\/p><p>Zonder uw uitdrukkelijke toestemming zullen we de trackingtools niet gebruiken om ongemerkt persoonlijke gegevens over u te verzamelen, om dergelijke gegevens door te geven aan externe aanbieders en marketingplatforms of om de gegevens te koppelen aan uw persoonlijke gegevens (naam, adres, enz.).<\/p><p data-path-to-node=\"5\"><strong>5. gebruik van de WhatsApp chat op de website<\/strong><\/p><p data-path-to-node=\"3\">Om je een snel en direct communicatiekanaal te bieden, kunnen we gebruik maken van een <b>WhatsApp chatknop<\/b> of een overeenkomstige widget op onze website. Het gebruik van deze service vereist de naleving van speciale regelgeving inzake gegevensbescherming:<\/p><ul data-path-to-node=\"4\"><li><p data-path-to-node=\"4,0,0\">Verantwoordelijke dienstverlener: De WhatsApp-dienst wordt aangeboden door Meta Platforms, Inc. (voorheen Facebook Inc.) in de Verenigde Staten. Het privacybeleid van Meta is van toepassing op het gebruik van de dienst.<\/p><\/li><li><p data-path-to-node=\"4,1,0\">Gegevensoverdracht: Zodra je op de WhatsApp-knop op onze website klikt en de chat start, wordt er een verbinding gemaakt met de Meta\/WhatsApp-servers. Hierbij kunnen persoonlijke gegevens worden overgedragen aan Meta, in het bijzonder<\/p><ul data-path-to-node=\"4,1,1\"><li><p data-path-to-node=\"4,1,1,0,0\">Je telefoonnummer en de bijbehorende WhatsApp ID.<\/p><\/li><li><p data-path-to-node=\"4,1,1,1,0\">De inhoud van de berichten die je verstuurt.<\/p><\/li><li><p data-path-to-node=\"4,1,1,2,0\">Technische gegevens (bijv. tijdstip van de chat, apparaattype).<\/p><\/li><\/ul><\/li><li><p data-path-to-node=\"4,2,0\">Verwerking door BALLFREUNDE: De informatie die je ons stuurt via de WhatsApp-chat (bijv. naam, verzoek, contactgegevens) wordt door ons uitsluitend gebruikt en verwerkt voor de verwerking van je vraag of voor contractafhandeling (registratie voor evenementen).<\/p><\/li><li><p data-path-to-node=\"4,3,0\">Rechtsgrondslag: Het gebruik van de WhatsApp chat is vrijwillig en is gebaseerd op je uitdrukkelijke toestemming (art. 6 lid 1 letter a GDPR), die je geeft door de chat actief te starten.<\/p><\/li><li><p data-path-to-node=\"4,4,0\">Uw controle: Als u de overdracht van gegevens aan Meta\/WhatsApp wenst te voorkomen, gebruik dan alternatieve contactmogelijkheden (bijv. e-mail of telefoon, zie sectie 1). Houd er rekening mee dat Meta\/WhatsApp als Amerikaans bedrijf gegevens verwerkt die buiten het toepassingsgebied van de GDPR vallen.<\/p><\/li><\/ul><p data-path-to-node=\"5\"><b>Opmerking:<\/b> We hebben geen invloed op het verzamelen en verder verwerken van gegevens door Meta\/WhatsApp. We raden je aan het privacybeleid van Meta\/WhatsApp te lezen voordat je de dienst gebruikt.<\/p><p><strong>6. informatierechten van de betrokkene<\/strong><\/p><p>Volgens de Federale Wet Bescherming Persoonsgegevens heeft u recht op gratis informatie over uw opgeslagen gegevens en, indien nodig, recht op correctie, blokkering of verwijdering van gegevens. Wij nemen de bescherming van uw gegevens zeer serieus. Om ervoor te zorgen dat uw persoonlijke gegevens niet aan derden worden doorgegeven, kunt u uw vraag per e-mail of per post naar het onder punt 1 vermelde adres sturen.<\/p><\/div><\/div><\/div><\/div><\/div><\/div><\/div>\t\t\t\t\t\t\t\t<\/div>\n\t\t\t\t<\/div>\n\t\t\t\t\t<\/div>\n\t\t<\/div>\n\t\t\t\t\t<\/div>\n\t\t<\/section>\n\t\t\t\t<\/div>","protected":false},"excerpt":{"rendered":"<p>Verklaring gegevensbescherming 1. verantwoordelijke instantie BALLFREUNDE GmbHManaging Director: Fabian Ziethmann Waldweg 1321465 Wentorf Telefoon: +49 (0) 40 55895037E-Mail: info@ballfreunde.com 2. verzamelen, verwerken en gebruiken van persoonlijke gegevens 2.1 Persoonlijke gegevens Persoonlijke gegevens zijn informatie over feitelijke of persoonlijke omstandigheden van een ge\u00efdentificeerde of identificeerbare natuurlijke persoon. Hieronder vallen bijvoorbeeld naam, telefoonnummer, adres en alle gegevens die u aan ons verstrekt in de [...]<\/p>","protected":false},"author":2,"featured_media":0,"parent":0,"menu_order":0,"comment_status":"closed","ping_status":"closed","template":"","meta":{"_jf_save_progress":"","footnotes":""},"class_list":["post-2329","page","type-page","status-publish","hentry"],"yoast_head":"<!-- This site is optimized with the Yoast SEO plugin v24.3 - https:\/\/yoast.com\/wordpress\/plugins\/seo\/ -->\n<title>Datenschutz - European Football Cup<\/title>\n<meta name=\"robots\" content=\"index, follow, max-snippet:-1, max-image-preview:large, max-video-preview:-1\" \/>\n<link rel=\"canonical\" href=\"https:\/\/www.europeanfootballcup.com\/nl\/wp-json\/wp\/v2\/pages\/2329\" \/>\n<meta property=\"og:locale\" content=\"nl_NL\" \/>\n<meta property=\"og:type\" content=\"article\" \/>\n<meta property=\"og:title\" content=\"Datenschutz - European Football Cup\" \/>\n<meta property=\"og:description\" content=\"Datenschutzerkl\u00e4rung 1. Verantwortliche Stelle BALLFREUNDE GmbHGesch\u00e4ftsf\u00fchrer: Fabian Ziethmann Waldweg 1321465 Wentorf Tel.: +49 (0) 40 55895037E-Mail: info@ballfreunde.com 2. Erhebung, Verarbeitung und Nutzung personenbezogener Daten 2.1 Personenbezogene Daten Personenbezogene Daten sind Angaben \u00fcber sachliche oder pers\u00f6nliche Verh\u00e4ltnisse einer bestimmten oder bestimmbaren nat\u00fcrlichen Person. Hierunter fallen beispielsweise Name, Telefonnummer, Anschrift sowie s\u00e4mtliche Daten, welche Sie uns im [&hellip;]\" \/>\n<meta property=\"og:url\" content=\"https:\/\/www.europeanfootballcup.com\/nl\/datenschutz\/\" \/>\n<meta property=\"og:site_name\" content=\"European Football Cup\" \/>\n<meta property=\"article:modified_time\" content=\"2025-12-05T15:57:32+00:00\" \/>\n<meta name=\"twitter:card\" content=\"summary_large_image\" \/>\n<meta name=\"twitter:label1\" content=\"Geschatte leestijd\" \/>\n\t<meta name=\"twitter:data1\" content=\"11 minuten\" \/>\n<script type=\"application\/ld+json\" class=\"yoast-schema-graph\">{\"@context\":\"https:\/\/schema.org\",\"@graph\":[{\"@type\":\"WebPage\",\"@id\":\"https:\/\/www.europeanfootballcup.com\/datenschutz\/\",\"url\":\"https:\/\/www.europeanfootballcup.com\/datenschutz\/\",\"name\":\"Datenschutz - European Football Cup\",\"isPartOf\":{\"@id\":\"https:\/\/www.europeanfootballcup.com\/#website\"},\"datePublished\":\"2023-09-19T08:22:09+00:00\",\"dateModified\":\"2025-12-05T15:57:32+00:00\",\"breadcrumb\":{\"@id\":\"https:\/\/www.europeanfootballcup.com\/datenschutz\/#breadcrumb\"},\"inLanguage\":\"nl-NL\",\"potentialAction\":[{\"@type\":\"ReadAction\",\"target\":[\"https:\/\/www.europeanfootballcup.com\/datenschutz\/\"]}]},{\"@type\":\"BreadcrumbList\",\"@id\":\"https:\/\/www.europeanfootballcup.com\/datenschutz\/#breadcrumb\",\"itemListElement\":[{\"@type\":\"ListItem\",\"position\":1,\"name\":\"Home\",\"item\":\"https:\/\/www.europeanfootballcup.com\/\"},{\"@type\":\"ListItem\",\"position\":2,\"name\":\"Datenschutz\"}]},{\"@type\":\"WebSite\",\"@id\":\"https:\/\/www.europeanfootballcup.com\/#website\",\"url\":\"https:\/\/www.europeanfootballcup.com\/\",\"name\":\"European Football Cup\",\"description\":\"Europes biggest youth tournament series\",\"publisher\":{\"@id\":\"https:\/\/www.europeanfootballcup.com\/#organization\"},\"potentialAction\":[{\"@type\":\"SearchAction\",\"target\":{\"@type\":\"EntryPoint\",\"urlTemplate\":\"https:\/\/www.europeanfootballcup.com\/?s={search_term_string}\"},\"query-input\":{\"@type\":\"PropertyValueSpecification\",\"valueRequired\":true,\"valueName\":\"search_term_string\"}}],\"inLanguage\":\"nl-NL\"},{\"@type\":\"Organization\",\"@id\":\"https:\/\/www.europeanfootballcup.com\/#organization\",\"name\":\"European Football Cup\",\"url\":\"https:\/\/www.europeanfootballcup.com\/\",\"logo\":{\"@type\":\"ImageObject\",\"inLanguage\":\"nl-NL\",\"@id\":\"https:\/\/www.europeanfootballcup.com\/#\/schema\/logo\/image\/\",\"url\":\"https:\/\/www.europeanfootballcup.com\/wp-content\/uploads\/2023\/02\/cropped-Logo_European_Football_Cup_2023.png\",\"contentUrl\":\"https:\/\/www.europeanfootballcup.com\/wp-content\/uploads\/2023\/02\/cropped-Logo_European_Football_Cup_2023.png\",\"width\":266,\"height\":200,\"caption\":\"European Football Cup\"},\"image\":{\"@id\":\"https:\/\/www.europeanfootballcup.com\/#\/schema\/logo\/image\/\"}}]}<\/script>\n<!-- \/ Yoast SEO plugin. -->","yoast_head_json":{"title":"Datenschutz - European Football Cup","robots":{"index":"index","follow":"follow","max-snippet":"max-snippet:-1","max-image-preview":"max-image-preview:large","max-video-preview":"max-video-preview:-1"},"canonical":"https:\/\/www.europeanfootballcup.com\/nl\/wp-json\/wp\/v2\/pages\/2329","og_locale":"nl_NL","og_type":"article","og_title":"Datenschutz - European Football Cup","og_description":"Datenschutzerkl\u00e4rung 1. Verantwortliche Stelle BALLFREUNDE GmbHGesch\u00e4ftsf\u00fchrer: Fabian Ziethmann Waldweg 1321465 Wentorf Tel.: +49 (0) 40 55895037E-Mail: info@ballfreunde.com 2. Erhebung, Verarbeitung und Nutzung personenbezogener Daten 2.1 Personenbezogene Daten Personenbezogene Daten sind Angaben \u00fcber sachliche oder pers\u00f6nliche Verh\u00e4ltnisse einer bestimmten oder bestimmbaren nat\u00fcrlichen Person. Hierunter fallen beispielsweise Name, Telefonnummer, Anschrift sowie s\u00e4mtliche Daten, welche Sie uns im [&hellip;]","og_url":"https:\/\/www.europeanfootballcup.com\/nl\/datenschutz\/","og_site_name":"European Football Cup","article_modified_time":"2025-12-05T15:57:32+00:00","twitter_card":"summary_large_image","twitter_misc":{"Geschatte leestijd":"11 minuten"},"schema":{"@context":"https:\/\/schema.org","@graph":[{"@type":"WebPage","@id":"https:\/\/www.europeanfootballcup.com\/datenschutz\/","url":"https:\/\/www.europeanfootballcup.com\/datenschutz\/","name":"Datenschutz - European Football Cup","isPartOf":{"@id":"https:\/\/www.europeanfootballcup.com\/#website"},"datePublished":"2023-09-19T08:22:09+00:00","dateModified":"2025-12-05T15:57:32+00:00","breadcrumb":{"@id":"https:\/\/www.europeanfootballcup.com\/datenschutz\/#breadcrumb"},"inLanguage":"nl-NL","potentialAction":[{"@type":"ReadAction","target":["https:\/\/www.europeanfootballcup.com\/datenschutz\/"]}]},{"@type":"BreadcrumbList","@id":"https:\/\/www.europeanfootballcup.com\/datenschutz\/#breadcrumb","itemListElement":[{"@type":"ListItem","position":1,"name":"Home","item":"https:\/\/www.europeanfootballcup.com\/"},{"@type":"ListItem","position":2,"name":"Datenschutz"}]},{"@type":"WebSite","@id":"https:\/\/www.europeanfootballcup.com\/#website","url":"https:\/\/www.europeanfootballcup.com\/","name":"European Football Cup","description":"Europes biggest youth tournament series","publisher":{"@id":"https:\/\/www.europeanfootballcup.com\/#organization"},"potentialAction":[{"@type":"SearchAction","target":{"@type":"EntryPoint","urlTemplate":"https:\/\/www.europeanfootballcup.com\/?s={search_term_string}"},"query-input":{"@type":"PropertyValueSpecification","valueRequired":true,"valueName":"search_term_string"}}],"inLanguage":"nl-NL"},{"@type":"Organization","@id":"https:\/\/www.europeanfootballcup.com\/#organization","name":"European Football Cup","url":"https:\/\/www.europeanfootballcup.com\/","logo":{"@type":"ImageObject","inLanguage":"nl-NL","@id":"https:\/\/www.europeanfootballcup.com\/#\/schema\/logo\/image\/","url":"https:\/\/www.europeanfootballcup.com\/wp-content\/uploads\/2023\/02\/cropped-Logo_European_Football_Cup_2023.png","contentUrl":"https:\/\/www.europeanfootballcup.com\/wp-content\/uploads\/2023\/02\/cropped-Logo_European_Football_Cup_2023.png","width":266,"height":200,"caption":"European Football Cup"},"image":{"@id":"https:\/\/www.europeanfootballcup.com\/#\/schema\/logo\/image\/"}}]}},"_links":{"self":[{"href":"https:\/\/www.europeanfootballcup.com\/nl\/wp-json\/wp\/v2\/pages\/2329","targetHints":{"allow":["GET"]}}],"collection":[{"href":"https:\/\/www.europeanfootballcup.com\/nl\/wp-json\/wp\/v2\/pages"}],"about":[{"href":"https:\/\/www.europeanfootballcup.com\/nl\/wp-json\/wp\/v2\/types\/page"}],"author":[{"embeddable":true,"href":"https:\/\/www.europeanfootballcup.com\/nl\/wp-json\/wp\/v2\/users\/2"}],"replies":[{"embeddable":true,"href":"https:\/\/www.europeanfootballcup.com\/nl\/wp-json\/wp\/v2\/comments?post=2329"}],"version-history":[{"count":3,"href":"https:\/\/www.europeanfootballcup.com\/nl\/wp-json\/wp\/v2\/pages\/2329\/revisions"}],"predecessor-version":[{"id":3366,"href":"https:\/\/www.europeanfootballcup.com\/nl\/wp-json\/wp\/v2\/pages\/2329\/revisions\/3366"}],"wp:attachment":[{"href":"https:\/\/www.europeanfootballcup.com\/nl\/wp-json\/wp\/v2\/media?parent=2329"}],"curies":[{"name":"wp","href":"https:\/\/api.w.org\/{rel}","templated":true}]}}