{"id":2329,"date":"2023-09-19T08:22:09","date_gmt":"2023-09-19T08:22:09","guid":{"rendered":"https:\/\/www.europeanfootballcup.com\/?page_id=2329"},"modified":"2025-12-05T15:57:32","modified_gmt":"2025-12-05T15:57:32","slug":"datenschutz","status":"publish","type":"page","link":"https:\/\/www.europeanfootballcup.com\/nb\/datenschutz\/","title":{"rendered":"Personvern"},"content":{"rendered":"<div data-elementor-type=\"wp-page\" data-elementor-id=\"2329\" class=\"elementor elementor-2329\" data-elementor-post-type=\"page\">\n\t\t\t\t\t\t<section class=\"elementor-section elementor-top-section elementor-element elementor-element-dffbeb7 elementor-section-full_width elementor-section-stretched elementor-section-height-default elementor-section-height-default\" data-id=\"dffbeb7\" data-element_type=\"section\" data-settings=\"{&quot;jet_parallax_layout_list&quot;:[],&quot;stretch_section&quot;:&quot;section-stretched&quot;,&quot;background_background&quot;:&quot;classic&quot;}\">\n\t\t\t\t\t\t<div class=\"elementor-container elementor-column-gap-default\">\n\t\t\t\t\t<div class=\"elementor-column elementor-col-100 elementor-top-column elementor-element elementor-element-94fdabb\" data-id=\"94fdabb\" data-element_type=\"column\">\n\t\t\t<div class=\"elementor-widget-wrap elementor-element-populated\">\n\t\t\t\t\t\t<div class=\"elementor-element elementor-element-9ede503 elementor-widget elementor-widget-heading\" data-id=\"9ede503\" data-element_type=\"widget\" data-widget_type=\"heading.default\">\n\t\t\t\t<div class=\"elementor-widget-container\">\n\t\t\t\t\t<h2 class=\"elementor-heading-title elementor-size-default\">Retningslinjer for personvern<\/h2>\t\t\t\t<\/div>\n\t\t\t\t<\/div>\n\t\t\t\t<div class=\"elementor-element elementor-element-ce9fb35 elementor-widget elementor-widget-text-editor\" data-id=\"ce9fb35\" data-element_type=\"widget\" data-widget_type=\"text-editor.default\">\n\t\t\t\t<div class=\"elementor-widget-container\">\n\t\t\t\t\t\t\t\t\t<div id=\"content\" class=\"site-content\"><div class=\"site-content__wrap container\"><div class=\"row\"><div id=\"primary\" class=\"col-xs-12\"><div class=\"elementor-element elementor-element-a71005e elementor-widget elementor-widget-text-editor\" data-id=\"a71005e\" data-element_type=\"widget\" data-widget_type=\"text-editor.default\"><div class=\"elementor-widget-container\"><div class=\"elementor-text-editor elementor-clearfix\"><p><strong>1. ansvarlig organ<\/strong><\/p><p>BALLFREUNDE GmbH<br \/>Administrerende direkt\u00f8r: Fabian Ziethmann<\/p><p>Waldweg 13<br \/>21465 Wentorf<\/p><p>Telefon: +49 (0) 40 55895037<br \/>E-post: info@ballfreunde.com<\/p><p><strong>2. innsamling, behandling og bruk av personopplysninger<\/strong><\/p><p><strong>2.1 Personopplysninger<\/strong><\/p><p>Personopplysninger er informasjon om en identifisert eller identifiserbar fysisk persons faktiske eller personlige forhold. Dette omfatter for eksempel navn, telefonnummer, adresse og alle opplysninger du oppgir til oss n\u00e5r du deltar p\u00e5 v\u00e5re arrangementer.<\/p><p>Dette inkluderer ikke aggregerte data som vi samler inn, for eksempel n\u00e5r du bes\u00f8ker nettstedet v\u00e5rt eller i form av tellinger p\u00e5 arrangementer p\u00e5 stedet, og som ikke kan knyttes direkte til din person.<\/p><p><strong>2.2 Innsamling, behandling og bruk av personopplysninger<\/strong><\/p><p>Vi samler inn, lagrer og behandler opplysningene dine for \u00e5 kunne gi deg st\u00f8tte i forkant av og under deltakelsen i arrangementene v\u00e5re, inkludert eventuelle etterf\u00f8lgende garantier, for v\u00e5re tjenester, teknisk administrasjon og v\u00e5r egen markedsf\u00f8ring. Personopplysningene dine vil bare bli videreformidlet eller p\u00e5 annen m\u00e5te overf\u00f8rt til tredjeparter hvis dette er n\u00f8dvendig for kontraktsbehandling eller fakturering, eller hvis du p\u00e5 forh\u00e5nd har gitt ditt samtykke (for eksempel m\u00e5 vi videreformidle navnet ditt til et hotell eller flyselskap hvis du har bestilt overnatting eller transporttjenester gjennom oss, men et tredjepartsselskap leverer den tilsvarende tjenesten). I forbindelse med arrangementene v\u00e5re, for eksempel, mottar tjenesteleverand\u00f8rene vi bruker her de n\u00f8dvendige opplysningene for ordrebehandling. Opplysningene som overf\u00f8res p\u00e5 denne m\u00e5ten, kan kun brukes av v\u00e5re tjenesteleverand\u00f8rer til \u00e5 utf\u00f8re sine oppgaver. Enhver annen bruk av opplysningene er ikke tillatt og skjer ikke hos noen av tjenesteleverand\u00f8rene vi bruker. Personopplysningene dine vil bli slettet, med mindre lovbestemte oppbevaringsforpliktelser forhindrer dette, og hvis du har fremsatt krav om sletting, hvis opplysningene ikke lenger er n\u00f8dvendige for \u00e5 oppfylle form\u00e5let de ble lagret for, eller hvis lagringen av andre juridiske grunner er uakseptabel.<\/p><p><strong>2.3 Annonsering via e-post<\/strong><\/p><p>Deltakere p\u00e5 v\u00e5re arrangementer vil motta anbefalinger og informasjon om fremtidige arrangementer fra oss etter at de har deltatt. Du vil automatisk motta disse anbefalingene fra oss. P\u00e5 denne m\u00e5ten \u00f8nsker vi \u00e5 gi deg informasjon om v\u00e5re tjenester som kan v\u00e6re av interesse for deg basert p\u00e5 din deltakelse i tidligere arrangementer. P\u00e5 denne m\u00e5ten overholder vi strengt de juridiske kravene. Hvis du ikke lenger \u00f8nsker \u00e5 motta anbefalinger eller reklamemeldinger fra oss, kan du n\u00e5r som helst reservere deg mot dette. En melding i tekstform til kontaktopplysningene nevnt under punkt 1 (f.eks. e-post, faks, brev) er tilstrekkelig. Du finner selvf\u00f8lgelig ogs\u00e5 en avmeldingslenke i hver e-post.<\/p><p><strong>3. loggfiler<\/strong><\/p><p>Hver gang nettstedet v\u00e5rt \u00e5pnes, overf\u00f8res bruksdata fra den aktuelle nettleseren og lagres i loggfiler, de s\u00e5kalte serverloggfilene. De lagrede datapostene inneholder f\u00f8lgende data: Dato og klokkeslett for bes\u00f8ket, navnet p\u00e5 siden som ble bes\u00f8kt, IP-adresse, referrer URL (opprinnelses-URL som du kom til nettsidene fra), mengden data som ble overf\u00f8rt, samt produkt- og versjonsnummeret til nettleseren som ble brukt. Brukernes IP-adresser slettes eller anonymiseres etter 30 dager. Ved anonymisering endres IP-adressene p\u00e5 en slik m\u00e5te at de enkelte opplysningene om personlige eller faktiske forhold ikke lenger kan tilordnes en bestemt eller identifiserbar fysisk person, eller bare med en uforholdsmessig stor tids-, kostnads- og arbeidsinnsats. Vi analyserer disse loggfilene i anonymisert form for \u00e5 forbedre nettsidene v\u00e5re ytterligere og finne tekniske feil raskere.<\/p><p><strong>4. Google Analytics<\/strong><\/p><p>Dette nettstedet bruker Google Analytics, en webanalysetjeneste levert av Google Inc (\"Google\"). Google Analytics bruker \"cookies\", som er tekstfiler som plasseres p\u00e5 datamaskinen din, for \u00e5 hjelpe nettstedet med \u00e5 analysere hvordan brukerne bruker nettstedet. Informasjonen som genereres av informasjonskapselen om din bruk av dette nettstedet, overf\u00f8res vanligvis til en Google-server i USA og lagres der. Hvis IP-anonymisering er aktivert p\u00e5 dette nettstedet, vil imidlertid IP-adressen din bli forkortet av Google p\u00e5 forh\u00e5nd i EU-medlemsland eller i andre kontraherende stater i avtalen om Det europeiske \u00f8konomiske samarbeidsomr\u00e5det. Bare i unntakstilfeller vil hele IP-adressen bli overf\u00f8rt til en Google-server i USA og forkortet der. P\u00e5 vegne av operat\u00f8ren av dette nettstedet vil Google bruke denne informasjonen til \u00e5 analysere din bruk av nettstedet, til \u00e5 utarbeide rapporter om nettstedets aktivitet og til \u00e5 levere andre tjenester knyttet til nettstedets aktivitet og internettbruk til nettstedets operat\u00f8r. IP-adressen som overf\u00f8res av nettleseren din som en del av Google Analytics, vil ikke bli sl\u00e5tt sammen med andre Google-data. Du kan avvise bruken av informasjonskapsler ved \u00e5 velge de riktige innstillingene i nettleseren din, men v\u00e6r oppmerksom p\u00e5 at hvis du gj\u00f8r dette, kan det hende at du ikke kan bruke alle funksjonene p\u00e5 dette nettstedet.<\/p><p>Du kan ogs\u00e5 hindre Google i \u00e5 samle inn data som genereres av informasjonskapselen og som er relatert til din bruk av nettstedet (inkludert IP-adressen din), og i \u00e5 behandle disse dataene av Google ved \u00e5 laste ned og installere nettleser-plugin-modulen som er tilgjengelig p\u00e5 f\u00f8lgende lenke: http:\/\/tools.google.com\/dlpage\/gaoptout?hl=de.<\/p><p>Ved \u00e5 bruke mannschaftsausfahrt.de samtykker du til at Google behandler opplysninger om deg p\u00e5 den m\u00e5ten og til de form\u00e5lene som er beskrevet ovenfor.<\/p><p>Hvis du ikke \u00f8nsker at informasjon om bes\u00f8ket ditt p\u00e5 nettstedet skal overf\u00f8res til Google Analytics, kan du installere et \"deaktiveringstillegg\" for nettleseren din. Du kan laste ned dette tillegget p\u00e5 http:\/\/tools.google.com\/dlpage\/gaoptout?hl=de. V\u00e6r imidlertid oppmerksom p\u00e5 at dette for \u00f8yeblikket bare er tilgjengelig for Microsoft Internet Explorer, Google Chrome, Mozilla Firefox, Apple Safari og Opera.<\/p><p>Uten ditt uttrykkelige samtykke vil vi ikke bruke sporingsverkt\u00f8yene til \u00e5 samle inn personopplysninger om deg ubemerket, overf\u00f8re slike data til tredjepartsleverand\u00f8rer og markedsf\u00f8ringsplattformer eller koble dataene til dine personopplysninger (navn, adresse osv.).<\/p><p data-path-to-node=\"5\"><strong>5. bruk av WhatsApp-chatten p\u00e5 nettstedet<\/strong><\/p><p data-path-to-node=\"3\">For \u00e5 kunne tilby deg en rask og direkte kommunikasjonskanal, kan vi bruke en <b>WhatsApp chat-knapp<\/b> eller en tilsvarende widget p\u00e5 nettstedet v\u00e5rt. Bruk av denne tjenesten krever overholdelse av spesielle databeskyttelsesbestemmelser:<\/p><ul data-path-to-node=\"4\"><li><p data-path-to-node=\"4,0,0\">Ansvarlig tjenesteleverand\u00f8r: WhatsApp-tjenesten tilbys av Meta Platforms, Inc. (tidligere Facebook Inc.) i USA. Metas personvernerkl\u00e6ring gjelder for bruk av tjenesten.<\/p><\/li><li><p data-path-to-node=\"4,1,0\">Dataoverf\u00f8ring: S\u00e5 snart du klikker p\u00e5 WhatsApp-knappen p\u00e5 nettstedet v\u00e5rt og starter chatten, opprettes det en forbindelse til Meta\/WhatsApp-serverne. Personopplysninger kan overf\u00f8res til Meta i prosessen, spesielt<\/p><ul data-path-to-node=\"4,1,1\"><li><p data-path-to-node=\"4,1,1,0,0\">Telefonnummeret ditt og den tilh\u00f8rende WhatsApp-ID-en.<\/p><\/li><li><p data-path-to-node=\"4,1,1,1,0\">Innholdet i meldingene du sender.<\/p><\/li><li><p data-path-to-node=\"4,1,1,2,0\">Tekniske data (f.eks. tidspunkt for chatten, enhetstype).<\/p><\/li><\/ul><\/li><li><p data-path-to-node=\"4,2,0\">Behandling av BALLFREUNDE: Informasjonen du sender til oss via WhatsApp-chatten (f.eks. navn, foresp\u00f8rsel, kontaktinformasjon) vil utelukkende bli brukt og behandlet av oss for \u00e5 behandle foresp\u00f8rselen din eller for kontraktsbehandling (p\u00e5melding til arrangementer).<\/p><\/li><li><p data-path-to-node=\"4,3,0\">Rettslig grunnlag: Bruken av WhatsApp-chatten er frivillig og er basert p\u00e5 ditt uttrykkelige samtykke (art. 6 nr. 1 lit. a GDPR), som du gir ved aktivt \u00e5 starte chatten.<\/p><\/li><li><p data-path-to-node=\"4,4,0\">Din kontroll: Hvis du \u00f8nsker \u00e5 forhindre overf\u00f8ring av data til Meta\/WhatsApp, kan du bruke alternative kontaktalternativer (f.eks. e-post eller telefon, se avsnitt 1). V\u00e6r oppmerksom p\u00e5 at Meta\/WhatsApp, som et amerikansk selskap, behandler data utenfor GDPRs virkeomr\u00e5de.<\/p><\/li><\/ul><p data-path-to-node=\"5\"><b>Merk:<\/b> Vi har ingen innflytelse p\u00e5 datainnsamling og videre behandling av Meta\/WhatsApp. Vi anbefaler at du leser Meta\/WhatsApps personvernerkl\u00e6ring f\u00f8r du bruker tjenesten.<\/p><p><strong>6. den registrertes rett til informasjon<\/strong><\/p><p>I henhold til den f\u00f8derale databeskyttelsesloven har du rett til gratis informasjon om dine lagrede data og, om n\u00f8dvendig, rett til korrigering, blokkering eller sletting av data. Vi tar beskyttelsen av opplysningene dine sv\u00e6rt alvorlig. For \u00e5 sikre at personopplysningene dine ikke utleveres til tredjeparter, ber vi deg sende en foresp\u00f8rsel per e-post eller post til adressen som er oppgitt under punkt 1.<\/p><\/div><\/div><\/div><\/div><\/div><\/div><\/div>\t\t\t\t\t\t\t\t<\/div>\n\t\t\t\t<\/div>\n\t\t\t\t\t<\/div>\n\t\t<\/div>\n\t\t\t\t\t<\/div>\n\t\t<\/section>\n\t\t\t\t<\/div>","protected":false},"excerpt":{"rendered":"<p>Personvernerkl\u00e6ring 1. Ansvarlig organ BALLFREUNDE GmbHAdministrerende direkt\u00f8r: Fabian Ziethmann Waldweg 1321465 Wentorf Telefon: +49 (0) 40 55895037E-post: info@ballfreunde.com 2. Innsamling, behandling og bruk av personopplysninger 2.1 Personopplysninger Personopplysninger er informasjon om faktiske eller personlige forhold til en identifisert eller identifiserbar fysisk person. Dette omfatter for eksempel navn, telefonnummer, adresse og alle opplysninger som du gir oss i forbindelse med [...].<\/p>","protected":false},"author":2,"featured_media":0,"parent":0,"menu_order":0,"comment_status":"closed","ping_status":"closed","template":"","meta":{"_jf_save_progress":"","footnotes":""},"class_list":["post-2329","page","type-page","status-publish","hentry"],"yoast_head":"<!-- This site is optimized with the Yoast SEO plugin v24.3 - https:\/\/yoast.com\/wordpress\/plugins\/seo\/ -->\n<title>Datenschutz - European Football Cup<\/title>\n<meta name=\"robots\" content=\"index, follow, max-snippet:-1, max-image-preview:large, max-video-preview:-1\" \/>\n<link rel=\"canonical\" href=\"https:\/\/www.europeanfootballcup.com\/nb\/wp-json\/wp\/v2\/pages\/2329\" \/>\n<meta property=\"og:locale\" content=\"nb_NO\" \/>\n<meta property=\"og:type\" content=\"article\" \/>\n<meta property=\"og:title\" content=\"Datenschutz - European Football Cup\" \/>\n<meta property=\"og:description\" content=\"Datenschutzerkl\u00e4rung 1. Verantwortliche Stelle BALLFREUNDE GmbHGesch\u00e4ftsf\u00fchrer: Fabian Ziethmann Waldweg 1321465 Wentorf Tel.: +49 (0) 40 55895037E-Mail: info@ballfreunde.com 2. Erhebung, Verarbeitung und Nutzung personenbezogener Daten 2.1 Personenbezogene Daten Personenbezogene Daten sind Angaben \u00fcber sachliche oder pers\u00f6nliche Verh\u00e4ltnisse einer bestimmten oder bestimmbaren nat\u00fcrlichen Person. Hierunter fallen beispielsweise Name, Telefonnummer, Anschrift sowie s\u00e4mtliche Daten, welche Sie uns im [&hellip;]\" \/>\n<meta property=\"og:url\" content=\"https:\/\/www.europeanfootballcup.com\/nb\/datenschutz\/\" \/>\n<meta property=\"og:site_name\" content=\"European Football Cup\" \/>\n<meta property=\"article:modified_time\" content=\"2025-12-05T15:57:32+00:00\" \/>\n<meta name=\"twitter:card\" content=\"summary_large_image\" \/>\n<meta name=\"twitter:label1\" content=\"Ansl. lesetid\" \/>\n\t<meta name=\"twitter:data1\" content=\"11 minutter\" \/>\n<script type=\"application\/ld+json\" class=\"yoast-schema-graph\">{\"@context\":\"https:\/\/schema.org\",\"@graph\":[{\"@type\":\"WebPage\",\"@id\":\"https:\/\/www.europeanfootballcup.com\/datenschutz\/\",\"url\":\"https:\/\/www.europeanfootballcup.com\/datenschutz\/\",\"name\":\"Datenschutz - European Football Cup\",\"isPartOf\":{\"@id\":\"https:\/\/www.europeanfootballcup.com\/#website\"},\"datePublished\":\"2023-09-19T08:22:09+00:00\",\"dateModified\":\"2025-12-05T15:57:32+00:00\",\"breadcrumb\":{\"@id\":\"https:\/\/www.europeanfootballcup.com\/datenschutz\/#breadcrumb\"},\"inLanguage\":\"nb-NO\",\"potentialAction\":[{\"@type\":\"ReadAction\",\"target\":[\"https:\/\/www.europeanfootballcup.com\/datenschutz\/\"]}]},{\"@type\":\"BreadcrumbList\",\"@id\":\"https:\/\/www.europeanfootballcup.com\/datenschutz\/#breadcrumb\",\"itemListElement\":[{\"@type\":\"ListItem\",\"position\":1,\"name\":\"Home\",\"item\":\"https:\/\/www.europeanfootballcup.com\/\"},{\"@type\":\"ListItem\",\"position\":2,\"name\":\"Datenschutz\"}]},{\"@type\":\"WebSite\",\"@id\":\"https:\/\/www.europeanfootballcup.com\/#website\",\"url\":\"https:\/\/www.europeanfootballcup.com\/\",\"name\":\"European Football Cup\",\"description\":\"Europes biggest youth tournament series\",\"publisher\":{\"@id\":\"https:\/\/www.europeanfootballcup.com\/#organization\"},\"potentialAction\":[{\"@type\":\"SearchAction\",\"target\":{\"@type\":\"EntryPoint\",\"urlTemplate\":\"https:\/\/www.europeanfootballcup.com\/?s={search_term_string}\"},\"query-input\":{\"@type\":\"PropertyValueSpecification\",\"valueRequired\":true,\"valueName\":\"search_term_string\"}}],\"inLanguage\":\"nb-NO\"},{\"@type\":\"Organization\",\"@id\":\"https:\/\/www.europeanfootballcup.com\/#organization\",\"name\":\"European Football Cup\",\"url\":\"https:\/\/www.europeanfootballcup.com\/\",\"logo\":{\"@type\":\"ImageObject\",\"inLanguage\":\"nb-NO\",\"@id\":\"https:\/\/www.europeanfootballcup.com\/#\/schema\/logo\/image\/\",\"url\":\"https:\/\/www.europeanfootballcup.com\/wp-content\/uploads\/2023\/02\/cropped-Logo_European_Football_Cup_2023.png\",\"contentUrl\":\"https:\/\/www.europeanfootballcup.com\/wp-content\/uploads\/2023\/02\/cropped-Logo_European_Football_Cup_2023.png\",\"width\":266,\"height\":200,\"caption\":\"European Football Cup\"},\"image\":{\"@id\":\"https:\/\/www.europeanfootballcup.com\/#\/schema\/logo\/image\/\"}}]}<\/script>\n<!-- \/ Yoast SEO plugin. -->","yoast_head_json":{"title":"Datenschutz - European Football Cup","robots":{"index":"index","follow":"follow","max-snippet":"max-snippet:-1","max-image-preview":"max-image-preview:large","max-video-preview":"max-video-preview:-1"},"canonical":"https:\/\/www.europeanfootballcup.com\/nb\/wp-json\/wp\/v2\/pages\/2329","og_locale":"nb_NO","og_type":"article","og_title":"Datenschutz - European Football Cup","og_description":"Datenschutzerkl\u00e4rung 1. Verantwortliche Stelle BALLFREUNDE GmbHGesch\u00e4ftsf\u00fchrer: Fabian Ziethmann Waldweg 1321465 Wentorf Tel.: +49 (0) 40 55895037E-Mail: info@ballfreunde.com 2. Erhebung, Verarbeitung und Nutzung personenbezogener Daten 2.1 Personenbezogene Daten Personenbezogene Daten sind Angaben \u00fcber sachliche oder pers\u00f6nliche Verh\u00e4ltnisse einer bestimmten oder bestimmbaren nat\u00fcrlichen Person. Hierunter fallen beispielsweise Name, Telefonnummer, Anschrift sowie s\u00e4mtliche Daten, welche Sie uns im [&hellip;]","og_url":"https:\/\/www.europeanfootballcup.com\/nb\/datenschutz\/","og_site_name":"European Football Cup","article_modified_time":"2025-12-05T15:57:32+00:00","twitter_card":"summary_large_image","twitter_misc":{"Ansl. lesetid":"11 minutter"},"schema":{"@context":"https:\/\/schema.org","@graph":[{"@type":"WebPage","@id":"https:\/\/www.europeanfootballcup.com\/datenschutz\/","url":"https:\/\/www.europeanfootballcup.com\/datenschutz\/","name":"Datenschutz - European Football Cup","isPartOf":{"@id":"https:\/\/www.europeanfootballcup.com\/#website"},"datePublished":"2023-09-19T08:22:09+00:00","dateModified":"2025-12-05T15:57:32+00:00","breadcrumb":{"@id":"https:\/\/www.europeanfootballcup.com\/datenschutz\/#breadcrumb"},"inLanguage":"nb-NO","potentialAction":[{"@type":"ReadAction","target":["https:\/\/www.europeanfootballcup.com\/datenschutz\/"]}]},{"@type":"BreadcrumbList","@id":"https:\/\/www.europeanfootballcup.com\/datenschutz\/#breadcrumb","itemListElement":[{"@type":"ListItem","position":1,"name":"Home","item":"https:\/\/www.europeanfootballcup.com\/"},{"@type":"ListItem","position":2,"name":"Datenschutz"}]},{"@type":"WebSite","@id":"https:\/\/www.europeanfootballcup.com\/#website","url":"https:\/\/www.europeanfootballcup.com\/","name":"European Football Cup","description":"Europes biggest youth tournament series","publisher":{"@id":"https:\/\/www.europeanfootballcup.com\/#organization"},"potentialAction":[{"@type":"SearchAction","target":{"@type":"EntryPoint","urlTemplate":"https:\/\/www.europeanfootballcup.com\/?s={search_term_string}"},"query-input":{"@type":"PropertyValueSpecification","valueRequired":true,"valueName":"search_term_string"}}],"inLanguage":"nb-NO"},{"@type":"Organization","@id":"https:\/\/www.europeanfootballcup.com\/#organization","name":"European Football Cup","url":"https:\/\/www.europeanfootballcup.com\/","logo":{"@type":"ImageObject","inLanguage":"nb-NO","@id":"https:\/\/www.europeanfootballcup.com\/#\/schema\/logo\/image\/","url":"https:\/\/www.europeanfootballcup.com\/wp-content\/uploads\/2023\/02\/cropped-Logo_European_Football_Cup_2023.png","contentUrl":"https:\/\/www.europeanfootballcup.com\/wp-content\/uploads\/2023\/02\/cropped-Logo_European_Football_Cup_2023.png","width":266,"height":200,"caption":"European Football Cup"},"image":{"@id":"https:\/\/www.europeanfootballcup.com\/#\/schema\/logo\/image\/"}}]}},"_links":{"self":[{"href":"https:\/\/www.europeanfootballcup.com\/nb\/wp-json\/wp\/v2\/pages\/2329","targetHints":{"allow":["GET"]}}],"collection":[{"href":"https:\/\/www.europeanfootballcup.com\/nb\/wp-json\/wp\/v2\/pages"}],"about":[{"href":"https:\/\/www.europeanfootballcup.com\/nb\/wp-json\/wp\/v2\/types\/page"}],"author":[{"embeddable":true,"href":"https:\/\/www.europeanfootballcup.com\/nb\/wp-json\/wp\/v2\/users\/2"}],"replies":[{"embeddable":true,"href":"https:\/\/www.europeanfootballcup.com\/nb\/wp-json\/wp\/v2\/comments?post=2329"}],"version-history":[{"count":3,"href":"https:\/\/www.europeanfootballcup.com\/nb\/wp-json\/wp\/v2\/pages\/2329\/revisions"}],"predecessor-version":[{"id":3366,"href":"https:\/\/www.europeanfootballcup.com\/nb\/wp-json\/wp\/v2\/pages\/2329\/revisions\/3366"}],"wp:attachment":[{"href":"https:\/\/www.europeanfootballcup.com\/nb\/wp-json\/wp\/v2\/media?parent=2329"}],"curies":[{"name":"wp","href":"https:\/\/api.w.org\/{rel}","templated":true}]}}