{"id":2329,"date":"2023-09-19T08:22:09","date_gmt":"2023-09-19T08:22:09","guid":{"rendered":"https:\/\/www.europeanfootballcup.com\/?page_id=2329"},"modified":"2025-12-05T15:57:32","modified_gmt":"2025-12-05T15:57:32","slug":"datenschutz","status":"publish","type":"page","link":"https:\/\/www.europeanfootballcup.com\/it\/datenschutz\/","title":{"rendered":"Protezione dei dati"},"content":{"rendered":"<div data-elementor-type=\"wp-page\" data-elementor-id=\"2329\" class=\"elementor elementor-2329\" data-elementor-post-type=\"page\">\n\t\t\t\t\t\t<section class=\"elementor-section elementor-top-section elementor-element elementor-element-dffbeb7 elementor-section-full_width elementor-section-stretched elementor-section-height-default elementor-section-height-default\" data-id=\"dffbeb7\" data-element_type=\"section\" data-settings=\"{&quot;jet_parallax_layout_list&quot;:[],&quot;stretch_section&quot;:&quot;section-stretched&quot;,&quot;background_background&quot;:&quot;classic&quot;}\">\n\t\t\t\t\t\t<div class=\"elementor-container elementor-column-gap-default\">\n\t\t\t\t\t<div class=\"elementor-column elementor-col-100 elementor-top-column elementor-element elementor-element-94fdabb\" data-id=\"94fdabb\" data-element_type=\"column\">\n\t\t\t<div class=\"elementor-widget-wrap elementor-element-populated\">\n\t\t\t\t\t\t<div class=\"elementor-element elementor-element-9ede503 elementor-widget elementor-widget-heading\" data-id=\"9ede503\" data-element_type=\"widget\" data-widget_type=\"heading.default\">\n\t\t\t\t<div class=\"elementor-widget-container\">\n\t\t\t\t\t<h2 class=\"elementor-heading-title elementor-size-default\">Informativa sulla privacy<\/h2>\t\t\t\t<\/div>\n\t\t\t\t<\/div>\n\t\t\t\t<div class=\"elementor-element elementor-element-ce9fb35 elementor-widget elementor-widget-text-editor\" data-id=\"ce9fb35\" data-element_type=\"widget\" data-widget_type=\"text-editor.default\">\n\t\t\t\t<div class=\"elementor-widget-container\">\n\t\t\t\t\t\t\t\t\t<div id=\"content\" class=\"site-content\"><div class=\"site-content__wrap container\"><div class=\"row\"><div id=\"primary\" class=\"col-xs-12\"><div class=\"elementor-element elementor-element-a71005e elementor-widget elementor-widget-text-editor\" data-id=\"a71005e\" data-element_type=\"widget\" data-widget_type=\"text-editor.default\"><div class=\"elementor-widget-container\"><div class=\"elementor-text-editor elementor-clearfix\"><p><strong>1. organo responsabile<\/strong><\/p><p>BALLFREUNDE GmbH<br \/>Direttore generale: Fabian Ziethmann<\/p><p>Waldweg 13<br \/>21465 Wentorf<\/p><p>Telefono: +49 (0) 40 55895037<br \/>E-mail: info@ballfreunde.com<\/p><p><strong>2. raccolta, elaborazione e utilizzo dei dati personali<\/strong><\/p><p><strong>2.1 Dati personali<\/strong><\/p><p>I dati personali sono informazioni sulle circostanze di fatto o personali di una persona fisica identificata o identificabile. Si tratta, ad esempio, del nome, del numero di telefono, dell'indirizzo e di tutti i dati che ci fornite quando partecipate ai nostri eventi.<\/p><p>Questo non include i dati aggregati che raccogliamo, ad esempio, quando visitate il nostro sito web o sotto forma di conteggi in occasione di eventi in loco, e che non possono essere collegati direttamente alla vostra persona.<\/p><p><strong>2.2 Raccolta, trattamento e utilizzo dei dati personali<\/strong><\/p><p>Raccogliamo, memorizziamo ed elaboriamo i vostri dati per l'assistenza durante la preparazione e la partecipazione ai nostri eventi, comprese le garanzie successive, per i nostri servizi, per l'amministrazione tecnica e per i nostri scopi di marketing. I vostri dati personali verranno ceduti o trasmessi in altro modo a terzi solo se ci\u00f2 \u00e8 necessario ai fini dell'elaborazione del contratto o della fatturazione o se avete dato il vostro consenso preventivo (ad esempio, dobbiamo comunicare il vostro nome a un hotel o a una compagnia aerea se avete prenotato l'alloggio o i servizi di trasporto tramite noi, ma una societ\u00e0 terza fornisce il servizio corrispondente). Nell'ambito dei nostri eventi, ad esempio, i fornitori di servizi di cui ci avvaliamo ricevono i dati necessari per l'elaborazione degli ordini. I dati cos\u00ec trasmessi possono essere utilizzati dai nostri fornitori di servizi solo per svolgere il loro compito. Qualsiasi altro utilizzo delle informazioni non \u00e8 consentito e non avviene presso i fornitori di servizi da noi utilizzati. I vostri dati personali saranno cancellati, a meno che gli obblighi di conservazione previsti dalla legge non lo impediscano e se avete fatto valere una richiesta di cancellazione, se i dati non sono pi\u00f9 necessari per adempiere allo scopo per cui sono stati memorizzati o se la loro conservazione \u00e8 inammissibile per altri motivi legali.<\/p><p><strong>2.3 Pubblicit\u00e0 via e-mail<\/strong><\/p><p>I partecipanti ai nostri eventi riceveranno da noi raccomandazioni e informazioni su eventi futuri dopo la loro partecipazione. Riceverete automaticamente queste raccomandazioni da parte nostra. In questo modo, vogliamo fornirvi informazioni sui nostri servizi che potrebbero interessarvi in base alla vostra partecipazione agli eventi passati. Nel farlo, ci atteniamo rigorosamente ai requisiti di legge. Se non desiderate pi\u00f9 ricevere raccomandazioni o messaggi pubblicitari da parte nostra, potete opporvi in qualsiasi momento. A tal fine \u00e8 sufficiente un messaggio in forma di testo ai recapiti indicati al punto 1 (ad es. e-mail, fax, lettera). Naturalmente, in ogni e-mail troverete anche un link di cancellazione.<\/p><p><strong>3. file di log<\/strong><\/p><p>Ogni volta che si accede al nostro sito web, i dati di utilizzo vengono trasmessi dal rispettivo browser web e memorizzati in file di log, i cosiddetti file di log del server. I record di dati memorizzati contengono i seguenti dati: Data e ora dell'accesso, nome della pagina visitata, indirizzo IP, URL di riferimento (URL di origine da cui siete arrivati alle pagine web), quantit\u00e0 di dati trasferiti, nonch\u00e9 il numero di prodotto e di versione del browser utilizzato. Gli indirizzi IP degli utenti vengono cancellati o resi anonimi dopo 30 giorni. In caso di anonimizzazione, gli indirizzi IP vengono modificati in modo tale che i singoli dettagli relativi a circostanze personali o fattuali non possano pi\u00f9 essere assegnati a una persona fisica specifica o identificabile, o solo con un dispendio di tempo, costi e lavoro sproporzionato. Analizziamo i dati dei file di log in forma anonima per migliorare ulteriormente i nostri siti web e individuare pi\u00f9 rapidamente gli errori tecnici.<\/p><p><strong>4. google analytics<\/strong><\/p><p>Questo sito web utilizza Google Analytics, un servizio di analisi web fornito da Google Inc (\"Google\"). Google Analytics utilizza dei \"cookies\", file di testo che vengono depositati sul vostro computer per consentire al sito web di analizzare come gli utenti utilizzano il sito. Le informazioni generate dal cookie sull'utilizzo del sito web da parte dell'utente vengono solitamente trasmesse a un server di Google negli Stati Uniti e l\u00ec memorizzate. Tuttavia, se su questo sito web \u00e8 attivata l'anonimizzazione dell'IP, il vostro indirizzo IP viene prima troncato da Google all'interno degli Stati membri dell'Unione Europea o in altri Stati firmatari dell'Accordo sullo Spazio Economico Europeo. Solo in casi eccezionali l'indirizzo IP completo verr\u00e0 trasmesso a un server di Google negli Stati Uniti e l\u00ec troncato. Google utilizzer\u00e0 queste informazioni per conto del gestore di questo sito web per analizzare l'utilizzo del sito web da parte dell'utente, per redigere rapporti sulle attivit\u00e0 del sito web e per fornire al gestore del sito web altri servizi relativi alle attivit\u00e0 del sito web e all'utilizzo di Internet. L'indirizzo IP trasmesso dal vostro browser nell'ambito di Google Analytics non verr\u00e0 unito ad altri dati di Google. Potete rifiutarvi di usare i cookie selezionando l'impostazione appropriata sul vostro browser, ma vi ricordiamo che in tal caso potreste non essere in grado di utilizzare tutte le funzionalit\u00e0 di questo sito web.<\/p><p>Potete inoltre impedire a Google di raccogliere i dati generati dal cookie e relativi al vostro utilizzo del sito web (compreso il vostro indirizzo IP) e di elaborarli da parte di Google scaricando e installando il plug-in del browser disponibile al seguente link: http:\/\/tools.google.com\/dlpage\/gaoptout?hl=de<\/p><p>Utilizzando mannschaftsausfahrt.de, acconsentite al trattamento dei vostri dati da parte di Google per le modalit\u00e0 e i fini sopraindicati.<\/p><p>Se non volete che le informazioni sulle vostre visite al sito web vengano trasmesse a Google Analytics, avete la possibilit\u00e0 di installare un \"componente aggiuntivo di disattivazione\" per il vostro browser. Questo componente aggiuntivo pu\u00f2 essere scaricato dal sito http:\/\/tools.google.com\/dlpage\/gaoptout?hl=de. Si noti, tuttavia, che attualmente \u00e8 disponibile solo per Microsoft Internet Explorer, Google Chrome, Mozilla Firefox, Apple Safari e Opera.<\/p><p>Senza il vostro esplicito consenso, non utilizzeremo gli strumenti di tracciamento per raccogliere dati personali su di voi inosservati, per trasmettere tali dati a fornitori terzi e piattaforme di marketing o per collegare i dati con i vostri dati personali (nome, indirizzo, ecc.).<\/p><p data-path-to-node=\"5\"><strong>5. utilizzo della chat di WhatsApp sul sito web<\/strong><\/p><p data-path-to-node=\"3\">Per offrirvi un canale di comunicazione veloce e diretto, potremmo utilizzare un <b>Pulsante chat di WhatsApp<\/b> o un widget corrispondente sul nostro sito web. L'utilizzo di questo servizio richiede l'osservanza di particolari norme sulla protezione dei dati:<\/p><ul data-path-to-node=\"4\"><li><p data-path-to-node=\"4,0,0\">Fornitore responsabile del servizio: Il servizio WhatsApp \u00e8 offerto da Meta Platforms, Inc. (ex Facebook Inc.) negli Stati Uniti. La politica sulla privacy di Meta si applica all'uso del servizio.<\/p><\/li><li><p data-path-to-node=\"4,1,0\">Trasmissione dei dati: non appena si clicca sul pulsante WhatsApp sul nostro sito web e si avvia la chat, viene stabilita una connessione ai server Meta\/WhatsApp. Nel corso di questo processo possono essere trasmessi a Meta dei dati personali, in particolare<\/p><ul data-path-to-node=\"4,1,1\"><li><p data-path-to-node=\"4,1,1,0,0\">Il vostro numero di telefono e l'ID WhatsApp corrispondente.<\/p><\/li><li><p data-path-to-node=\"4,1,1,1,0\">Il contenuto dei messaggi inviati.<\/p><\/li><li><p data-path-to-node=\"4,1,1,2,0\">Dati tecnici (ad es. ora della chat, tipo di dispositivo).<\/p><\/li><\/ul><\/li><li><p data-path-to-node=\"4,2,0\">Elaborazione da parte di BALLFREUNDE: le informazioni che ci inviate tramite la chat di WhatsApp (ad es. nome, richiesta, dati di contatto) saranno utilizzate ed elaborate da noi esclusivamente per elaborare la vostra richiesta o per l'elaborazione del contratto (registrazione agli eventi).<\/p><\/li><li><p data-path-to-node=\"4,3,0\">Base giuridica: L'utilizzo della chat di WhatsApp \u00e8 volontario e si basa sul vostro consenso esplicito (art. 6 par. 1 lett. a GDPR), che date avviando attivamente la chat.<\/p><\/li><li><p data-path-to-node=\"4,4,0\">Il vostro controllo: se desiderate impedire il trasferimento dei dati a Meta\/WhatsApp, vi preghiamo di utilizzare opzioni di contatto alternative (ad es. e-mail o telefono, vedi sezione 1). Si noti che Meta\/WhatsApp, in quanto societ\u00e0 statunitense, tratta i dati al di fuori dell'ambito di applicazione del GDPR.<\/p><\/li><\/ul><p data-path-to-node=\"5\"><b>Nota:<\/b> Non abbiamo alcuna influenza sulla raccolta e sull'ulteriore elaborazione dei dati da parte di Meta\/WhatsApp. Vi consigliamo di leggere l'informativa sulla privacy di Meta\/WhatsApp prima di utilizzare il servizio.<\/p><p><strong>6. diritti di informazione dell'interessato<\/strong><\/p><p>Ai sensi della legge federale sulla protezione dei dati, avete il diritto di ricevere gratuitamente informazioni sui vostri dati memorizzati e, se necessario, il diritto alla correzione, al blocco o alla cancellazione dei dati. Prendiamo molto sul serio la protezione dei vostri dati. Per garantire che i dati personali non vengano divulgati a terzi, vi preghiamo di inviare la vostra richiesta per e-mail o per posta all'indirizzo indicato al punto 1.<\/p><\/div><\/div><\/div><\/div><\/div><\/div><\/div>\t\t\t\t\t\t\t\t<\/div>\n\t\t\t\t<\/div>\n\t\t\t\t\t<\/div>\n\t\t<\/div>\n\t\t\t\t\t<\/div>\n\t\t<\/section>\n\t\t\t\t<\/div>","protected":false},"excerpt":{"rendered":"<p>Dichiarazione sulla protezione dei dati 1. ente responsabile BALLFREUNDE GmbHDirettore generale: Fabian Ziethmann Waldweg 1321465 Wentorf Telefono: +49 (0) 40 55895037E-Mail: info@ballfreunde.com 2. raccolta, elaborazione e utilizzo dei dati personali 2.1 Dati personali I dati personali sono informazioni su circostanze di fatto o personali di una persona fisica identificata o identificabile. Si tratta, ad esempio, di nome, numero di telefono, indirizzo e di tutti i dati che ci fornite nel [...]<\/p>","protected":false},"author":2,"featured_media":0,"parent":0,"menu_order":0,"comment_status":"closed","ping_status":"closed","template":"","meta":{"_jf_save_progress":"","footnotes":""},"class_list":["post-2329","page","type-page","status-publish","hentry"],"yoast_head":"<!-- This site is optimized with the Yoast SEO plugin v24.3 - https:\/\/yoast.com\/wordpress\/plugins\/seo\/ -->\n<title>Datenschutz - European Football Cup<\/title>\n<meta name=\"robots\" content=\"index, follow, max-snippet:-1, max-image-preview:large, max-video-preview:-1\" \/>\n<link rel=\"canonical\" href=\"https:\/\/www.europeanfootballcup.com\/it\/wp-json\/wp\/v2\/pages\/2329\" \/>\n<meta property=\"og:locale\" content=\"it_IT\" \/>\n<meta property=\"og:type\" content=\"article\" \/>\n<meta property=\"og:title\" content=\"Datenschutz - European Football Cup\" \/>\n<meta property=\"og:description\" content=\"Datenschutzerkl\u00e4rung 1. Verantwortliche Stelle BALLFREUNDE GmbHGesch\u00e4ftsf\u00fchrer: Fabian Ziethmann Waldweg 1321465 Wentorf Tel.: +49 (0) 40 55895037E-Mail: info@ballfreunde.com 2. Erhebung, Verarbeitung und Nutzung personenbezogener Daten 2.1 Personenbezogene Daten Personenbezogene Daten sind Angaben \u00fcber sachliche oder pers\u00f6nliche Verh\u00e4ltnisse einer bestimmten oder bestimmbaren nat\u00fcrlichen Person. Hierunter fallen beispielsweise Name, Telefonnummer, Anschrift sowie s\u00e4mtliche Daten, welche Sie uns im [&hellip;]\" \/>\n<meta property=\"og:url\" content=\"https:\/\/www.europeanfootballcup.com\/it\/datenschutz\/\" \/>\n<meta property=\"og:site_name\" content=\"European Football Cup\" \/>\n<meta property=\"article:modified_time\" content=\"2025-12-05T15:57:32+00:00\" \/>\n<meta name=\"twitter:card\" content=\"summary_large_image\" \/>\n<meta name=\"twitter:label1\" content=\"Tempo di lettura stimato\" \/>\n\t<meta name=\"twitter:data1\" content=\"11 minuti\" \/>\n<script type=\"application\/ld+json\" class=\"yoast-schema-graph\">{\"@context\":\"https:\/\/schema.org\",\"@graph\":[{\"@type\":\"WebPage\",\"@id\":\"https:\/\/www.europeanfootballcup.com\/datenschutz\/\",\"url\":\"https:\/\/www.europeanfootballcup.com\/datenschutz\/\",\"name\":\"Datenschutz - European Football Cup\",\"isPartOf\":{\"@id\":\"https:\/\/www.europeanfootballcup.com\/#website\"},\"datePublished\":\"2023-09-19T08:22:09+00:00\",\"dateModified\":\"2025-12-05T15:57:32+00:00\",\"breadcrumb\":{\"@id\":\"https:\/\/www.europeanfootballcup.com\/datenschutz\/#breadcrumb\"},\"inLanguage\":\"it-IT\",\"potentialAction\":[{\"@type\":\"ReadAction\",\"target\":[\"https:\/\/www.europeanfootballcup.com\/datenschutz\/\"]}]},{\"@type\":\"BreadcrumbList\",\"@id\":\"https:\/\/www.europeanfootballcup.com\/datenschutz\/#breadcrumb\",\"itemListElement\":[{\"@type\":\"ListItem\",\"position\":1,\"name\":\"Home\",\"item\":\"https:\/\/www.europeanfootballcup.com\/\"},{\"@type\":\"ListItem\",\"position\":2,\"name\":\"Datenschutz\"}]},{\"@type\":\"WebSite\",\"@id\":\"https:\/\/www.europeanfootballcup.com\/#website\",\"url\":\"https:\/\/www.europeanfootballcup.com\/\",\"name\":\"European Football Cup\",\"description\":\"Europes biggest youth tournament series\",\"publisher\":{\"@id\":\"https:\/\/www.europeanfootballcup.com\/#organization\"},\"potentialAction\":[{\"@type\":\"SearchAction\",\"target\":{\"@type\":\"EntryPoint\",\"urlTemplate\":\"https:\/\/www.europeanfootballcup.com\/?s={search_term_string}\"},\"query-input\":{\"@type\":\"PropertyValueSpecification\",\"valueRequired\":true,\"valueName\":\"search_term_string\"}}],\"inLanguage\":\"it-IT\"},{\"@type\":\"Organization\",\"@id\":\"https:\/\/www.europeanfootballcup.com\/#organization\",\"name\":\"European Football Cup\",\"url\":\"https:\/\/www.europeanfootballcup.com\/\",\"logo\":{\"@type\":\"ImageObject\",\"inLanguage\":\"it-IT\",\"@id\":\"https:\/\/www.europeanfootballcup.com\/#\/schema\/logo\/image\/\",\"url\":\"https:\/\/www.europeanfootballcup.com\/wp-content\/uploads\/2023\/02\/cropped-Logo_European_Football_Cup_2023.png\",\"contentUrl\":\"https:\/\/www.europeanfootballcup.com\/wp-content\/uploads\/2023\/02\/cropped-Logo_European_Football_Cup_2023.png\",\"width\":266,\"height\":200,\"caption\":\"European Football Cup\"},\"image\":{\"@id\":\"https:\/\/www.europeanfootballcup.com\/#\/schema\/logo\/image\/\"}}]}<\/script>\n<!-- \/ Yoast SEO plugin. -->","yoast_head_json":{"title":"Datenschutz - European Football Cup","robots":{"index":"index","follow":"follow","max-snippet":"max-snippet:-1","max-image-preview":"max-image-preview:large","max-video-preview":"max-video-preview:-1"},"canonical":"https:\/\/www.europeanfootballcup.com\/it\/wp-json\/wp\/v2\/pages\/2329","og_locale":"it_IT","og_type":"article","og_title":"Datenschutz - European Football Cup","og_description":"Datenschutzerkl\u00e4rung 1. Verantwortliche Stelle BALLFREUNDE GmbHGesch\u00e4ftsf\u00fchrer: Fabian Ziethmann Waldweg 1321465 Wentorf Tel.: +49 (0) 40 55895037E-Mail: info@ballfreunde.com 2. Erhebung, Verarbeitung und Nutzung personenbezogener Daten 2.1 Personenbezogene Daten Personenbezogene Daten sind Angaben \u00fcber sachliche oder pers\u00f6nliche Verh\u00e4ltnisse einer bestimmten oder bestimmbaren nat\u00fcrlichen Person. Hierunter fallen beispielsweise Name, Telefonnummer, Anschrift sowie s\u00e4mtliche Daten, welche Sie uns im [&hellip;]","og_url":"https:\/\/www.europeanfootballcup.com\/it\/datenschutz\/","og_site_name":"European Football Cup","article_modified_time":"2025-12-05T15:57:32+00:00","twitter_card":"summary_large_image","twitter_misc":{"Tempo di lettura stimato":"11 minuti"},"schema":{"@context":"https:\/\/schema.org","@graph":[{"@type":"WebPage","@id":"https:\/\/www.europeanfootballcup.com\/datenschutz\/","url":"https:\/\/www.europeanfootballcup.com\/datenschutz\/","name":"Datenschutz - European Football Cup","isPartOf":{"@id":"https:\/\/www.europeanfootballcup.com\/#website"},"datePublished":"2023-09-19T08:22:09+00:00","dateModified":"2025-12-05T15:57:32+00:00","breadcrumb":{"@id":"https:\/\/www.europeanfootballcup.com\/datenschutz\/#breadcrumb"},"inLanguage":"it-IT","potentialAction":[{"@type":"ReadAction","target":["https:\/\/www.europeanfootballcup.com\/datenschutz\/"]}]},{"@type":"BreadcrumbList","@id":"https:\/\/www.europeanfootballcup.com\/datenschutz\/#breadcrumb","itemListElement":[{"@type":"ListItem","position":1,"name":"Home","item":"https:\/\/www.europeanfootballcup.com\/"},{"@type":"ListItem","position":2,"name":"Datenschutz"}]},{"@type":"WebSite","@id":"https:\/\/www.europeanfootballcup.com\/#website","url":"https:\/\/www.europeanfootballcup.com\/","name":"European Football Cup","description":"Europes biggest youth tournament series","publisher":{"@id":"https:\/\/www.europeanfootballcup.com\/#organization"},"potentialAction":[{"@type":"SearchAction","target":{"@type":"EntryPoint","urlTemplate":"https:\/\/www.europeanfootballcup.com\/?s={search_term_string}"},"query-input":{"@type":"PropertyValueSpecification","valueRequired":true,"valueName":"search_term_string"}}],"inLanguage":"it-IT"},{"@type":"Organization","@id":"https:\/\/www.europeanfootballcup.com\/#organization","name":"European Football Cup","url":"https:\/\/www.europeanfootballcup.com\/","logo":{"@type":"ImageObject","inLanguage":"it-IT","@id":"https:\/\/www.europeanfootballcup.com\/#\/schema\/logo\/image\/","url":"https:\/\/www.europeanfootballcup.com\/wp-content\/uploads\/2023\/02\/cropped-Logo_European_Football_Cup_2023.png","contentUrl":"https:\/\/www.europeanfootballcup.com\/wp-content\/uploads\/2023\/02\/cropped-Logo_European_Football_Cup_2023.png","width":266,"height":200,"caption":"European Football Cup"},"image":{"@id":"https:\/\/www.europeanfootballcup.com\/#\/schema\/logo\/image\/"}}]}},"_links":{"self":[{"href":"https:\/\/www.europeanfootballcup.com\/it\/wp-json\/wp\/v2\/pages\/2329","targetHints":{"allow":["GET"]}}],"collection":[{"href":"https:\/\/www.europeanfootballcup.com\/it\/wp-json\/wp\/v2\/pages"}],"about":[{"href":"https:\/\/www.europeanfootballcup.com\/it\/wp-json\/wp\/v2\/types\/page"}],"author":[{"embeddable":true,"href":"https:\/\/www.europeanfootballcup.com\/it\/wp-json\/wp\/v2\/users\/2"}],"replies":[{"embeddable":true,"href":"https:\/\/www.europeanfootballcup.com\/it\/wp-json\/wp\/v2\/comments?post=2329"}],"version-history":[{"count":3,"href":"https:\/\/www.europeanfootballcup.com\/it\/wp-json\/wp\/v2\/pages\/2329\/revisions"}],"predecessor-version":[{"id":3366,"href":"https:\/\/www.europeanfootballcup.com\/it\/wp-json\/wp\/v2\/pages\/2329\/revisions\/3366"}],"wp:attachment":[{"href":"https:\/\/www.europeanfootballcup.com\/it\/wp-json\/wp\/v2\/media?parent=2329"}],"curies":[{"name":"wp","href":"https:\/\/api.w.org\/{rel}","templated":true}]}}