{"id":2329,"date":"2023-09-19T08:22:09","date_gmt":"2023-09-19T08:22:09","guid":{"rendered":"https:\/\/www.europeanfootballcup.com\/?page_id=2329"},"modified":"2025-12-05T15:57:32","modified_gmt":"2025-12-05T15:57:32","slug":"datenschutz","status":"publish","type":"page","link":"https:\/\/www.europeanfootballcup.com\/fr\/datenschutz\/","title":{"rendered":"Protection des donn\u00e9es"},"content":{"rendered":"<div data-elementor-type=\"wp-page\" data-elementor-id=\"2329\" class=\"elementor elementor-2329\" data-elementor-post-type=\"page\">\n\t\t\t\t\t\t<section class=\"elementor-section elementor-top-section elementor-element elementor-element-dffbeb7 elementor-section-full_width elementor-section-stretched elementor-section-height-default elementor-section-height-default\" data-id=\"dffbeb7\" data-element_type=\"section\" data-settings=\"{&quot;jet_parallax_layout_list&quot;:[],&quot;stretch_section&quot;:&quot;section-stretched&quot;,&quot;background_background&quot;:&quot;classic&quot;}\">\n\t\t\t\t\t\t<div class=\"elementor-container elementor-column-gap-default\">\n\t\t\t\t\t<div class=\"elementor-column elementor-col-100 elementor-top-column elementor-element elementor-element-94fdabb\" data-id=\"94fdabb\" data-element_type=\"column\">\n\t\t\t<div class=\"elementor-widget-wrap elementor-element-populated\">\n\t\t\t\t\t\t<div class=\"elementor-element elementor-element-9ede503 elementor-widget elementor-widget-heading\" data-id=\"9ede503\" data-element_type=\"widget\" data-widget_type=\"heading.default\">\n\t\t\t\t<div class=\"elementor-widget-container\">\n\t\t\t\t\t<h2 class=\"elementor-heading-title elementor-size-default\">D\u00e9claration de confidentialit\u00e9<\/h2>\t\t\t\t<\/div>\n\t\t\t\t<\/div>\n\t\t\t\t<div class=\"elementor-element elementor-element-ce9fb35 elementor-widget elementor-widget-text-editor\" data-id=\"ce9fb35\" data-element_type=\"widget\" data-widget_type=\"text-editor.default\">\n\t\t\t\t<div class=\"elementor-widget-container\">\n\t\t\t\t\t\t\t\t\t<div id=\"content\" class=\"site-content\"><div class=\"site-content__wrap container\"><div class=\"row\"><div id=\"primary\" class=\"col-xs-12\"><div class=\"elementor-element elementor-element-a71005e elementor-widget elementor-widget-text-editor\" data-id=\"a71005e\" data-element_type=\"widget\" data-widget_type=\"text-editor.default\"><div class=\"elementor-widget-container\"><div class=\"elementor-text-editor elementor-clearfix\"><p><strong>1. organisme responsable<\/strong><\/p><p>BALLFREUNDE GmbH<br \/>Directeur g\u00e9n\u00e9ral : Fabian Ziethmann<\/p><p>Chemin de la for\u00eat 13<br \/>21465 Wentorf<\/p><p>T\u00e9l. : +49 (0) 40 55895037<br \/>Courrier \u00e9lectronique : info@ballfreunde.com<\/p><p><strong>2. collecte, traitement et utilisation des donn\u00e9es \u00e0 caract\u00e8re personnel<\/strong><\/p><p><strong>2.1 Donn\u00e9es personnelles<\/strong><\/p><p>Les donn\u00e9es \u00e0 caract\u00e8re personnel sont des informations sur la situation mat\u00e9rielle ou personnelle d'une personne physique identifi\u00e9e ou identifiable. Il s'agit par exemple du nom, du num\u00e9ro de t\u00e9l\u00e9phone, de l'adresse ainsi que de toutes les donn\u00e9es que vous nous communiquez dans le cadre d'une participation \u00e0 nos manifestations.<\/p><p>Les donn\u00e9es agr\u00e9g\u00e9es que nous collectons, par exemple lors de la visite de notre site web ou sous forme de comptages lors d'\u00e9v\u00e9nements sur place, et qui ne peuvent pas \u00eatre directement associ\u00e9es \u00e0 votre personne, ne sont pas concern\u00e9es.<\/p><p><strong>2.2 Collecte, traitement et utilisation des donn\u00e9es \u00e0 caract\u00e8re personnel<\/strong><\/p><p>Nous collectons, enregistrons et traitons vos donn\u00e9es pour vous assister avant et pendant votre participation \u00e0 nos \u00e9v\u00e9nements, y compris pour d'\u00e9ventuelles garanties ult\u00e9rieures, pour nos services, pour l'administration technique ainsi qu'\u00e0 des fins de marketing propres. Vos donn\u00e9es personnelles ne sont transmises \u00e0 des tiers ou communiqu\u00e9es d'une autre mani\u00e8re que si cela est n\u00e9cessaire \u00e0 l'ex\u00e9cution du contrat ou \u00e0 la facturation ou si vous avez donn\u00e9 votre accord pr\u00e9alable (par exemple, nous devons transmettre votre nom \u00e0 un h\u00f4tel ou \u00e0 une compagnie a\u00e9rienne si vous avez r\u00e9serv\u00e9 l'h\u00e9bergement ou le service de transport par notre interm\u00e9diaire, mais qu'une entreprise tierce fournit le service correspondant). Dans le cadre de nos manifestations, par exemple, les prestataires de services auxquels nous faisons appel ici re\u00e7oivent les donn\u00e9es n\u00e9cessaires au traitement des commandes. Les donn\u00e9es ainsi transmises ne peuvent \u00eatre utilis\u00e9es par nos prestataires de services que pour l'ex\u00e9cution de leur t\u00e2che. Une autre utilisation des informations n'est pas autoris\u00e9e et n'a lieu chez aucun des prestataires de services auxquels nous faisons appel. Vos donn\u00e9es personnelles sont effac\u00e9es dans la mesure o\u00f9 les obligations l\u00e9gales de conservation ne s'y opposent pas et si vous avez fait valoir un droit \u00e0 l'effacement, si les donn\u00e9es ne sont plus n\u00e9cessaires \u00e0 la r\u00e9alisation de l'objectif poursuivi par leur enregistrement ou si leur enregistrement n'est pas autoris\u00e9 pour d'autres raisons l\u00e9gales.<\/p><p><strong>2.3 Publicit\u00e9 par e-mail<\/strong><\/p><p>Les participants \u00e0 nos \u00e9v\u00e9nements re\u00e7oivent, apr\u00e8s leur participation, des recommandations de notre part et des informations sur les \u00e9v\u00e9nements futurs. Nous vous envoyons automatiquement ces recommandations. Nous souhaitons ainsi vous faire parvenir des informations sur notre offre, qui peuvent vous int\u00e9resser sur la base de votre participation \u00e0 des \u00e9v\u00e9nements pass\u00e9s. Ce faisant, nous nous conformons strictement aux dispositions l\u00e9gales. Si vous ne souhaitez plus recevoir de recommandations ou de messages publicitaires de notre part, vous pouvez vous y opposer \u00e0 tout moment. Il suffit pour cela d'envoyer un message sous forme de texte aux coordonn\u00e9es mentionn\u00e9es au point 1 (par ex. e-mail, fax, lettre). Bien entendu, vous trouverez \u00e9galement un lien de d\u00e9sinscription dans chaque e-mail.<\/p><p><strong>3. les fichiers journaux<\/strong><\/p><p>Lors de chaque acc\u00e8s \u00e0 nos pages web, des donn\u00e9es d'utilisation sont transmises par le navigateur web respectif et enregistr\u00e9es dans des fichiers journaux, appel\u00e9s fichiers journaux du serveur. Les enregistrements sauvegard\u00e9s contiennent les donn\u00e9es suivantes : Date et heure de la consultation, nom de la page consult\u00e9e, adresse IP, URL de r\u00e9f\u00e9rence (URL d'origine \u00e0 partir de laquelle vous \u00eates arriv\u00e9 sur les pages web), quantit\u00e9 de donn\u00e9es transmises, ainsi que produit et num\u00e9ro de version du navigateur utilis\u00e9. Les adresses IP des utilisateurs sont effac\u00e9es ou anonymis\u00e9es apr\u00e8s 30 jours. En cas d'anonymisation, les adresses IP sont modifi\u00e9es de mani\u00e8re \u00e0 ce que les donn\u00e9es individuelles relatives \u00e0 la situation personnelle ou mat\u00e9rielle ne puissent plus \u00eatre attribu\u00e9es \u00e0 une personne physique identifi\u00e9e ou identifiable, ou seulement au prix d'un effort disproportionn\u00e9 en termes de temps, de co\u00fbts et de main-d'\u0153uvre. Nous analysons ces enregistrements de fichiers journaux sous forme anonyme afin de continuer \u00e0 am\u00e9liorer notre pr\u00e9sence sur le web et de trouver plus rapidement les erreurs techniques.<\/p><p><strong>4. Google Analytics<\/strong><\/p><p>Ce site web utilise Google Analytics, un service d'analyse web de Google Inc (\"Google\"). Google Analytics utilise des \"cookies\", des fichiers texte qui sont enregistr\u00e9s sur votre ordinateur et qui permettent d'analyser votre utilisation du site web. Les informations g\u00e9n\u00e9r\u00e9es par le cookie concernant votre utilisation de ce site web sont g\u00e9n\u00e9ralement transmises \u00e0 un serveur de Google aux \u00c9tats-Unis et y sont enregistr\u00e9es. Si l'anonymisation IP est activ\u00e9e sur ce site web, votre adresse IP sera toutefois raccourcie au pr\u00e9alable par Google dans les \u00c9tats membres de l'Union europ\u00e9enne ou dans d'autres \u00c9tats signataires de l'accord sur l'Espace \u00e9conomique europ\u00e9en. Ce n'est que dans des cas exceptionnels que l'adresse IP compl\u00e8te est transmise \u00e0 un serveur de Google aux \u00c9tats-Unis et y est abr\u00e9g\u00e9e. Google utilisera ces informations pour le compte de l'exploitant de ce site web afin d'\u00e9valuer votre utilisation du site web, de compiler des rapports sur les activit\u00e9s du site web et de fournir \u00e0 l'exploitant du site web d'autres services li\u00e9s \u00e0 l'utilisation du site web et d'Internet. L'adresse IP transmise par votre navigateur dans le cadre de Google Analytics n'est pas recoup\u00e9e avec d'autres donn\u00e9es de Google. Vous pouvez emp\u00eacher l'enregistrement des cookies en param\u00e9trant votre logiciel de navigation en cons\u00e9quence ; nous attirons toutefois votre attention sur le fait que, dans ce cas, vous ne pourrez peut-\u00eatre pas utiliser toutes les fonctions de ce site web dans leur int\u00e9gralit\u00e9.<\/p><p>Vous pouvez en outre emp\u00eacher la saisie par Google des donn\u00e9es g\u00e9n\u00e9r\u00e9es par le cookie et se rapportant \u00e0 votre utilisation du site web (y compris votre adresse IP) ainsi que le traitement de ces donn\u00e9es par Google en t\u00e9l\u00e9chargeant et en installant le plug-in de navigateur disponible sous le lien suivant : http:\/\/tools.google.com\/dlpage\/gaoptout?hl=de<\/p><p>En utilisant le site mannschaftsausfahrt.de, vous consentez express\u00e9ment au traitement de vos donn\u00e9es nominatives par Google dans les conditions et pour les finalit\u00e9s d\u00e9crites ci-dessus.<\/p><p>Si vous ne souhaitez pas que des informations sur la visite de votre site web soient transmises \u00e0 Google Analytics, vous avez la possibilit\u00e9 d'installer un \"add-on de d\u00e9sactivation\" pour votre navigateur. Vous pouvez t\u00e9l\u00e9charger ce module compl\u00e9mentaire \u00e0 l'adresse http:\/\/tools.google.com\/dlpage\/gaoptout?hl=de. Veuillez toutefois noter qu'il n'est actuellement disponible que pour Microsoft Internet Explorer, Google Chrome, Mozilla Firefox, Apple Safari et Opera.<\/p><p>Sans votre consentement explicite, nous n'utiliserons pas les outils de suivi pour collecter \u00e0 votre insu des donn\u00e9es personnelles vous concernant, pour transmettre de telles donn\u00e9es \u00e0 des fournisseurs tiers et \u00e0 des plateformes de marketing ou pour associer ces donn\u00e9es \u00e0 vos donn\u00e9es personnelles (nom, adresse, etc.).<\/p><p data-path-to-node=\"5\"><strong>5. utilisation du chat WhatsApp sur le site web<\/strong><\/p><p data-path-to-node=\"3\">Afin de vous offrir une voie de communication rapide et directe, nous pouvons utiliser un <b>Bouton de discussion WhatsApp<\/b> ou un widget correspondant sur notre site web. L'utilisation de ce service n\u00e9cessite le respect de dispositions particuli\u00e8res en mati\u00e8re de protection des donn\u00e9es :<\/p><ul data-path-to-node=\"4\"><li><p data-path-to-node=\"4,0,0\">Fournisseur de services responsable : Le service WhatsApp est fourni par Meta Platforms, Inc (anciennement Facebook Inc.) aux \u00c9tats-Unis. La d\u00e9claration de confidentialit\u00e9 de Meta s'applique \u00e0 l'utilisation du service.<\/p><\/li><li><p data-path-to-node=\"4,1,0\">Transmission de donn\u00e9es : d\u00e8s que vous cliquez sur le bouton WhatsApp de notre site web et que vous d\u00e9marrez le chat, une connexion est \u00e9tablie avec les serveurs de Meta\/WhatsApp. Des donn\u00e9es personnelles peuvent alors \u00eatre transmises \u00e0 Meta, notamment<\/p><ul data-path-to-node=\"4,1,1\"><li><p data-path-to-node=\"4,1,1,0,0\">Votre num\u00e9ro de t\u00e9l\u00e9phone et l'identifiant WhatsApp correspondant.<\/p><\/li><li><p data-path-to-node=\"4,1,1,1,0\">Le contenu des messages que vous envoyez.<\/p><\/li><li><p data-path-to-node=\"4,1,1,2,0\">Donn\u00e9es techniques (par ex. heure du chat, type d'appareil).<\/p><\/li><\/ul><\/li><li><p data-path-to-node=\"4,2,0\">Traitement par BALLFREUNDE : Les informations que vous nous envoyez via le chat WhatsApp (par ex. nom, demande, donn\u00e9es de contact) sont utilis\u00e9es et trait\u00e9es par nous uniquement pour traiter votre demande ou pour l'ex\u00e9cution du contrat (inscription \u00e0 des manifestations).<\/p><\/li><li><p data-path-to-node=\"4,3,0\">Base juridique : l'utilisation du chat WhatsApp est volontaire et repose sur votre consentement explicite (article 6, paragraphe 1, point a) du RGPD), que vous donnez en d\u00e9marrant activement le chat.<\/p><\/li><li><p data-path-to-node=\"4,4,0\">Votre contr\u00f4le : si vous souhaitez emp\u00eacher la transmission de donn\u00e9es \u00e0 Meta\/WhatsApp, veuillez utiliser d'autres moyens de contact (par ex. e-mail ou t\u00e9l\u00e9phone, voir point 1). Veuillez noter qu'en tant qu'entreprise am\u00e9ricaine, Meta\/WhatsApp traite des donn\u00e9es en dehors du champ d'application du RGPD.<\/p><\/li><\/ul><p data-path-to-node=\"5\"><b>Remarque :<\/b> Nous n'avons aucune influence sur la collecte des donn\u00e9es et leur traitement ult\u00e9rieur par Meta\/WhatsApp. Nous vous recommandons de lire la d\u00e9claration de confidentialit\u00e9 de Meta\/WhatsApp avant d'utiliser le service.<\/p><p><strong>6. droits d'acc\u00e8s de la personne concern\u00e9e<\/strong><\/p><p>Conform\u00e9ment \u00e0 la loi f\u00e9d\u00e9rale sur la protection des donn\u00e9es, vous avez le droit d'obtenir gratuitement des informations sur vos donn\u00e9es enregistr\u00e9es et, le cas \u00e9ch\u00e9ant, de les corriger, de les bloquer ou de les supprimer. Nous prenons la protection de vos donn\u00e9es tr\u00e8s au s\u00e9rieux. Afin de garantir que les donn\u00e9es personnelles ne soient pas transmises \u00e0 des tiers, veuillez adresser votre demande par e-mail ou par courrier \u00e0 l'adresse indiqu\u00e9e au point 1.<\/p><\/div><\/div><\/div><\/div><\/div><\/div><\/div>\t\t\t\t\t\t\t\t<\/div>\n\t\t\t\t<\/div>\n\t\t\t\t\t<\/div>\n\t\t<\/div>\n\t\t\t\t\t<\/div>\n\t\t<\/section>\n\t\t\t\t<\/div>","protected":false},"excerpt":{"rendered":"<p>D\u00e9claration de protection des donn\u00e9es 1. entit\u00e9 responsable BALLFREUNDE GmbHG\u00e9rant : Fabian Ziethmann Waldweg 1321465 Wentorf T\u00e9l. : +49 (0) 40 55895037E-Mail : info@ballfreunde.com 2. collecte, traitement et utilisation des donn\u00e9es personnelles 2.1 Donn\u00e9es personnelles Les donn\u00e9es personnelles sont des informations sur la situation mat\u00e9rielle ou personnelle d'une personne physique identifi\u00e9e ou identifiable. Il s'agit par exemple du nom, du num\u00e9ro de t\u00e9l\u00e9phone, de l'adresse ainsi que de toutes les donn\u00e9es que vous nous communiquez dans [...].<\/p>","protected":false},"author":2,"featured_media":0,"parent":0,"menu_order":0,"comment_status":"closed","ping_status":"closed","template":"","meta":{"_jf_save_progress":"","footnotes":""},"class_list":["post-2329","page","type-page","status-publish","hentry"],"yoast_head":"<!-- This site is optimized with the Yoast SEO plugin v24.3 - https:\/\/yoast.com\/wordpress\/plugins\/seo\/ -->\n<title>Datenschutz - European Football Cup<\/title>\n<meta name=\"robots\" content=\"index, follow, max-snippet:-1, max-image-preview:large, max-video-preview:-1\" \/>\n<link rel=\"canonical\" href=\"https:\/\/www.europeanfootballcup.com\/fr\/wp-json\/wp\/v2\/pages\/2329\" \/>\n<meta property=\"og:locale\" content=\"fr_FR\" \/>\n<meta property=\"og:type\" content=\"article\" \/>\n<meta property=\"og:title\" content=\"Datenschutz - European Football Cup\" \/>\n<meta property=\"og:description\" content=\"Datenschutzerkl\u00e4rung 1. Verantwortliche Stelle BALLFREUNDE GmbHGesch\u00e4ftsf\u00fchrer: Fabian Ziethmann Waldweg 1321465 Wentorf Tel.: +49 (0) 40 55895037E-Mail: info@ballfreunde.com 2. Erhebung, Verarbeitung und Nutzung personenbezogener Daten 2.1 Personenbezogene Daten Personenbezogene Daten sind Angaben \u00fcber sachliche oder pers\u00f6nliche Verh\u00e4ltnisse einer bestimmten oder bestimmbaren nat\u00fcrlichen Person. Hierunter fallen beispielsweise Name, Telefonnummer, Anschrift sowie s\u00e4mtliche Daten, welche Sie uns im [&hellip;]\" \/>\n<meta property=\"og:url\" content=\"https:\/\/www.europeanfootballcup.com\/fr\/datenschutz\/\" \/>\n<meta property=\"og:site_name\" content=\"European Football Cup\" \/>\n<meta property=\"article:modified_time\" content=\"2025-12-05T15:57:32+00:00\" \/>\n<meta name=\"twitter:card\" content=\"summary_large_image\" \/>\n<meta name=\"twitter:label1\" content=\"Dur\u00e9e de lecture estim\u00e9e\" \/>\n\t<meta name=\"twitter:data1\" content=\"11 minutes\" \/>\n<script type=\"application\/ld+json\" class=\"yoast-schema-graph\">{\"@context\":\"https:\/\/schema.org\",\"@graph\":[{\"@type\":\"WebPage\",\"@id\":\"https:\/\/www.europeanfootballcup.com\/datenschutz\/\",\"url\":\"https:\/\/www.europeanfootballcup.com\/datenschutz\/\",\"name\":\"Datenschutz - European Football Cup\",\"isPartOf\":{\"@id\":\"https:\/\/www.europeanfootballcup.com\/#website\"},\"datePublished\":\"2023-09-19T08:22:09+00:00\",\"dateModified\":\"2025-12-05T15:57:32+00:00\",\"breadcrumb\":{\"@id\":\"https:\/\/www.europeanfootballcup.com\/datenschutz\/#breadcrumb\"},\"inLanguage\":\"fr-FR\",\"potentialAction\":[{\"@type\":\"ReadAction\",\"target\":[\"https:\/\/www.europeanfootballcup.com\/datenschutz\/\"]}]},{\"@type\":\"BreadcrumbList\",\"@id\":\"https:\/\/www.europeanfootballcup.com\/datenschutz\/#breadcrumb\",\"itemListElement\":[{\"@type\":\"ListItem\",\"position\":1,\"name\":\"Home\",\"item\":\"https:\/\/www.europeanfootballcup.com\/\"},{\"@type\":\"ListItem\",\"position\":2,\"name\":\"Datenschutz\"}]},{\"@type\":\"WebSite\",\"@id\":\"https:\/\/www.europeanfootballcup.com\/#website\",\"url\":\"https:\/\/www.europeanfootballcup.com\/\",\"name\":\"European Football Cup\",\"description\":\"Europes biggest youth tournament series\",\"publisher\":{\"@id\":\"https:\/\/www.europeanfootballcup.com\/#organization\"},\"potentialAction\":[{\"@type\":\"SearchAction\",\"target\":{\"@type\":\"EntryPoint\",\"urlTemplate\":\"https:\/\/www.europeanfootballcup.com\/?s={search_term_string}\"},\"query-input\":{\"@type\":\"PropertyValueSpecification\",\"valueRequired\":true,\"valueName\":\"search_term_string\"}}],\"inLanguage\":\"fr-FR\"},{\"@type\":\"Organization\",\"@id\":\"https:\/\/www.europeanfootballcup.com\/#organization\",\"name\":\"European Football Cup\",\"url\":\"https:\/\/www.europeanfootballcup.com\/\",\"logo\":{\"@type\":\"ImageObject\",\"inLanguage\":\"fr-FR\",\"@id\":\"https:\/\/www.europeanfootballcup.com\/#\/schema\/logo\/image\/\",\"url\":\"https:\/\/www.europeanfootballcup.com\/wp-content\/uploads\/2023\/02\/cropped-Logo_European_Football_Cup_2023.png\",\"contentUrl\":\"https:\/\/www.europeanfootballcup.com\/wp-content\/uploads\/2023\/02\/cropped-Logo_European_Football_Cup_2023.png\",\"width\":266,\"height\":200,\"caption\":\"European Football Cup\"},\"image\":{\"@id\":\"https:\/\/www.europeanfootballcup.com\/#\/schema\/logo\/image\/\"}}]}<\/script>\n<!-- \/ Yoast SEO plugin. -->","yoast_head_json":{"title":"Datenschutz - European Football Cup","robots":{"index":"index","follow":"follow","max-snippet":"max-snippet:-1","max-image-preview":"max-image-preview:large","max-video-preview":"max-video-preview:-1"},"canonical":"https:\/\/www.europeanfootballcup.com\/fr\/wp-json\/wp\/v2\/pages\/2329","og_locale":"fr_FR","og_type":"article","og_title":"Datenschutz - European Football Cup","og_description":"Datenschutzerkl\u00e4rung 1. Verantwortliche Stelle BALLFREUNDE GmbHGesch\u00e4ftsf\u00fchrer: Fabian Ziethmann Waldweg 1321465 Wentorf Tel.: +49 (0) 40 55895037E-Mail: info@ballfreunde.com 2. Erhebung, Verarbeitung und Nutzung personenbezogener Daten 2.1 Personenbezogene Daten Personenbezogene Daten sind Angaben \u00fcber sachliche oder pers\u00f6nliche Verh\u00e4ltnisse einer bestimmten oder bestimmbaren nat\u00fcrlichen Person. Hierunter fallen beispielsweise Name, Telefonnummer, Anschrift sowie s\u00e4mtliche Daten, welche Sie uns im [&hellip;]","og_url":"https:\/\/www.europeanfootballcup.com\/fr\/datenschutz\/","og_site_name":"European Football Cup","article_modified_time":"2025-12-05T15:57:32+00:00","twitter_card":"summary_large_image","twitter_misc":{"Dur\u00e9e de lecture estim\u00e9e":"11 minutes"},"schema":{"@context":"https:\/\/schema.org","@graph":[{"@type":"WebPage","@id":"https:\/\/www.europeanfootballcup.com\/datenschutz\/","url":"https:\/\/www.europeanfootballcup.com\/datenschutz\/","name":"Datenschutz - European Football Cup","isPartOf":{"@id":"https:\/\/www.europeanfootballcup.com\/#website"},"datePublished":"2023-09-19T08:22:09+00:00","dateModified":"2025-12-05T15:57:32+00:00","breadcrumb":{"@id":"https:\/\/www.europeanfootballcup.com\/datenschutz\/#breadcrumb"},"inLanguage":"fr-FR","potentialAction":[{"@type":"ReadAction","target":["https:\/\/www.europeanfootballcup.com\/datenschutz\/"]}]},{"@type":"BreadcrumbList","@id":"https:\/\/www.europeanfootballcup.com\/datenschutz\/#breadcrumb","itemListElement":[{"@type":"ListItem","position":1,"name":"Home","item":"https:\/\/www.europeanfootballcup.com\/"},{"@type":"ListItem","position":2,"name":"Datenschutz"}]},{"@type":"WebSite","@id":"https:\/\/www.europeanfootballcup.com\/#website","url":"https:\/\/www.europeanfootballcup.com\/","name":"European Football Cup","description":"Europes biggest youth tournament series","publisher":{"@id":"https:\/\/www.europeanfootballcup.com\/#organization"},"potentialAction":[{"@type":"SearchAction","target":{"@type":"EntryPoint","urlTemplate":"https:\/\/www.europeanfootballcup.com\/?s={search_term_string}"},"query-input":{"@type":"PropertyValueSpecification","valueRequired":true,"valueName":"search_term_string"}}],"inLanguage":"fr-FR"},{"@type":"Organization","@id":"https:\/\/www.europeanfootballcup.com\/#organization","name":"European Football Cup","url":"https:\/\/www.europeanfootballcup.com\/","logo":{"@type":"ImageObject","inLanguage":"fr-FR","@id":"https:\/\/www.europeanfootballcup.com\/#\/schema\/logo\/image\/","url":"https:\/\/www.europeanfootballcup.com\/wp-content\/uploads\/2023\/02\/cropped-Logo_European_Football_Cup_2023.png","contentUrl":"https:\/\/www.europeanfootballcup.com\/wp-content\/uploads\/2023\/02\/cropped-Logo_European_Football_Cup_2023.png","width":266,"height":200,"caption":"European Football Cup"},"image":{"@id":"https:\/\/www.europeanfootballcup.com\/#\/schema\/logo\/image\/"}}]}},"_links":{"self":[{"href":"https:\/\/www.europeanfootballcup.com\/fr\/wp-json\/wp\/v2\/pages\/2329","targetHints":{"allow":["GET"]}}],"collection":[{"href":"https:\/\/www.europeanfootballcup.com\/fr\/wp-json\/wp\/v2\/pages"}],"about":[{"href":"https:\/\/www.europeanfootballcup.com\/fr\/wp-json\/wp\/v2\/types\/page"}],"author":[{"embeddable":true,"href":"https:\/\/www.europeanfootballcup.com\/fr\/wp-json\/wp\/v2\/users\/2"}],"replies":[{"embeddable":true,"href":"https:\/\/www.europeanfootballcup.com\/fr\/wp-json\/wp\/v2\/comments?post=2329"}],"version-history":[{"count":3,"href":"https:\/\/www.europeanfootballcup.com\/fr\/wp-json\/wp\/v2\/pages\/2329\/revisions"}],"predecessor-version":[{"id":3366,"href":"https:\/\/www.europeanfootballcup.com\/fr\/wp-json\/wp\/v2\/pages\/2329\/revisions\/3366"}],"wp:attachment":[{"href":"https:\/\/www.europeanfootballcup.com\/fr\/wp-json\/wp\/v2\/media?parent=2329"}],"curies":[{"name":"wp","href":"https:\/\/api.w.org\/{rel}","templated":true}]}}