{"id":2318,"date":"2023-09-19T08:15:03","date_gmt":"2023-09-19T08:15:03","guid":{"rendered":"https:\/\/www.europeanfootballcup.com\/?page_id=2318"},"modified":"2023-09-19T08:44:16","modified_gmt":"2023-09-19T08:44:16","slug":"agb","status":"publish","type":"page","link":"https:\/\/www.europeanfootballcup.com\/es\/agb\/","title":{"rendered":"AGB"},"content":{"rendered":"<div data-elementor-type=\"wp-page\" data-elementor-id=\"2318\" class=\"elementor elementor-2318\" data-elementor-post-type=\"page\">\n\t\t\t\t\t\t<section class=\"elementor-section elementor-top-section elementor-element elementor-element-dffbeb7 elementor-section-full_width elementor-section-stretched elementor-section-height-default elementor-section-height-default\" data-id=\"dffbeb7\" data-element_type=\"section\" data-settings=\"{&quot;jet_parallax_layout_list&quot;:[],&quot;stretch_section&quot;:&quot;section-stretched&quot;,&quot;background_background&quot;:&quot;classic&quot;}\">\n\t\t\t\t\t\t<div class=\"elementor-container elementor-column-gap-default\">\n\t\t\t\t\t<div class=\"elementor-column elementor-col-100 elementor-top-column elementor-element elementor-element-94fdabb\" data-id=\"94fdabb\" data-element_type=\"column\">\n\t\t\t<div class=\"elementor-widget-wrap elementor-element-populated\">\n\t\t\t\t\t\t<div class=\"elementor-element elementor-element-9ede503 elementor-widget elementor-widget-heading\" data-id=\"9ede503\" data-element_type=\"widget\" data-widget_type=\"heading.default\">\n\t\t\t\t<div class=\"elementor-widget-container\">\n\t\t\t\t\t<h2 class=\"elementor-heading-title elementor-size-default\">General <br> Condiciones generales<\/h2>\t\t\t\t<\/div>\n\t\t\t\t<\/div>\n\t\t\t\t<div class=\"elementor-element elementor-element-ce9fb35 elementor-widget elementor-widget-text-editor\" data-id=\"ce9fb35\" data-element_type=\"widget\" data-widget_type=\"text-editor.default\">\n\t\t\t\t<div class=\"elementor-widget-container\">\n\t\t\t\t\t\t\t\t\t<div id=\"content\" class=\"site-content\"><div class=\"site-content__wrap container\"><div class=\"row\"><div id=\"primary\" class=\"col-xs-12\"><article id=\"post-6325\" class=\"post-6325 page type-page status-publish hentry\"><div class=\"page-content\"><div class=\"elementor elementor-6325\" data-elementor-type=\"wp-page\" data-elementor-id=\"6325\" data-elementor-post-type=\"page\"><div class=\"elementor-inner\"><div class=\"elementor-section-wrap\"><section class=\"elementor-section elementor-top-section elementor-element elementor-element-ab46c91 elementor-section-full_width elementor-section-height-default elementor-section-height-default\" data-id=\"ab46c91\" data-element_type=\"section\" data-settings=\"{&quot;background_background&quot;:&quot;classic&quot;}\"><div class=\"elementor-container elementor-column-gap-default\"><div class=\"elementor-row\"><div class=\"elementor-column elementor-col-100 elementor-top-column elementor-element elementor-element-1511469\" data-id=\"1511469\" data-element_type=\"column\"><div class=\"elementor-column-wrap elementor-element-populated\"><div class=\"elementor-widget-wrap\"><div class=\"elementor-element elementor-element-6488e28 elementor-widget elementor-widget-text-editor\" data-id=\"6488e28\" data-element_type=\"widget\" data-widget_type=\"text-editor.default\"><div class=\"elementor-widget-container\"><div class=\"elementor-text-editor elementor-clearfix\"><p><b>Condiciones generales de contrataci\u00f3n de BALLFREUNDE GmbH,\u00a0<\/b><b>en lo sucesivo denominada BALLFREUNDE.<\/b><b><\/b><\/p><ol><li><b> Inscripci\u00f3n, confirmaci\u00f3n<\/b><\/li><\/ol><p>1.1 Con su inscripci\u00f3n, usted hace una oferta vinculante a BALLFREUNDE para concluir un contrato de participaci\u00f3n en el evento deseado. El contrato se perfeccionar\u00e1 cuando le confirmemos por escrito la reserva del evento. Una confirmaci\u00f3n por correo electr\u00f3nico es suficiente. Los acuerdos telef\u00f3nicos y verbales s\u00f3lo ser\u00e1n vinculantes cuando los confirmemos por escrito.\u00a0<\/p><p>1.2 La inscripci\u00f3n tambi\u00e9n la realiza el solicitante para todos los participantes que figuran en la inscripci\u00f3n\/lista, de cuyas obligaciones contractuales es responsable el solicitante como de sus propias obligaciones.\u00a0<\/p><p>1.3 Con su inscripci\u00f3n usted acepta las reglas del torneo BALLFREUNDE.<br \/><br \/><\/p><ol start=\"2\"><li><b> Pago\u00a0<\/b><\/li><\/ol><p>2.1 La cuota de inscripci\u00f3n es pagadera en el momento de la inscripci\u00f3n y debe abonarse dentro del plazo de pago indicado en la factura. Por lo general, no es reembolsable. <br \/>Se\u00f1alamos expresamente que la cuota de inscripci\u00f3n no ser\u00e1 reembolsada incluso si el evento es cancelado por una autoridad u otro tercero debido a un riesgo del que BALLFREUNDE no es responsable. Lo mismo se aplica si la instalaci\u00f3n deportiva alquilada por BALLFREUNDE no puede ser utilizada por razones de las que BALLFREUNDE no es responsable.<\/p><p>2.2 Los derechos de participaci\u00f3n deber\u00e1n abonarse a m\u00e1s tardar ocho semanas antes del inicio de la manifestaci\u00f3n, tal como se indica en la factura enviada por correo electr\u00f3nico.<\/p><p>Los gastos en caso de cancelaci\u00f3n, tramitaci\u00f3n y cambio de reserva son pagaderos inmediatamente. Los importes del anticipo, el pago final y la cancelaci\u00f3n, si procede, se indican en la confirmaci\u00f3n de la reserva. Los pagos deber\u00e1n efectuarse de una sola vez para todos los participantes inscritos, indicando el n\u00famero de factura facilitado.\u00a0<\/p><p>2.3 En el caso de las reservas efectuadas con poca antelaci\u00f3n (ocho semanas o m\u00e1s antes del inicio de la manifestaci\u00f3n), la totalidad de la cuota de participaci\u00f3n deber\u00e1 abonarse inmediatamente.<\/p><p>2.4 Si no se cumple el plazo de pago final, BALLFREUNDE podr\u00e1 rescindir el contrato de reserva existente tras un recordatorio infructuoso con un periodo de gracia y exigir gastos de cancelaci\u00f3n como compensaci\u00f3n de acuerdo con la secci\u00f3n 4.2. La informaci\u00f3n definitiva s\u00f3lo se entregar\u00e1 tras la recepci\u00f3n del pago final, pero como muy pronto 14 d\u00edas antes del inicio del evento.\u00a0<br \/><br \/><\/p><ol start=\"3\"><li><b> Rendimiento<\/b><\/li><\/ol><p>Los servicios prestados por BALLFREUNDE figuran en la informaci\u00f3n general. Las desviaciones de la misma requieren un acuerdo por escrito.<br \/><br \/><\/p><ol start=\"4\"><li><b> Retirada del participante o participantes, gastos de anulaci\u00f3n\u00a0<\/b><\/li><\/ol><p>4.1 Es posible renunciar a la participaci\u00f3n en cualquier momento antes del inicio del evento (teniendo en cuenta los posibles costes de acuerdo con la secci\u00f3n 4.2). Es determinante la recepci\u00f3n de la notificaci\u00f3n de cancelaci\u00f3n por parte de BALLFREUNDE. La cancelaci\u00f3n del evento debe realizarse por escrito. La cancelaci\u00f3n por correo electr\u00f3nico no es suficiente. Si un participante\/viajero se retira o si el viaje al evento no se inicia por razones (a excepci\u00f3n de los casos de fuerza mayor regulados en la cl\u00e1usula 10) de las que BALLFREUNDE no es responsable, BALLFREUNDE podr\u00e1 exigir una compensaci\u00f3n razonable por las gestiones realizadas y los gastos incurridos. Para el c\u00e1lculo de la indemnizaci\u00f3n se tendr\u00e1n en cuenta los gastos normalmente ahorrados y un uso alternativo normalmente posible de los servicios del evento. Usted tiene la libertad de demostrar que, en relaci\u00f3n con la cancelaci\u00f3n o no inicio del viaje, no se han producido gastos o \u00e9stos han sido considerablemente inferiores a los gastos indicados por nosotros en el importe global (v\u00e9ase 4.2).<\/p><p>4.2 En caso de anulaci\u00f3n del evento (incluidas las personas individuales), adem\u00e1s de la tasa de tramitaci\u00f3n de 25 EUR por reserva, se abonar\u00e1n, por regla general, los siguientes gastos:<\/p><ul><li aria-level=\"1\">hasta 90 d\u00edas antes del inicio del acto: sin gastos adicionales<\/li><li aria-level=\"1\">del 89\u00ba al 31\u00ba d\u00eda antes del inicio del evento: 40% del <br \/>Precio por participante (por persona)<\/li><li aria-level=\"1\">del 30 al 16 de la v\u00edspera del inicio del evento: 60% del precio del participante (por persona)<\/li><li aria-level=\"1\">a partir del 15\u00ba d\u00eda anterior al inicio del evento: 90% del precio del participante (por persona)<\/li><li aria-level=\"1\">en caso de no presentarse al comienzo del evento: 100% de la cuota de participaci\u00f3n (por persona)<\/li><\/ul><p>4.3 A petici\u00f3n, BALLFREUNDE, si es factible, cambiar\u00e1 el n\u00famero de personas en la reserva por 10% (redondeado al siguiente n\u00famero completo de personas) una vez sin cargo.\u00a0<br \/>Este reglamento s\u00f3lo se aplica hasta ocho semanas antes del inicio del evento.\u00a0<\/p><p>BALLFREUNDE se reserva el derecho a cobrar una tasa de tramitaci\u00f3n adicional de 25,00 EUR por transacci\u00f3n por cualquier cambio posterior en la confirmaci\u00f3n de la reserva.\u00a0<\/p><p>Los cambios en el n\u00famero de personas de la reserva en m\u00e1s de 10 % (redondeado al siguiente n\u00famero completo de personas) s\u00f3lo son posibles con el consentimiento de BALLFREUNDE.\u00a0<\/p><p>Lo mismo se aplica a los cambios en el n\u00famero de personas de la reserva en el plazo de ocho semanas hasta el inicio del evento.\u00a0<\/p><p>4.4 Las cancelaciones por parte de personas individuales pueden dar lugar a la p\u00e9rdida de descuentos\/precios por paquete para la Asociaci\u00f3n.\u00a0<\/p><p>4.5 BALLFREUNDE recomienda contratar un seguro de anulaci\u00f3n de viaje.<br \/><br \/><\/p><ol start=\"5\"><li><b> Cancelaci\u00f3n y rescisi\u00f3n por parte de BALLFREUNDE\u00a0<\/b><\/li><\/ol><p>5.1 Anulaci\u00f3n del torneo por fuerza mayor \/ Covid-19<\/p><p>BALLFREUNDE asume que todos los torneos tendr\u00e1n lugar como de costumbre. En el improbable caso de que esto no sea posible, BALLFREUNDE cancelar\u00e1 el torneo. Las cancelaciones s\u00f3lo se llevar\u00e1n a cabo si las autoridades responsables proh\u00edben la organizaci\u00f3n del torneo, si existe una prohibici\u00f3n de viajar o una advertencia oficial de viaje para la regi\u00f3n afectada.<br \/>En este caso especial, BALLFREUNDE reembolsar\u00e1 inmediatamente la totalidad de la cuota de participaci\u00f3n abonada sin deducci\u00f3n alguna.<\/p><p>5.2 Comportamiento contrario al contrato<\/p><p>BALLFREUNDE podr\u00e1 rescindir el contrato sin previo aviso si el participante perturba de forma persistente la ejecuci\u00f3n del evento a pesar de la advertencia de BALLFREUNDE o si se comporta de forma contraria al contrato hasta tal punto que se justifique la rescisi\u00f3n inmediata del contrato. Si BALLFREUNDE cancela el contrato, BALLFREUNDE conservar\u00e1 el derecho a la cuota de participaci\u00f3n menos el valor de los gastos ahorrados y los beneficios ahorrados resultantes de cualquier otro uso de los servicios no utilizados.\u00a0<br \/><br \/><\/p><ol start=\"6\"><li><b> Gu\u00eda tur\u00edstico<\/b><\/li><\/ol><p>El grupo debe estar dirigido por tres adultos. Al menos tres adultos deber\u00e1n estar siempre presentes para acompa\u00f1ar al grupo durante el evento. El gu\u00eda o gu\u00edas tur\u00edsticos ser\u00e1n responsables de cualquier da\u00f1o causado por culpa de una o m\u00e1s personas del grupo a la propiedad de terceros con los que BALLFREUNDE tenga una relaci\u00f3n contractual (como propietarios de hoteles y empresas de transporte).\u00a0<br \/><br \/><\/p><ol start=\"7\"><li><b> Duraci\u00f3n del viaje<\/b><\/li><\/ol><p>La duraci\u00f3n del viaje se indica en d\u00edas enteros. El d\u00eda de llegada y el d\u00eda de regreso se consideran d\u00edas enteros.\u00a0<br \/><br \/><\/p><ol start=\"8\"><li><b> Normas de la casa<\/b><\/li><\/ol><p>En los alojamientos en los que existen normas internas, como escuelas, albergues juveniles y hoteles, \u00e9stas deben respetarse.\u00a0<br \/><br \/><\/p><ol start=\"9\"><li><b> Programa deportivo<\/b><\/li><\/ol><p>El organizador y BALLFREUNDE se reservan el derecho de modificar el programa si existen razones justificadas para ello. BALLFREUNDE declina toda responsabilidad por la no ejecuci\u00f3n o ejecuci\u00f3n incompleta del programa debido a circunstancias ajenas a la voluntad de BALLFREUNDE.<br \/><br \/><\/p><ol start=\"10\"><li><b> Responsabilidad, exclusi\u00f3n de reclamaciones y plazo de prescripci\u00f3n<\/b><\/li><\/ol><p>10.1 La responsabilidad contractual por da\u00f1os que no sean lesiones corporales se limita al triple del precio del participante (por persona), siempre y cuando los da\u00f1os al participante no hayan sido causados intencionadamente o por negligencia grave o seamos responsables de los da\u00f1os sufridos por el participante \u00fanicamente por culpa de un proveedor de servicios. Tambi\u00e9n se aplicar\u00e1n a nuestro favor las disposiciones legales que limiten o excluyan la responsabilidad, basadas en acuerdos internacionales y a las que pueda remitirse un proveedor de servicios contratado por nosotros. Para todas las reclamaciones por da\u00f1os extracontractuales contra BALLFREUNDE que no se basen en dolo o negligencia grave, la responsabilidad por da\u00f1os materiales se limita al triple del precio del participante (por persona y evento).\u00a0<\/p><p>10.2 BALLFREUNDE no se responsabiliza de las interrupciones del servicio, da\u00f1os personales y materiales en relaci\u00f3n con servicios de terceros meramente organizados y expresamente etiquetados como tales en la oferta (por ejemplo, excursiones, visitas guiadas, visitas a parques y otras instalaciones de ocio).\u00a0<\/p><p>10.3 En general, BALLFREUNDE no ser\u00e1 responsable en caso de fuerza mayor.\u00a0<\/p><p>10.4 La participaci\u00f3n en actividades deportivas y otras actividades de ocio es responsabilidad de los participantes y compa\u00f1eros de viaje. Las instalaciones deportivas, el equipamiento y los veh\u00edculos deben ser revisados antes de su uso. BALLFREUNDE s\u00f3lo es responsable de los accidentes que se produzcan durante los eventos deportivos y otras actividades de ocio si la empresa es culpable. BALLFREUNDE recomienda contratar un seguro de accidentes.\u00a0<\/p><p>10.5 Cada participante\/viajero est\u00e1 obligado a cooperar en caso de interrupciones del servicio en el marco de las disposiciones legales con el fin de evitar o minimizar cualquier da\u00f1o. Los defectos e interrupciones deben comunicarse inmediatamente a los empleados de BALLFREUNDE in situ; BALLFREUNDE recomienda la forma escrita. Si un participante\/viajero incumple esta obligaci\u00f3n por su propia culpa, no tendr\u00e1 derecho a reclamaci\u00f3n alguna al respecto.<\/p><p>10.6 Los empleados de BALLFREUNDE in situ no est\u00e1n autorizados a reconocer reclamaciones de ning\u00fan tipo. Las reclamaciones de cualquier tipo deben presentarse al representante autorizado de BALLFREUNDE en el lugar. BALLFREUNDE recomienda la forma escrita\u00a0<\/p><p>10.7 Las reclamaciones por prestaciones no contractuales del evento reservado deber\u00e1n hacerse valer ante BALLFREUNDE en el plazo de un mes a partir de la finalizaci\u00f3n del evento acordada contractualmente. Recomendamos la forma escrita. Una vez vencido el plazo, s\u00f3lo podr\u00e1 hacer valer sus reclamaciones si se vio impedido de cumplir el plazo por causas ajenas a su voluntad. Sus reclamaciones derivadas de este contrato prescribir\u00e1n al cabo de un a\u00f1o, apart\u00e1ndose expresamente de la regulaci\u00f3n legal. El plazo de prescripci\u00f3n comienza el d\u00eda en que deber\u00eda finalizar el acontecimiento seg\u00fan el contrato.<br \/><br \/><\/p><ol start=\"11\"><li><b> Exclusi\u00f3n de la participaci\u00f3n<\/b><\/li><\/ol><p>Si resulta que un participante se comporta de forma tan acosadora que la relaci\u00f3n entre BALLFREUNDE y el proveedor de servicios (por ejemplo, transporte, alojamiento, organizador) se ve seriamente comprometida, el participante en cuesti\u00f3n podr\u00e1 ser excluido. Si el participante excluido es menor de edad, la parte contratante deber\u00e1 asegurarse de que el participante excluido, acompa\u00f1ado por un adulto autorizado para supervisarlo, abandone inmediatamente el lugar del evento y sea devuelto al punto de partida del viaje corriendo con los gastos.<\/p><p>BALLFREUNDE prestar\u00e1 su ayuda, pero los costes adicionales correr\u00e1n a cargo de la parte contratante en todos los casos. Esta norma tambi\u00e9n se aplica a equipos y clubes. Si no hay tres supervisores adultos disponibles para el grupo restante para una mayor supervisi\u00f3n, el grupo en su conjunto deber\u00e1 abandonar el evento por su propia cuenta.\u00a0<br \/><br \/><\/p><ol start=\"12\"><li><b> General\u00a0<\/b><\/li><\/ol><p>Al inscribirse en un viaje, se presupone que la directiva del club participante y el\/los gu\u00eda(s) tur\u00edstico(s) est\u00e1n de acuerdo con las condiciones generales del viaje y que todas las obligaciones con BALLFREUNDE son cumplidas por una persona autorizada. Recomendamos contratar un seguro adecuado.\u00a0<br \/><br \/><\/p><ol start=\"13\"><li><b> Disposici\u00f3n final\u00a0<\/b><\/li><\/ol><p>Los t\u00e9rminos y condiciones se aplican a todos los acuerdos entre BALLFREUNDE y el socio contractual, independientemente de los domicilios de todas las partes implicadas y del lugar donde se haya celebrado el contrato y el lugar donde se vaya a prestar el servicio. Todos los grupos que utilicen los servicios de BALLFREUNDE se equiparan a los clubes deportivos.<\/p><\/div><\/div><\/div><\/div><\/div><\/div><\/div><\/div><\/section><\/div><\/div><\/div><\/div><\/article><\/div><\/div><\/div><\/div>\t\t\t\t\t\t\t\t<\/div>\n\t\t\t\t<\/div>\n\t\t\t\t\t<\/div>\n\t\t<\/div>\n\t\t\t\t\t<\/div>\n\t\t<\/section>\n\t\t\t\t<\/div>","protected":false},"excerpt":{"rendered":"<p>Condiciones generales de contrataci\u00f3n Condiciones generales de contrataci\u00f3n de BALLFREUNDE GmbH, en lo sucesivo denominada BALLFREUNDE. 1. Inscripci\u00f3n, confirmaci\u00f3n 1.1 Con su inscripci\u00f3n, usted ofrece a BALLFREUNDE la celebraci\u00f3n vinculante de un contrato de participaci\u00f3n en el evento deseado. El contrato se perfeccionar\u00e1 cuando le confirmemos por escrito la reserva del evento. Una confirmaci\u00f3n por correo electr\u00f3nico es suficiente. Los acuerdos telef\u00f3nicos y verbales son [...]<\/p>","protected":false},"author":2,"featured_media":0,"parent":0,"menu_order":0,"comment_status":"closed","ping_status":"closed","template":"","meta":{"_jf_save_progress":"","footnotes":""},"class_list":["post-2318","page","type-page","status-publish","hentry"],"yoast_head":"<!-- This site is optimized with the Yoast SEO plugin v24.3 - https:\/\/yoast.com\/wordpress\/plugins\/seo\/ -->\n<title>AGB - European Football Cup<\/title>\n<meta name=\"robots\" content=\"index, follow, max-snippet:-1, max-image-preview:large, max-video-preview:-1\" \/>\n<link rel=\"canonical\" href=\"https:\/\/www.europeanfootballcup.com\/es\/wp-json\/wp\/v2\/pages\/2318\" \/>\n<meta property=\"og:locale\" content=\"es_ES\" \/>\n<meta property=\"og:type\" content=\"article\" \/>\n<meta property=\"og:title\" content=\"AGB - European Football Cup\" \/>\n<meta property=\"og:description\" content=\"Allgemeine Gesch\u00e4ftsbedingungen Allgemeine Gesch\u00e4ftsbedingungen der BALLFREUNDE GmbH,\u00a0nachfolgend BALLFREUNDE genannt. Anmeldung, Best\u00e4tigung 1.1 Mit Ihrer Anmeldung bieten Sie BALLFREUNDE den Abschluss eines Vertrages zur Teilnahme an der gew\u00fcnschten Veranstaltung verbindlich an. Der Vertrag kommt zustande, wenn wir Ihnen die Buchung der Veranstaltung schriftlich best\u00e4tigen. Eine Best\u00e4tigung per E-Mail ist hierbei ausreichend. Telefonische und m\u00fcndliche Absprachen werden [&hellip;]\" \/>\n<meta property=\"og:url\" content=\"https:\/\/www.europeanfootballcup.com\/es\/agb\/\" \/>\n<meta property=\"og:site_name\" content=\"European Football Cup\" \/>\n<meta property=\"article:modified_time\" content=\"2023-09-19T08:44:16+00:00\" \/>\n<meta name=\"twitter:card\" content=\"summary_large_image\" \/>\n<meta name=\"twitter:label1\" content=\"Tiempo de lectura\" \/>\n\t<meta name=\"twitter:data1\" content=\"14 minutos\" \/>\n<script type=\"application\/ld+json\" class=\"yoast-schema-graph\">{\"@context\":\"https:\/\/schema.org\",\"@graph\":[{\"@type\":\"WebPage\",\"@id\":\"https:\/\/www.europeanfootballcup.com\/agb\/\",\"url\":\"https:\/\/www.europeanfootballcup.com\/agb\/\",\"name\":\"AGB - European Football Cup\",\"isPartOf\":{\"@id\":\"https:\/\/www.europeanfootballcup.com\/#website\"},\"datePublished\":\"2023-09-19T08:15:03+00:00\",\"dateModified\":\"2023-09-19T08:44:16+00:00\",\"breadcrumb\":{\"@id\":\"https:\/\/www.europeanfootballcup.com\/agb\/#breadcrumb\"},\"inLanguage\":\"es\",\"potentialAction\":[{\"@type\":\"ReadAction\",\"target\":[\"https:\/\/www.europeanfootballcup.com\/agb\/\"]}]},{\"@type\":\"BreadcrumbList\",\"@id\":\"https:\/\/www.europeanfootballcup.com\/agb\/#breadcrumb\",\"itemListElement\":[{\"@type\":\"ListItem\",\"position\":1,\"name\":\"Home\",\"item\":\"https:\/\/www.europeanfootballcup.com\/\"},{\"@type\":\"ListItem\",\"position\":2,\"name\":\"AGB\"}]},{\"@type\":\"WebSite\",\"@id\":\"https:\/\/www.europeanfootballcup.com\/#website\",\"url\":\"https:\/\/www.europeanfootballcup.com\/\",\"name\":\"European Football Cup\",\"description\":\"Europes biggest youth tournament series\",\"publisher\":{\"@id\":\"https:\/\/www.europeanfootballcup.com\/#organization\"},\"potentialAction\":[{\"@type\":\"SearchAction\",\"target\":{\"@type\":\"EntryPoint\",\"urlTemplate\":\"https:\/\/www.europeanfootballcup.com\/?s={search_term_string}\"},\"query-input\":{\"@type\":\"PropertyValueSpecification\",\"valueRequired\":true,\"valueName\":\"search_term_string\"}}],\"inLanguage\":\"es\"},{\"@type\":\"Organization\",\"@id\":\"https:\/\/www.europeanfootballcup.com\/#organization\",\"name\":\"European Football Cup\",\"url\":\"https:\/\/www.europeanfootballcup.com\/\",\"logo\":{\"@type\":\"ImageObject\",\"inLanguage\":\"es\",\"@id\":\"https:\/\/www.europeanfootballcup.com\/#\/schema\/logo\/image\/\",\"url\":\"https:\/\/www.europeanfootballcup.com\/wp-content\/uploads\/2023\/02\/cropped-Logo_European_Football_Cup_2023.png\",\"contentUrl\":\"https:\/\/www.europeanfootballcup.com\/wp-content\/uploads\/2023\/02\/cropped-Logo_European_Football_Cup_2023.png\",\"width\":266,\"height\":200,\"caption\":\"European Football Cup\"},\"image\":{\"@id\":\"https:\/\/www.europeanfootballcup.com\/#\/schema\/logo\/image\/\"}}]}<\/script>\n<!-- \/ Yoast SEO plugin. -->","yoast_head_json":{"title":"AGB - European Football Cup","robots":{"index":"index","follow":"follow","max-snippet":"max-snippet:-1","max-image-preview":"max-image-preview:large","max-video-preview":"max-video-preview:-1"},"canonical":"https:\/\/www.europeanfootballcup.com\/es\/wp-json\/wp\/v2\/pages\/2318","og_locale":"es_ES","og_type":"article","og_title":"AGB - European Football Cup","og_description":"Allgemeine Gesch\u00e4ftsbedingungen Allgemeine Gesch\u00e4ftsbedingungen der BALLFREUNDE GmbH,\u00a0nachfolgend BALLFREUNDE genannt. Anmeldung, Best\u00e4tigung 1.1 Mit Ihrer Anmeldung bieten Sie BALLFREUNDE den Abschluss eines Vertrages zur Teilnahme an der gew\u00fcnschten Veranstaltung verbindlich an. Der Vertrag kommt zustande, wenn wir Ihnen die Buchung der Veranstaltung schriftlich best\u00e4tigen. Eine Best\u00e4tigung per E-Mail ist hierbei ausreichend. Telefonische und m\u00fcndliche Absprachen werden [&hellip;]","og_url":"https:\/\/www.europeanfootballcup.com\/es\/agb\/","og_site_name":"European Football Cup","article_modified_time":"2023-09-19T08:44:16+00:00","twitter_card":"summary_large_image","twitter_misc":{"Tiempo de lectura":"14 minutos"},"schema":{"@context":"https:\/\/schema.org","@graph":[{"@type":"WebPage","@id":"https:\/\/www.europeanfootballcup.com\/agb\/","url":"https:\/\/www.europeanfootballcup.com\/agb\/","name":"AGB - European Football Cup","isPartOf":{"@id":"https:\/\/www.europeanfootballcup.com\/#website"},"datePublished":"2023-09-19T08:15:03+00:00","dateModified":"2023-09-19T08:44:16+00:00","breadcrumb":{"@id":"https:\/\/www.europeanfootballcup.com\/agb\/#breadcrumb"},"inLanguage":"es","potentialAction":[{"@type":"ReadAction","target":["https:\/\/www.europeanfootballcup.com\/agb\/"]}]},{"@type":"BreadcrumbList","@id":"https:\/\/www.europeanfootballcup.com\/agb\/#breadcrumb","itemListElement":[{"@type":"ListItem","position":1,"name":"Home","item":"https:\/\/www.europeanfootballcup.com\/"},{"@type":"ListItem","position":2,"name":"AGB"}]},{"@type":"WebSite","@id":"https:\/\/www.europeanfootballcup.com\/#website","url":"https:\/\/www.europeanfootballcup.com\/","name":"European Football Cup","description":"Europes biggest youth tournament series","publisher":{"@id":"https:\/\/www.europeanfootballcup.com\/#organization"},"potentialAction":[{"@type":"SearchAction","target":{"@type":"EntryPoint","urlTemplate":"https:\/\/www.europeanfootballcup.com\/?s={search_term_string}"},"query-input":{"@type":"PropertyValueSpecification","valueRequired":true,"valueName":"search_term_string"}}],"inLanguage":"es"},{"@type":"Organization","@id":"https:\/\/www.europeanfootballcup.com\/#organization","name":"European Football Cup","url":"https:\/\/www.europeanfootballcup.com\/","logo":{"@type":"ImageObject","inLanguage":"es","@id":"https:\/\/www.europeanfootballcup.com\/#\/schema\/logo\/image\/","url":"https:\/\/www.europeanfootballcup.com\/wp-content\/uploads\/2023\/02\/cropped-Logo_European_Football_Cup_2023.png","contentUrl":"https:\/\/www.europeanfootballcup.com\/wp-content\/uploads\/2023\/02\/cropped-Logo_European_Football_Cup_2023.png","width":266,"height":200,"caption":"European Football Cup"},"image":{"@id":"https:\/\/www.europeanfootballcup.com\/#\/schema\/logo\/image\/"}}]}},"_links":{"self":[{"href":"https:\/\/www.europeanfootballcup.com\/es\/wp-json\/wp\/v2\/pages\/2318","targetHints":{"allow":["GET"]}}],"collection":[{"href":"https:\/\/www.europeanfootballcup.com\/es\/wp-json\/wp\/v2\/pages"}],"about":[{"href":"https:\/\/www.europeanfootballcup.com\/es\/wp-json\/wp\/v2\/types\/page"}],"author":[{"embeddable":true,"href":"https:\/\/www.europeanfootballcup.com\/es\/wp-json\/wp\/v2\/users\/2"}],"replies":[{"embeddable":true,"href":"https:\/\/www.europeanfootballcup.com\/es\/wp-json\/wp\/v2\/comments?post=2318"}],"version-history":[{"count":3,"href":"https:\/\/www.europeanfootballcup.com\/es\/wp-json\/wp\/v2\/pages\/2318\/revisions"}],"predecessor-version":[{"id":2347,"href":"https:\/\/www.europeanfootballcup.com\/es\/wp-json\/wp\/v2\/pages\/2318\/revisions\/2347"}],"wp:attachment":[{"href":"https:\/\/www.europeanfootballcup.com\/es\/wp-json\/wp\/v2\/media?parent=2318"}],"curies":[{"name":"wp","href":"https:\/\/api.w.org\/{rel}","templated":true}]}}