{"id":2329,"date":"2023-09-19T08:22:09","date_gmt":"2023-09-19T08:22:09","guid":{"rendered":"https:\/\/www.europeanfootballcup.com\/?page_id=2329"},"modified":"2025-12-05T15:57:32","modified_gmt":"2025-12-05T15:57:32","slug":"datenschutz","status":"publish","type":"page","link":"https:\/\/www.europeanfootballcup.com\/da\/datenschutz\/","title":{"rendered":"Beskyttelse af data"},"content":{"rendered":"<div data-elementor-type=\"wp-page\" data-elementor-id=\"2329\" class=\"elementor elementor-2329\" data-elementor-post-type=\"page\">\n\t\t\t\t\t\t<section class=\"elementor-section elementor-top-section elementor-element elementor-element-dffbeb7 elementor-section-full_width elementor-section-stretched elementor-section-height-default elementor-section-height-default\" data-id=\"dffbeb7\" data-element_type=\"section\" data-settings=\"{&quot;jet_parallax_layout_list&quot;:[],&quot;stretch_section&quot;:&quot;section-stretched&quot;,&quot;background_background&quot;:&quot;classic&quot;}\">\n\t\t\t\t\t\t<div class=\"elementor-container elementor-column-gap-default\">\n\t\t\t\t\t<div class=\"elementor-column elementor-col-100 elementor-top-column elementor-element elementor-element-94fdabb\" data-id=\"94fdabb\" data-element_type=\"column\">\n\t\t\t<div class=\"elementor-widget-wrap elementor-element-populated\">\n\t\t\t\t\t\t<div class=\"elementor-element elementor-element-9ede503 elementor-widget elementor-widget-heading\" data-id=\"9ede503\" data-element_type=\"widget\" data-widget_type=\"heading.default\">\n\t\t\t\t<div class=\"elementor-widget-container\">\n\t\t\t\t\t<h2 class=\"elementor-heading-title elementor-size-default\">Privatlivspolitik<\/h2>\t\t\t\t<\/div>\n\t\t\t\t<\/div>\n\t\t\t\t<div class=\"elementor-element elementor-element-ce9fb35 elementor-widget elementor-widget-text-editor\" data-id=\"ce9fb35\" data-element_type=\"widget\" data-widget_type=\"text-editor.default\">\n\t\t\t\t<div class=\"elementor-widget-container\">\n\t\t\t\t\t\t\t\t\t<div id=\"content\" class=\"site-content\"><div class=\"site-content__wrap container\"><div class=\"row\"><div id=\"primary\" class=\"col-xs-12\"><div class=\"elementor-element elementor-element-a71005e elementor-widget elementor-widget-text-editor\" data-id=\"a71005e\" data-element_type=\"widget\" data-widget_type=\"text-editor.default\"><div class=\"elementor-widget-container\"><div class=\"elementor-text-editor elementor-clearfix\"><p><strong>1. Ansvarligt organ<\/strong><\/p><p>BALLFREUNDE GmbH<br \/>Administrerende direkt\u00f8r: Fabian Ziethmann<\/p><p>Waldweg 13<br \/>21465 Wentorf<\/p><p>Telefon: +49 (0) 40 55895037<br \/>E-mail: info@ballfreunde.com<\/p><p><strong>2. indsamling, behandling og brug af personlige data<\/strong><\/p><p><strong>2.1 Personlige data<\/strong><\/p><p>Persondata er oplysninger om en identificeret eller identificerbar fysisk persons faktiske eller personlige forhold. Dette omfatter f.eks. navn, telefonnummer, adresse og alle data, som du giver os, n\u00e5r du deltager i vores arrangementer.<\/p><p>Dette omfatter ikke aggregerede data, som vi indsamler, f.eks. n\u00e5r du bes\u00f8ger vores hjemmeside eller i form af opt\u00e6llinger ved arrangementer p\u00e5 stedet, og som ikke kan knyttes direkte til din person.<\/p><p><strong>2.2 Indsamling, behandling og brug af personlige data<\/strong><\/p><p>Vi indsamler, opbevarer og behandler dine data med henblik p\u00e5 support f\u00f8r og under deltagelse i vores arrangementer, herunder eventuelle efterf\u00f8lgende garantier, til vores tjenester, teknisk administration og vores egne markedsf\u00f8ringsform\u00e5l. Dine personoplysninger vil kun blive videregivet eller p\u00e5 anden m\u00e5de overf\u00f8rt til tredjeparter, hvis dette er n\u00f8dvendigt med henblik p\u00e5 kontraktbehandling eller fakturering, eller hvis du har givet dit forudg\u00e5ende samtykke (for eksempel skal vi videregive dit navn til et hotel eller flyselskab, hvis du har booket indkvartering eller transporttjenester gennem os, men et tredjepartsfirma leverer den tilsvarende service). I forbindelse med vores arrangementer modtager de tjenesteudbydere, vi bruger her, f.eks. de n\u00f8dvendige data til ordrebehandling. De data, der videregives p\u00e5 denne m\u00e5de, m\u00e5 kun bruges af vores tjenesteudbydere til at udf\u00f8re deres opgave. Enhver anden brug af oplysningerne er ikke tilladt og finder ikke sted hos nogen af de tjenesteudbydere, vi bruger. Dine personlige data slettes, medmindre lovbestemte opbevaringsforpligtelser forhindrer dette, og hvis du har gjort krav p\u00e5 sletning, hvis dataene ikke l\u00e6ngere er n\u00f8dvendige for at opfylde det form\u00e5l, hvortil de blev gemt, eller hvis deres opbevaring er utilladelig af andre juridiske \u00e5rsager.<\/p><p><strong>2.3 Annoncering via e-mail<\/strong><\/p><p>Deltagere i vores events vil modtage anbefalinger og information om fremtidige events fra os efter deres deltagelse. Du vil automatisk modtage disse anbefalinger fra os. P\u00e5 denne m\u00e5de \u00f8nsker vi at give dig oplysninger om vores tjenester, der kan v\u00e6re af interesse for dig baseret p\u00e5 din deltagelse i tidligere arrangementer. P\u00e5 den m\u00e5de overholder vi strengt de juridiske krav. Hvis du ikke l\u00e6ngere \u00f8nsker at modtage anbefalinger eller reklamemeddelelser fra os, kan du til enhver tid g\u00f8re indsigelse mod dette. En besked i tekstform til de kontaktoplysninger, der er n\u00e6vnt under punkt 1 (f.eks. e-mail, fax, brev) er tilstr\u00e6kkelig til dette. Naturligvis finder du ogs\u00e5 et afmeldingslink i hver e-mail.<\/p><p><strong>3. logfiler<\/strong><\/p><p>Hver gang der er adgang til vores hjemmeside, overf\u00f8res brugsdata af den respektive webbrowser og gemmes i logfiler, de s\u00e5kaldte serverlogfiler. De gemte dataposter indeholder f\u00f8lgende data: Dato og klokkesl\u00e6t for adgang, navn p\u00e5 den side, der er adgang til, IP-adresse, referrer URL (oprindelses-URL, hvorfra du kom til websiderne), m\u00e6ngden af overf\u00f8rte data samt produkt- og versionsnummer for den anvendte browser. Brugernes IP-adresser slettes eller anonymiseres efter 30 dage. I tilf\u00e6lde af anonymisering \u00e6ndres IP-adresserne p\u00e5 en s\u00e5dan m\u00e5de, at de enkelte detaljer om personlige eller faktuelle omst\u00e6ndigheder ikke l\u00e6ngere kan tildeles en bestemt eller identificerbar fysisk person, eller kun med en uforholdsm\u00e6ssig m\u00e6ngde tid, omkostninger og arbejde. Vi analyserer disse logfil-dataposter i anonymiseret form for yderligere at forbedre vores hjemmesider og finde tekniske fejl hurtigere.<\/p><p><strong>4. google analytics<\/strong><\/p><p>Dette websted bruger Google Analytics, en webanalysetjeneste leveret af Google Inc (\"Google\"). Google Analytics bruger \"cookies\", som er tekstfiler, der placeres p\u00e5 din computer, for at hj\u00e6lpe webstedet med at analysere, hvordan brugerne bruger webstedet. De oplysninger, der genereres af cookien om din brug af dette websted, overf\u00f8res normalt til en Google-server i USA og gemmes der. Men hvis IP-anonymisering er aktiveret p\u00e5 denne hjemmeside, vil din IP-adresse blive forkortet af Google p\u00e5 forh\u00e5nd inden for medlemslandene i Den Europ\u00e6iske Union eller i andre kontraherende stater i aftalen om Det Europ\u00e6iske \u00d8konomiske Samarbejdsomr\u00e5de. Kun i undtagelsestilf\u00e6lde vil den fulde IP-adresse blive overf\u00f8rt til en Google-server i USA og forkortet der. P\u00e5 vegne af operat\u00f8ren af dette websted vil Google bruge disse oplysninger til at analysere din brug af webstedet, til at udarbejde rapporter om webstedsaktivitet og til at levere andre tjenester relateret til webstedsaktivitet og internetbrug til webstedsoperat\u00f8ren. Den IP-adresse, der overf\u00f8res af din browser som en del af Google Analytics, vil ikke blive sl\u00e5et sammen med andre Google-data. Du kan afvise brugen af cookies ved at v\u00e6lge de relevante indstillinger i din browser, men bem\u00e6rk venligst, at hvis du g\u00f8r dette, kan du muligvis ikke bruge den fulde funktionalitet p\u00e5 denne hjemmeside.<\/p><p>Du kan ogs\u00e5 forhindre Google i at indsamle de data, der genereres af cookien, og som vedr\u00f8rer din brug af hjemmesiden (herunder din IP-adresse), og i at behandle disse data af Google ved at downloade og installere det browser-plug-in, der er tilg\u00e6ngeligt p\u00e5 f\u00f8lgende link: http:\/\/tools.google.com\/dlpage\/gaoptout?hl=de<\/p><p>Ved at bruge mannschaftsausfahrt.de accepterer du, at Google behandler data om dig p\u00e5 den m\u00e5de og til de form\u00e5l, der er beskrevet ovenfor.<\/p><p>Hvis du ikke \u00f8nsker, at oplysninger om dit bes\u00f8g p\u00e5 hjemmesiden skal overf\u00f8res til Google Analytics, har du mulighed for at installere en \"deaktiveringstilf\u00f8jelse\" til din browser. Du kan downloade denne add-on p\u00e5 http:\/\/tools.google.com\/dlpage\/gaoptout?hl=de. Bem\u00e6rk dog, at dette i \u00f8jeblikket kun er tilg\u00e6ngeligt for Microsoft Internet Explorer, Google Chrome, Mozilla Firefox, Apple Safari og Opera.<\/p><p>Uden dit udtrykkelige samtykke vil vi ikke bruge sporingsv\u00e6rkt\u00f8jerne til at indsamle personlige data om dig ubem\u00e6rket, til at overf\u00f8re s\u00e5danne data til tredjepartsudbydere og marketingplatforme eller til at forbinde dataene med dine personlige data (navn, adresse osv.).<\/p><p data-path-to-node=\"5\"><strong>5. brug af WhatsApp-chatten p\u00e5 hjemmesiden<\/strong><\/p><p data-path-to-node=\"3\">For at kunne tilbyde dig en hurtig og direkte kommunikationskanal kan vi bruge en <b>WhatsApp chat-knap<\/b> eller en tilsvarende widget p\u00e5 vores hjemmeside. Brugen af denne tjeneste kr\u00e6ver overholdelse af s\u00e6rlige databeskyttelsesbestemmelser:<\/p><ul data-path-to-node=\"4\"><li><p data-path-to-node=\"4,0,0\">Ansvarlig tjenesteudbyder: WhatsApp-tjenesten tilbydes af Meta Platforms, Inc. (tidligere Facebook Inc.) i USA. Metas privatlivspolitik g\u00e6lder for brugen af tjenesten.<\/p><\/li><li><p data-path-to-node=\"4,1,0\">Datatransmission: S\u00e5 snart du klikker p\u00e5 WhatsApp-knappen p\u00e5 vores hjemmeside og starter chatten, oprettes der en forbindelse til Meta\/WhatsApp-serverne. Personlige data kan overf\u00f8res til Meta i processen, is\u00e6r<\/p><ul data-path-to-node=\"4,1,1\"><li><p data-path-to-node=\"4,1,1,0,0\">Dit telefonnummer og det tilsvarende WhatsApp-id.<\/p><\/li><li><p data-path-to-node=\"4,1,1,1,0\">Indholdet af de beskeder, du sender.<\/p><\/li><li><p data-path-to-node=\"4,1,1,2,0\">Tekniske data (f.eks. tidspunkt for chatten, enhedstype).<\/p><\/li><\/ul><\/li><li><p data-path-to-node=\"4,2,0\">Behandling af BALLFREUNDE: De oplysninger, du sender til os via WhatsApp-chatten (f.eks. navn, anmodning, kontaktoplysninger), vil udelukkende blive brugt og behandlet af os til at behandle din foresp\u00f8rgsel eller til kontraktbehandling (tilmelding til arrangementer).<\/p><\/li><li><p data-path-to-node=\"4,3,0\">Retsgrundlag: Brugen af WhatsApp-chatten er frivillig og er baseret p\u00e5 dit udtrykkelige samtykke (art. 6, stk. 1, litra a, i GDPR), som du giver ved aktivt at starte chatten.<\/p><\/li><li><p data-path-to-node=\"4,4,0\">Din kontrol: Hvis du \u00f8nsker at forhindre overf\u00f8rsel af data til Meta\/WhatsApp, bedes du bruge alternative kontaktmuligheder (f.eks. e-mail eller telefon, se afsnit 1). Bem\u00e6rk, at Meta\/WhatsApp som amerikansk virksomhed behandler data uden for GDPR's anvendelsesomr\u00e5de.<\/p><\/li><\/ul><p data-path-to-node=\"5\"><b>Bem\u00e6rk:<\/b> Vi har ingen indflydelse p\u00e5 Meta\/WhatsApps indsamling og videre behandling af data. Vi anbefaler, at du l\u00e6ser Meta\/WhatsApps privatlivspolitik, f\u00f8r du bruger tjenesten.<\/p><p><strong>6. den registreredes ret til information<\/strong><\/p><p>I henhold til den f\u00f8derale databeskyttelseslov har du ret til gratis information om dine lagrede data og om n\u00f8dvendigt ret til korrektion, blokering eller sletning af data. Vi tager beskyttelsen af dine data meget alvorligt. For at sikre, at personoplysninger ikke videregives til tredjeparter, bedes du sende din foresp\u00f8rgsel pr. e-mail eller post til den adresse, der er angivet under punkt 1.<\/p><\/div><\/div><\/div><\/div><\/div><\/div><\/div>\t\t\t\t\t\t\t\t<\/div>\n\t\t\t\t<\/div>\n\t\t\t\t\t<\/div>\n\t\t<\/div>\n\t\t\t\t\t<\/div>\n\t\t<\/section>\n\t\t\t\t<\/div>","protected":false},"excerpt":{"rendered":"<p>Datenschutzerkl\u00e4rung 1. Verantwortliche Stelle BALLFREUNDE GmbHGesch\u00e4ftsf\u00fchrer: Fabian Ziethmann Waldweg 1321465 Wentorf Tel.: +49 (0) 40 55895037E-Mail: info@ballfreunde.com 2. Erhebung, Verarbeitung und Nutzung personenbezogener Daten 2.1 Personenbezogene Daten Personenbezogene Daten sind Angaben \u00fcber sachliche oder pers\u00f6nliche Verh\u00e4ltnisse einer bestimmten oder bestimmbaren nat\u00fcrlichen Person. Hierunter fallen beispielsweise Name, Telefonnummer, Anschrift sowie s\u00e4mtliche Daten, welche Sie uns im [&hellip;]<\/p>","protected":false},"author":2,"featured_media":0,"parent":0,"menu_order":0,"comment_status":"closed","ping_status":"closed","template":"","meta":{"_jf_save_progress":"","footnotes":""},"class_list":["post-2329","page","type-page","status-publish","hentry"],"yoast_head":"<!-- This site is optimized with the Yoast SEO plugin v24.3 - https:\/\/yoast.com\/wordpress\/plugins\/seo\/ -->\n<title>Datenschutz - European Football Cup<\/title>\n<meta name=\"robots\" content=\"index, follow, max-snippet:-1, max-image-preview:large, max-video-preview:-1\" \/>\n<link rel=\"canonical\" href=\"https:\/\/www.europeanfootballcup.com\/da\/wp-json\/wp\/v2\/pages\/2329\" \/>\n<meta property=\"og:locale\" content=\"da_DK\" \/>\n<meta property=\"og:type\" content=\"article\" \/>\n<meta property=\"og:title\" content=\"Datenschutz - European Football Cup\" \/>\n<meta property=\"og:description\" content=\"Datenschutzerkl\u00e4rung 1. Verantwortliche Stelle BALLFREUNDE GmbHGesch\u00e4ftsf\u00fchrer: Fabian Ziethmann Waldweg 1321465 Wentorf Tel.: +49 (0) 40 55895037E-Mail: info@ballfreunde.com 2. Erhebung, Verarbeitung und Nutzung personenbezogener Daten 2.1 Personenbezogene Daten Personenbezogene Daten sind Angaben \u00fcber sachliche oder pers\u00f6nliche Verh\u00e4ltnisse einer bestimmten oder bestimmbaren nat\u00fcrlichen Person. Hierunter fallen beispielsweise Name, Telefonnummer, Anschrift sowie s\u00e4mtliche Daten, welche Sie uns im [&hellip;]\" \/>\n<meta property=\"og:url\" content=\"https:\/\/www.europeanfootballcup.com\/da\/datenschutz\/\" \/>\n<meta property=\"og:site_name\" content=\"European Football Cup\" \/>\n<meta property=\"article:modified_time\" content=\"2025-12-05T15:57:32+00:00\" \/>\n<meta name=\"twitter:card\" content=\"summary_large_image\" \/>\n<meta name=\"twitter:label1\" content=\"Estimeret l\u00e6setid\" \/>\n\t<meta name=\"twitter:data1\" content=\"11 minutter\" \/>\n<script type=\"application\/ld+json\" class=\"yoast-schema-graph\">{\"@context\":\"https:\/\/schema.org\",\"@graph\":[{\"@type\":\"WebPage\",\"@id\":\"https:\/\/www.europeanfootballcup.com\/datenschutz\/\",\"url\":\"https:\/\/www.europeanfootballcup.com\/datenschutz\/\",\"name\":\"Datenschutz - European Football Cup\",\"isPartOf\":{\"@id\":\"https:\/\/www.europeanfootballcup.com\/#website\"},\"datePublished\":\"2023-09-19T08:22:09+00:00\",\"dateModified\":\"2025-12-05T15:57:32+00:00\",\"breadcrumb\":{\"@id\":\"https:\/\/www.europeanfootballcup.com\/datenschutz\/#breadcrumb\"},\"inLanguage\":\"da-DK\",\"potentialAction\":[{\"@type\":\"ReadAction\",\"target\":[\"https:\/\/www.europeanfootballcup.com\/datenschutz\/\"]}]},{\"@type\":\"BreadcrumbList\",\"@id\":\"https:\/\/www.europeanfootballcup.com\/datenschutz\/#breadcrumb\",\"itemListElement\":[{\"@type\":\"ListItem\",\"position\":1,\"name\":\"Home\",\"item\":\"https:\/\/www.europeanfootballcup.com\/\"},{\"@type\":\"ListItem\",\"position\":2,\"name\":\"Datenschutz\"}]},{\"@type\":\"WebSite\",\"@id\":\"https:\/\/www.europeanfootballcup.com\/#website\",\"url\":\"https:\/\/www.europeanfootballcup.com\/\",\"name\":\"European Football Cup\",\"description\":\"Europes biggest youth tournament series\",\"publisher\":{\"@id\":\"https:\/\/www.europeanfootballcup.com\/#organization\"},\"potentialAction\":[{\"@type\":\"SearchAction\",\"target\":{\"@type\":\"EntryPoint\",\"urlTemplate\":\"https:\/\/www.europeanfootballcup.com\/?s={search_term_string}\"},\"query-input\":{\"@type\":\"PropertyValueSpecification\",\"valueRequired\":true,\"valueName\":\"search_term_string\"}}],\"inLanguage\":\"da-DK\"},{\"@type\":\"Organization\",\"@id\":\"https:\/\/www.europeanfootballcup.com\/#organization\",\"name\":\"European Football Cup\",\"url\":\"https:\/\/www.europeanfootballcup.com\/\",\"logo\":{\"@type\":\"ImageObject\",\"inLanguage\":\"da-DK\",\"@id\":\"https:\/\/www.europeanfootballcup.com\/#\/schema\/logo\/image\/\",\"url\":\"https:\/\/www.europeanfootballcup.com\/wp-content\/uploads\/2023\/02\/cropped-Logo_European_Football_Cup_2023.png\",\"contentUrl\":\"https:\/\/www.europeanfootballcup.com\/wp-content\/uploads\/2023\/02\/cropped-Logo_European_Football_Cup_2023.png\",\"width\":266,\"height\":200,\"caption\":\"European Football Cup\"},\"image\":{\"@id\":\"https:\/\/www.europeanfootballcup.com\/#\/schema\/logo\/image\/\"}}]}<\/script>\n<!-- \/ Yoast SEO plugin. -->","yoast_head_json":{"title":"Datenschutz - European Football Cup","robots":{"index":"index","follow":"follow","max-snippet":"max-snippet:-1","max-image-preview":"max-image-preview:large","max-video-preview":"max-video-preview:-1"},"canonical":"https:\/\/www.europeanfootballcup.com\/da\/wp-json\/wp\/v2\/pages\/2329","og_locale":"da_DK","og_type":"article","og_title":"Datenschutz - European Football Cup","og_description":"Datenschutzerkl\u00e4rung 1. Verantwortliche Stelle BALLFREUNDE GmbHGesch\u00e4ftsf\u00fchrer: Fabian Ziethmann Waldweg 1321465 Wentorf Tel.: +49 (0) 40 55895037E-Mail: info@ballfreunde.com 2. Erhebung, Verarbeitung und Nutzung personenbezogener Daten 2.1 Personenbezogene Daten Personenbezogene Daten sind Angaben \u00fcber sachliche oder pers\u00f6nliche Verh\u00e4ltnisse einer bestimmten oder bestimmbaren nat\u00fcrlichen Person. Hierunter fallen beispielsweise Name, Telefonnummer, Anschrift sowie s\u00e4mtliche Daten, welche Sie uns im [&hellip;]","og_url":"https:\/\/www.europeanfootballcup.com\/da\/datenschutz\/","og_site_name":"European Football Cup","article_modified_time":"2025-12-05T15:57:32+00:00","twitter_card":"summary_large_image","twitter_misc":{"Estimeret l\u00e6setid":"11 minutter"},"schema":{"@context":"https:\/\/schema.org","@graph":[{"@type":"WebPage","@id":"https:\/\/www.europeanfootballcup.com\/datenschutz\/","url":"https:\/\/www.europeanfootballcup.com\/datenschutz\/","name":"Datenschutz - European Football Cup","isPartOf":{"@id":"https:\/\/www.europeanfootballcup.com\/#website"},"datePublished":"2023-09-19T08:22:09+00:00","dateModified":"2025-12-05T15:57:32+00:00","breadcrumb":{"@id":"https:\/\/www.europeanfootballcup.com\/datenschutz\/#breadcrumb"},"inLanguage":"da-DK","potentialAction":[{"@type":"ReadAction","target":["https:\/\/www.europeanfootballcup.com\/datenschutz\/"]}]},{"@type":"BreadcrumbList","@id":"https:\/\/www.europeanfootballcup.com\/datenschutz\/#breadcrumb","itemListElement":[{"@type":"ListItem","position":1,"name":"Home","item":"https:\/\/www.europeanfootballcup.com\/"},{"@type":"ListItem","position":2,"name":"Datenschutz"}]},{"@type":"WebSite","@id":"https:\/\/www.europeanfootballcup.com\/#website","url":"https:\/\/www.europeanfootballcup.com\/","name":"European Football Cup","description":"Europes biggest youth tournament series","publisher":{"@id":"https:\/\/www.europeanfootballcup.com\/#organization"},"potentialAction":[{"@type":"SearchAction","target":{"@type":"EntryPoint","urlTemplate":"https:\/\/www.europeanfootballcup.com\/?s={search_term_string}"},"query-input":{"@type":"PropertyValueSpecification","valueRequired":true,"valueName":"search_term_string"}}],"inLanguage":"da-DK"},{"@type":"Organization","@id":"https:\/\/www.europeanfootballcup.com\/#organization","name":"European Football Cup","url":"https:\/\/www.europeanfootballcup.com\/","logo":{"@type":"ImageObject","inLanguage":"da-DK","@id":"https:\/\/www.europeanfootballcup.com\/#\/schema\/logo\/image\/","url":"https:\/\/www.europeanfootballcup.com\/wp-content\/uploads\/2023\/02\/cropped-Logo_European_Football_Cup_2023.png","contentUrl":"https:\/\/www.europeanfootballcup.com\/wp-content\/uploads\/2023\/02\/cropped-Logo_European_Football_Cup_2023.png","width":266,"height":200,"caption":"European Football Cup"},"image":{"@id":"https:\/\/www.europeanfootballcup.com\/#\/schema\/logo\/image\/"}}]}},"_links":{"self":[{"href":"https:\/\/www.europeanfootballcup.com\/da\/wp-json\/wp\/v2\/pages\/2329","targetHints":{"allow":["GET"]}}],"collection":[{"href":"https:\/\/www.europeanfootballcup.com\/da\/wp-json\/wp\/v2\/pages"}],"about":[{"href":"https:\/\/www.europeanfootballcup.com\/da\/wp-json\/wp\/v2\/types\/page"}],"author":[{"embeddable":true,"href":"https:\/\/www.europeanfootballcup.com\/da\/wp-json\/wp\/v2\/users\/2"}],"replies":[{"embeddable":true,"href":"https:\/\/www.europeanfootballcup.com\/da\/wp-json\/wp\/v2\/comments?post=2329"}],"version-history":[{"count":3,"href":"https:\/\/www.europeanfootballcup.com\/da\/wp-json\/wp\/v2\/pages\/2329\/revisions"}],"predecessor-version":[{"id":3366,"href":"https:\/\/www.europeanfootballcup.com\/da\/wp-json\/wp\/v2\/pages\/2329\/revisions\/3366"}],"wp:attachment":[{"href":"https:\/\/www.europeanfootballcup.com\/da\/wp-json\/wp\/v2\/media?parent=2329"}],"curies":[{"name":"wp","href":"https:\/\/api.w.org\/{rel}","templated":true}]}}