{"id":2318,"date":"2023-09-19T08:15:03","date_gmt":"2023-09-19T08:15:03","guid":{"rendered":"https:\/\/www.europeanfootballcup.com\/?page_id=2318"},"modified":"2023-09-19T08:44:16","modified_gmt":"2023-09-19T08:44:16","slug":"agb","status":"publish","type":"page","link":"https:\/\/www.europeanfootballcup.com\/da\/agb\/","title":{"rendered":"AGB"},"content":{"rendered":"<div data-elementor-type=\"wp-page\" data-elementor-id=\"2318\" class=\"elementor elementor-2318\" data-elementor-post-type=\"page\">\n\t\t\t\t\t\t<section class=\"elementor-section elementor-top-section elementor-element elementor-element-dffbeb7 elementor-section-full_width elementor-section-stretched elementor-section-height-default elementor-section-height-default\" data-id=\"dffbeb7\" data-element_type=\"section\" data-settings=\"{&quot;jet_parallax_layout_list&quot;:[],&quot;stretch_section&quot;:&quot;section-stretched&quot;,&quot;background_background&quot;:&quot;classic&quot;}\">\n\t\t\t\t\t\t<div class=\"elementor-container elementor-column-gap-default\">\n\t\t\t\t\t<div class=\"elementor-column elementor-col-100 elementor-top-column elementor-element elementor-element-94fdabb\" data-id=\"94fdabb\" data-element_type=\"column\">\n\t\t\t<div class=\"elementor-widget-wrap elementor-element-populated\">\n\t\t\t\t\t\t<div class=\"elementor-element elementor-element-9ede503 elementor-widget elementor-widget-heading\" data-id=\"9ede503\" data-element_type=\"widget\" data-widget_type=\"heading.default\">\n\t\t\t\t<div class=\"elementor-widget-container\">\n\t\t\t\t\t<h2 class=\"elementor-heading-title elementor-size-default\">Generelt <br> Vilk\u00e5r og betingelser<\/h2>\t\t\t\t<\/div>\n\t\t\t\t<\/div>\n\t\t\t\t<div class=\"elementor-element elementor-element-ce9fb35 elementor-widget elementor-widget-text-editor\" data-id=\"ce9fb35\" data-element_type=\"widget\" data-widget_type=\"text-editor.default\">\n\t\t\t\t<div class=\"elementor-widget-container\">\n\t\t\t\t\t\t\t\t\t<div id=\"content\" class=\"site-content\"><div class=\"site-content__wrap container\"><div class=\"row\"><div id=\"primary\" class=\"col-xs-12\"><article id=\"post-6325\" class=\"post-6325 page type-page status-publish hentry\"><div class=\"page-content\"><div class=\"elementor elementor-6325\" data-elementor-type=\"wp-page\" data-elementor-id=\"6325\" data-elementor-post-type=\"page\"><div class=\"elementor-inner\"><div class=\"elementor-section-wrap\"><section class=\"elementor-section elementor-top-section elementor-element elementor-element-ab46c91 elementor-section-full_width elementor-section-height-default elementor-section-height-default\" data-id=\"ab46c91\" data-element_type=\"section\" data-settings=\"{&quot;background_background&quot;:&quot;classic&quot;}\"><div class=\"elementor-container elementor-column-gap-default\"><div class=\"elementor-row\"><div class=\"elementor-column elementor-col-100 elementor-top-column elementor-element elementor-element-1511469\" data-id=\"1511469\" data-element_type=\"column\"><div class=\"elementor-column-wrap elementor-element-populated\"><div class=\"elementor-widget-wrap\"><div class=\"elementor-element elementor-element-6488e28 elementor-widget elementor-widget-text-editor\" data-id=\"6488e28\" data-element_type=\"widget\" data-widget_type=\"text-editor.default\"><div class=\"elementor-widget-container\"><div class=\"elementor-text-editor elementor-clearfix\"><p><b>Generelle vilk\u00e5r og betingelser for BALLFREUNDE GmbH,\u00a0<\/b><b>i det f\u00f8lgende ben\u00e6vnt BALLFREUNDE.<\/b><b><\/b><\/p><ol><li><b> Registrering, bekr\u00e6ftelse<\/b><\/li><\/ol><p>1.1 Med din tilmelding afgiver du et bindende tilbud til BALLFREUNDE om at indg\u00e5 en kontrakt om deltagelse i det \u00f8nskede arrangement. Kontrakten er indg\u00e5et, n\u00e5r vi bekr\u00e6fter bookingen af arrangementet skriftligt. En bekr\u00e6ftelse via e-mail er tilstr\u00e6kkelig. Telefoniske og mundtlige aftaler bliver f\u00f8rst bindende, n\u00e5r de er bekr\u00e6ftet skriftligt af os.\u00a0<\/p><p>1.2 Tilmeldingen foretages ogs\u00e5 af ans\u00f8geren for alle deltagere, der er anf\u00f8rt i tilmeldingen\/listen, for hvis kontraktlige forpligtelser ans\u00f8geren er ansvarlig som for sine egne forpligtelser.\u00a0<\/p><p>1.3 Med din tilmelding accepterer du BALLFREUNDEs turneringsregler.<br \/><br \/><\/p><ol start=\"2\"><li><b> Betaling\u00a0<\/b><\/li><\/ol><p>2.1 Tilmeldingsgebyret forfalder ved tilmelding og skal betales inden for den betalingsfrist, der er angivet p\u00e5 fakturaen. Dette refunderes generelt ikke. <br \/>Vi g\u00f8r udtrykkeligt opm\u00e6rksom p\u00e5, at tilmeldingsgebyret ikke refunderes, selv om arrangementet aflyses af en myndighed eller anden tredjepart p\u00e5 grund af en risiko, som BALLFREUNDE ikke er ansvarlig for. Det samme g\u00e6lder, hvis det af BALLFREUNDE lejede idr\u00e6tsanl\u00e6g ikke kan benyttes af \u00e5rsager, som BALLFREUNDE ikke er ansvarlig for.<\/p><p>2.2 Deltagergebyret skal betales senest otte uger f\u00f8r arrangementets start, som det fremg\u00e5r af fakturaen, der sendes pr. e-mail.<\/p><p>Gebyrerne i tilf\u00e6lde af afbestilling, behandling og ombooking forfalder straks. Bel\u00f8bene for udbetaling, slutbetaling og afbestilling, hvis relevant, er angivet i reservationsbekr\u00e6ftelsen. Betalinger skal foretages i \u00e9t bel\u00f8b for alle tilmeldte deltagere med angivelse af det oplyste fakturanummer.\u00a0<\/p><p>2.3 I tilf\u00e6lde af bookinger foretaget med kort varsel (otte uger eller mere f\u00f8r arrangementets start) forfalder hele deltagergebyret til betaling med det samme.<\/p><p>2.4 Hvis den endelige betalingsfrist ikke overholdes, kan BALLFREUNDE tr\u00e6kke sig ud af den eksisterende bookingkontrakt efter en mislykket p\u00e5mindelse med en afdragsfri periode og kr\u00e6ve afbestillingsgebyrer som kompensation i overensstemmelse med afsnit 4.2. De endelige oplysninger vil f\u00f8rst blive udleveret efter modtagelse af den endelige betaling, dog tidligst 14 dage f\u00f8r arrangementets start.\u00a0<br \/><br \/><\/p><ol start=\"3\"><li><b> Ydeevne<\/b><\/li><\/ol><p>De tjenester, der skal leveres af BALLFREUNDE, er beskrevet i de generelle oplysninger. Afvigelser fra dette kr\u00e6ver en skriftlig aftale.<br \/><br \/><\/p><ol start=\"4\"><li><b> Deltagerens\/deltagernes tilbagetr\u00e6kning, afbestillingsgebyr\u00a0<\/b><\/li><\/ol><p>4.1 Det er muligt at tr\u00e6kke sig fra deltagelse til enhver tid f\u00f8r arrangementets start (under hensyntagen til mulige omkostninger i overensstemmelse med afsnit 4.2). Afg\u00f8rende er BALLFREUNDEs modtagelse af afbestillingsmeddelelsen. Aflysningen af arrangementet skal ske skriftligt. Aflysning pr. e-mail er ikke tilstr\u00e6kkelig. Hvis en deltager\/rejsende tr\u00e6kker sig, eller hvis rejsen til arrangementet ikke p\u00e5begyndes af \u00e5rsager (med undtagelse af tilf\u00e6lde af force majeure reguleret under punkt 10), som BALLFREUNDE ikke er ansvarlig for, kan BALLFREUNDE kr\u00e6ve rimelig kompensation for de foretagne arrangementer og afholdte udgifter. Ved beregning af kompensationen skal der tages hensyn til normalt sparede udgifter og en normalt mulig alternativ brug af eventtjenesterne. Det st\u00e5r dig frit for at bevise, at der ikke er afholdt nogen eller v\u00e6sentligt lavere omkostninger i forbindelse med aflysningen eller den manglende p\u00e5begyndelse af rejsen end de omkostninger, der er angivet af os i engangsbel\u00f8bet (se 4.2).<\/p><p>4.2 F\u00f8lgende omkostninger skal generelt betales ud over behandlingsgebyret p\u00e5 EUR 25 pr. booking i tilf\u00e6lde af aflysning af arrangementet (inklusive individuelle personer):<\/p><ul><li aria-level=\"1\">op til 90 dage f\u00f8r arrangementets start: ingen yderligere omkostninger<\/li><li aria-level=\"1\">fra den 89. til den 31. dag f\u00f8r begivenhedens begyndelse: 40% af <br \/>Deltagerpris (pr. person)<\/li><li aria-level=\"1\">fra den 30. til den 16. dag f\u00f8r arrangementets start: 60% af deltagerprisen (pr. person)<\/li><li aria-level=\"1\">fra den 15. dag f\u00f8r arrangementets start: 90% af deltagerprisen (pr. person)<\/li><li aria-level=\"1\">i tilf\u00e6lde af udeblivelse ved arrangementets begyndelse: 100% af deltagergebyret (pr. person)<\/li><\/ul><p>4.3 P\u00e5 anmodning vil BALLFREUNDE, hvis det er muligt, \u00e6ndre antallet af personer i reservationen med 10% (rundet op til det n\u00e6ste fulde antal personer) en gang uden beregning.\u00a0<br \/>Denne bestemmelse g\u00e6lder kun op til otte uger f\u00f8r arrangementets start.\u00a0<\/p><p>BALLFREUNDE forbeholder sig ret til at opkr\u00e6ve et ekstra behandlingsgebyr p\u00e5 EUR 25,00 pr. transaktion for eventuelle yderligere \u00e6ndringer af reservationsbekr\u00e6ftelsen.\u00a0<\/p><p>\u00c6ndringer i antallet af personer i reservationen med mere end 10 % (rundet op til det n\u00e6ste hele antal personer) er kun muligt med samtykke fra BALLFREUNDE.\u00a0<\/p><p>Det samme g\u00e6lder for \u00e6ndringer i antallet af personer i bookingen inden for en periode p\u00e5 otte uger op til arrangementets start.\u00a0<\/p><p>4.4 Aflysninger fra enkeltpersoner kan medf\u00f8re tab af rabatter\/pakkepriser for foreningen.\u00a0<\/p><p>4.5 BALLFREUNDE anbefaler at tegne en afbestillingsforsikring.<br \/><br \/><\/p><ol start=\"5\"><li><b> Annullering og opsigelse af BALLFREUNDE\u00a0<\/b><\/li><\/ol><p>5.1 Aflysning af turneringen p\u00e5 grund af force majeure \/ Covid-19<\/p><p>BALLFREUNDE antager, at alle turneringer vil finde sted som normalt. I det usandsynlige tilf\u00e6lde, at dette ikke er muligt, vil BALLFREUNDE aflyse turneringen. Aflysninger vil kun blive foretaget, hvis de ansvarlige myndigheder forbyder afholdelsen af turneringen, hvis der er rejseforbud eller en officiel rejseadvarsel for den ber\u00f8rte region.<br \/>I dette s\u00e6rlige tilf\u00e6lde vil BALLFREUNDE straks refundere hele det indbetalte deltagergebyr uden fradrag.<\/p><p>5.2 Adf\u00e6rd i strid med kontrakten<\/p><p>BALLFREUNDE kan oph\u00e6ve kontrakten uden varsel, hvis deltageren trods advarsel fra BALLFREUNDE vedvarende forstyrrer arrangementets gennemf\u00f8relse, eller hvis han opf\u00f8rer sig i strid med kontrakten i en s\u00e5dan grad, at \u00f8jeblikkelig oph\u00e6velse af kontrakten er berettiget. Hvis BALLFREUNDE annullerer kontrakten, bevarer BALLFREUNDE retten til deltagergebyret med fradrag af v\u00e6rdien af de sparede udgifter og de sparede fordele, der f\u00f8lger af enhver anden brug af de ikke udnyttede tjenester.\u00a0<br \/><br \/><\/p><ol start=\"6\"><li><b> Rejseleder<\/b><\/li><\/ol><p>Gruppen skal ledes af tre voksne. Mindst tre voksne skal altid v\u00e6re til stede for at ledsage gruppen under arrangementet. Rejselederen\/rejselederne er ansvarlig(e) for enhver skade, som en eller flere personer i gruppen forvolder p\u00e5 tredjemands ejendom, som BALLFREUNDE har et kontraktligt forhold til (f.eks. hotelejere og transportvirksomheder).\u00a0<br \/><br \/><\/p><ol start=\"7\"><li><b> Turens varighed<\/b><\/li><\/ol><p>Rejsens varighed angives i hele dage. Ankomstdagen og hjemkomstdagen betragtes som hele dage.\u00a0<br \/><br \/><\/p><ol start=\"8\"><li><b> Husets regler<\/b><\/li><\/ol><p>P\u00e5 overnatningssteder, hvor der er husregler, s\u00e5som skoler, vandrehjem og hoteller, skal disse overholdes.\u00a0<br \/><br \/><\/p><ol start=\"9\"><li><b> Sportsprogram<\/b><\/li><\/ol><p>Arrang\u00f8ren og BALLFREUNDE forbeholder sig ret til at \u00e6ndre i programmet, hvis der er begrundede \u00e5rsager til det. BALLFREUNDE p\u00e5tager sig intet ansvar for manglende eller ufuldst\u00e6ndig gennemf\u00f8relse af programmet som f\u00f8lge af omst\u00e6ndigheder uden for BALLFREUNDE's kontrol.<br \/><br \/><\/p><ol start=\"10\"><li><b> Ansvar, udelukkelse af krav og for\u00e6ldelsesfrist<\/b><\/li><\/ol><p>10.1 Kontraktligt ansvar for andre skader end personskader er begr\u00e6nset til tre gange deltagerprisen (pr. person), for s\u00e5 vidt skaden p\u00e5 deltageren ikke er for\u00e5rsaget fors\u00e6tligt eller ved grov uagtsomhed, eller vi er ansvarlige for skader, der er p\u00e5f\u00f8rt deltageren udelukkende p\u00e5 grund af en fejl fra en tjenesteudbyder. Lovbestemmelser, der begr\u00e6nser eller udelukker ansvar, som er baseret p\u00e5 internationale aftaler, og som en tjenesteudbyder, der er ansat af os, kan henvise til, g\u00e6lder ogs\u00e5 til vores fordel. For alle erstatningskrav mod BALLFREUNDE, der ikke er baseret p\u00e5 fors\u00e6t eller grov uagtsomhed, er ansvaret for materielle skader begr\u00e6nset til tre gange deltagerprisen (pr. person og arrangement).\u00a0<\/p><p>10.2 BALLFREUNDE er ikke ansvarlig for serviceforstyrrelser, personskader og materielle skader i forbindelse med tredjepartsydelser, der blot er arrangeret og udtrykkeligt m\u00e6rket som s\u00e5dan i tilbuddet (f.eks. udflugter, ture, bes\u00f8g i parker og andre fritidsfaciliteter).\u00a0<\/p><p>10.3 BALLFREUNDE er generelt ikke ansvarlig i tilf\u00e6lde af force majeure.\u00a0<\/p><p>10.4 Deltagelse i sport og andre fritidsaktiviteter er deltagernes og de medrejsendes eget ansvar. Sportsfaciliteter, udstyr og k\u00f8ret\u00f8jer skal kontrolleres f\u00f8r brug. BALLFREUNDE er kun ansvarlig for ulykker, der sker under sportsarrangementer og andre fritidsaktiviteter, hvis virksomheden er skyld heri. BALLFREUNDE anbefaler, at du tegner en ulykkesforsikring.\u00a0<\/p><p>10.5 Hver deltager \/ rejsende er forpligtet til at samarbejde i tilf\u00e6lde af serviceforstyrrelser inden for rammerne af de lovm\u00e6ssige bestemmelser for at undg\u00e5 eller minimere enhver skade. Mangler og forstyrrelser skal straks rapporteres til BALLFREUNDEs medarbejdere p\u00e5 stedet; BALLFREUNDE anbefaler den skriftlige form. Hvis en deltager\/tilrejsende ikke opfylder denne forpligtelse p\u00e5 grund af egen skyld, er han\/hun ikke berettiget til noget krav i denne henseende.<\/p><p>10.6 BALLFREUNDE-medarbejdere p\u00e5 stedet er ikke autoriseret til at anerkende krav af nogen art. Krav af enhver art skal indgives til den respektive autoriserede repr\u00e6sentant for BALLFREUNDE p\u00e5 stedet. BALLFREUNDE anbefaler den skriftlige formular\u00a0<\/p><p>10.7 Krav p\u00e5 grund af ikke kontraktm\u00e6ssig levering af det bookede arrangement skal g\u00f8res g\u00e6ldende over for BALLFREUNDE senest en m\u00e5ned efter arrangementets kontraktm\u00e6ssigt aftalte afslutning. Vi anbefaler den skriftlige form. Efter fristens udl\u00f8b kan du kun g\u00f8re krav g\u00e6ldende, hvis du uden egen skyld har v\u00e6ret forhindret i at overholde fristen. Dine krav i forbindelse med denne kontrakt er underlagt en for\u00e6ldelsesfrist p\u00e5 et \u00e5r, som udtrykkeligt afviger fra de lovm\u00e6ssige bestemmelser. For\u00e6ldelsesfristen begynder p\u00e5 den dag, hvor begivenheden if\u00f8lge kontrakten skulle v\u00e6re afsluttet.<br \/><br \/><\/p><ol start=\"11\"><li><b> Udelukkelse fra deltagelse<\/b><\/li><\/ol><p>Hvis det viser sig, at en deltager opf\u00f8rer sig p\u00e5 en s\u00e5 chikanerende m\u00e5de, at forholdet mellem BALLFREUNDE og tjenesteudbyderen (f.eks. transport, indkvartering, arrang\u00f8r) er alvorligt truet, kan den p\u00e5g\u00e6ldende deltager udelukkes. Hvis den udelukkede deltager er mindre\u00e5rig, skal kontraktpartneren sikre, at den udelukkede deltager, ledsaget af en voksen, der er autoriseret til at f\u00f8re tilsyn, straks forlader stedet for arrangementet og returneres til startstedet for rejsen for egen regning.<\/p><p>BALLFREUNDE vil hj\u00e6lpe, men yderligere omkostninger skal i alle tilf\u00e6lde b\u00e6res af kontraktpartneren. Denne bestemmelse g\u00e6lder ogs\u00e5 for hold og klubber. Hvis der ikke er tre voksne supervisorer til r\u00e5dighed for den resterende gruppe til yderligere overv\u00e5gning, skal gruppen som helhed forlade arrangementet for egen regning.\u00a0<br \/><br \/><\/p><ol start=\"12\"><li><b> Generelt\u00a0<\/b><\/li><\/ol><p>Ved tilmelding til en rejse foruds\u00e6ttes det, at bestyrelsen for den deltagende klub og rejselederen\/rejselederne er indforst\u00e5et med de generelle rejsebetingelser, og at alle forpligtelser over for BALLFREUNDE opfyldes af en bemyndiget person. Vi anbefaler, at der tegnes en passende forsikring.\u00a0<br \/><br \/><\/p><ol start=\"13\"><li><b> Endelig bestemmelse\u00a0<\/b><\/li><\/ol><p>Betingelserne g\u00e6lder for alle aftaler mellem BALLFREUNDE og kontraktpartneren, uanset alle involverede parters bop\u00e6l og det sted, hvor kontrakten blev indg\u00e5et, og det sted, hvor ydelsen skal leveres. Alle grupper, der benytter sig af BALLFREUNDEs tjenester, sidestilles med sportsklubber.<\/p><\/div><\/div><\/div><\/div><\/div><\/div><\/div><\/div><\/section><\/div><\/div><\/div><\/div><\/article><\/div><\/div><\/div><\/div>\t\t\t\t\t\t\t\t<\/div>\n\t\t\t\t<\/div>\n\t\t\t\t\t<\/div>\n\t\t<\/div>\n\t\t\t\t\t<\/div>\n\t\t<\/section>\n\t\t\t\t<\/div>","protected":false},"excerpt":{"rendered":"<p>Generelle vilk\u00e5r og betingelser Generelle vilk\u00e5r og betingelser for BALLFREUNDE GmbH, i det f\u00f8lgende ben\u00e6vnt BALLFREUNDE. Registrering, bekr\u00e6ftelse 1.1 Med din registrering tilbyder du BALLFREUNDE den bindende indg\u00e5else af en kontrakt om deltagelse i den \u00f8nskede begivenhed. Kontrakten er indg\u00e5et, n\u00e5r vi bekr\u00e6fter bookingen af arrangementet skriftligt. En bekr\u00e6ftelse via e-mail er tilstr\u00e6kkelig. Telefoniske og mundtlige aftaler er [...].<\/p>","protected":false},"author":2,"featured_media":0,"parent":0,"menu_order":0,"comment_status":"closed","ping_status":"closed","template":"","meta":{"_jf_save_progress":"","footnotes":""},"class_list":["post-2318","page","type-page","status-publish","hentry"],"yoast_head":"<!-- This site is optimized with the Yoast SEO plugin v24.3 - https:\/\/yoast.com\/wordpress\/plugins\/seo\/ -->\n<title>AGB - European Football Cup<\/title>\n<meta name=\"robots\" content=\"index, follow, max-snippet:-1, max-image-preview:large, max-video-preview:-1\" \/>\n<link rel=\"canonical\" href=\"https:\/\/www.europeanfootballcup.com\/da\/wp-json\/wp\/v2\/pages\/2318\" \/>\n<meta property=\"og:locale\" content=\"da_DK\" \/>\n<meta property=\"og:type\" content=\"article\" \/>\n<meta property=\"og:title\" content=\"AGB - European Football Cup\" \/>\n<meta property=\"og:description\" content=\"Allgemeine Gesch\u00e4ftsbedingungen Allgemeine Gesch\u00e4ftsbedingungen der BALLFREUNDE GmbH,\u00a0nachfolgend BALLFREUNDE genannt. Anmeldung, Best\u00e4tigung 1.1 Mit Ihrer Anmeldung bieten Sie BALLFREUNDE den Abschluss eines Vertrages zur Teilnahme an der gew\u00fcnschten Veranstaltung verbindlich an. Der Vertrag kommt zustande, wenn wir Ihnen die Buchung der Veranstaltung schriftlich best\u00e4tigen. Eine Best\u00e4tigung per E-Mail ist hierbei ausreichend. Telefonische und m\u00fcndliche Absprachen werden [&hellip;]\" \/>\n<meta property=\"og:url\" content=\"https:\/\/www.europeanfootballcup.com\/da\/agb\/\" \/>\n<meta property=\"og:site_name\" content=\"European Football Cup\" \/>\n<meta property=\"article:modified_time\" content=\"2023-09-19T08:44:16+00:00\" \/>\n<meta name=\"twitter:card\" content=\"summary_large_image\" \/>\n<meta name=\"twitter:label1\" content=\"Estimeret l\u00e6setid\" \/>\n\t<meta name=\"twitter:data1\" content=\"14 minutter\" \/>\n<script type=\"application\/ld+json\" class=\"yoast-schema-graph\">{\"@context\":\"https:\/\/schema.org\",\"@graph\":[{\"@type\":\"WebPage\",\"@id\":\"https:\/\/www.europeanfootballcup.com\/agb\/\",\"url\":\"https:\/\/www.europeanfootballcup.com\/agb\/\",\"name\":\"AGB - European Football Cup\",\"isPartOf\":{\"@id\":\"https:\/\/www.europeanfootballcup.com\/#website\"},\"datePublished\":\"2023-09-19T08:15:03+00:00\",\"dateModified\":\"2023-09-19T08:44:16+00:00\",\"breadcrumb\":{\"@id\":\"https:\/\/www.europeanfootballcup.com\/agb\/#breadcrumb\"},\"inLanguage\":\"da-DK\",\"potentialAction\":[{\"@type\":\"ReadAction\",\"target\":[\"https:\/\/www.europeanfootballcup.com\/agb\/\"]}]},{\"@type\":\"BreadcrumbList\",\"@id\":\"https:\/\/www.europeanfootballcup.com\/agb\/#breadcrumb\",\"itemListElement\":[{\"@type\":\"ListItem\",\"position\":1,\"name\":\"Home\",\"item\":\"https:\/\/www.europeanfootballcup.com\/\"},{\"@type\":\"ListItem\",\"position\":2,\"name\":\"AGB\"}]},{\"@type\":\"WebSite\",\"@id\":\"https:\/\/www.europeanfootballcup.com\/#website\",\"url\":\"https:\/\/www.europeanfootballcup.com\/\",\"name\":\"European Football Cup\",\"description\":\"Europes biggest youth tournament series\",\"publisher\":{\"@id\":\"https:\/\/www.europeanfootballcup.com\/#organization\"},\"potentialAction\":[{\"@type\":\"SearchAction\",\"target\":{\"@type\":\"EntryPoint\",\"urlTemplate\":\"https:\/\/www.europeanfootballcup.com\/?s={search_term_string}\"},\"query-input\":{\"@type\":\"PropertyValueSpecification\",\"valueRequired\":true,\"valueName\":\"search_term_string\"}}],\"inLanguage\":\"da-DK\"},{\"@type\":\"Organization\",\"@id\":\"https:\/\/www.europeanfootballcup.com\/#organization\",\"name\":\"European Football Cup\",\"url\":\"https:\/\/www.europeanfootballcup.com\/\",\"logo\":{\"@type\":\"ImageObject\",\"inLanguage\":\"da-DK\",\"@id\":\"https:\/\/www.europeanfootballcup.com\/#\/schema\/logo\/image\/\",\"url\":\"https:\/\/www.europeanfootballcup.com\/wp-content\/uploads\/2023\/02\/cropped-Logo_European_Football_Cup_2023.png\",\"contentUrl\":\"https:\/\/www.europeanfootballcup.com\/wp-content\/uploads\/2023\/02\/cropped-Logo_European_Football_Cup_2023.png\",\"width\":266,\"height\":200,\"caption\":\"European Football Cup\"},\"image\":{\"@id\":\"https:\/\/www.europeanfootballcup.com\/#\/schema\/logo\/image\/\"}}]}<\/script>\n<!-- \/ Yoast SEO plugin. -->","yoast_head_json":{"title":"AGB - European Football Cup","robots":{"index":"index","follow":"follow","max-snippet":"max-snippet:-1","max-image-preview":"max-image-preview:large","max-video-preview":"max-video-preview:-1"},"canonical":"https:\/\/www.europeanfootballcup.com\/da\/wp-json\/wp\/v2\/pages\/2318","og_locale":"da_DK","og_type":"article","og_title":"AGB - European Football Cup","og_description":"Allgemeine Gesch\u00e4ftsbedingungen Allgemeine Gesch\u00e4ftsbedingungen der BALLFREUNDE GmbH,\u00a0nachfolgend BALLFREUNDE genannt. Anmeldung, Best\u00e4tigung 1.1 Mit Ihrer Anmeldung bieten Sie BALLFREUNDE den Abschluss eines Vertrages zur Teilnahme an der gew\u00fcnschten Veranstaltung verbindlich an. Der Vertrag kommt zustande, wenn wir Ihnen die Buchung der Veranstaltung schriftlich best\u00e4tigen. Eine Best\u00e4tigung per E-Mail ist hierbei ausreichend. Telefonische und m\u00fcndliche Absprachen werden [&hellip;]","og_url":"https:\/\/www.europeanfootballcup.com\/da\/agb\/","og_site_name":"European Football Cup","article_modified_time":"2023-09-19T08:44:16+00:00","twitter_card":"summary_large_image","twitter_misc":{"Estimeret l\u00e6setid":"14 minutter"},"schema":{"@context":"https:\/\/schema.org","@graph":[{"@type":"WebPage","@id":"https:\/\/www.europeanfootballcup.com\/agb\/","url":"https:\/\/www.europeanfootballcup.com\/agb\/","name":"AGB - European Football Cup","isPartOf":{"@id":"https:\/\/www.europeanfootballcup.com\/#website"},"datePublished":"2023-09-19T08:15:03+00:00","dateModified":"2023-09-19T08:44:16+00:00","breadcrumb":{"@id":"https:\/\/www.europeanfootballcup.com\/agb\/#breadcrumb"},"inLanguage":"da-DK","potentialAction":[{"@type":"ReadAction","target":["https:\/\/www.europeanfootballcup.com\/agb\/"]}]},{"@type":"BreadcrumbList","@id":"https:\/\/www.europeanfootballcup.com\/agb\/#breadcrumb","itemListElement":[{"@type":"ListItem","position":1,"name":"Home","item":"https:\/\/www.europeanfootballcup.com\/"},{"@type":"ListItem","position":2,"name":"AGB"}]},{"@type":"WebSite","@id":"https:\/\/www.europeanfootballcup.com\/#website","url":"https:\/\/www.europeanfootballcup.com\/","name":"European Football Cup","description":"Europes biggest youth tournament series","publisher":{"@id":"https:\/\/www.europeanfootballcup.com\/#organization"},"potentialAction":[{"@type":"SearchAction","target":{"@type":"EntryPoint","urlTemplate":"https:\/\/www.europeanfootballcup.com\/?s={search_term_string}"},"query-input":{"@type":"PropertyValueSpecification","valueRequired":true,"valueName":"search_term_string"}}],"inLanguage":"da-DK"},{"@type":"Organization","@id":"https:\/\/www.europeanfootballcup.com\/#organization","name":"European Football Cup","url":"https:\/\/www.europeanfootballcup.com\/","logo":{"@type":"ImageObject","inLanguage":"da-DK","@id":"https:\/\/www.europeanfootballcup.com\/#\/schema\/logo\/image\/","url":"https:\/\/www.europeanfootballcup.com\/wp-content\/uploads\/2023\/02\/cropped-Logo_European_Football_Cup_2023.png","contentUrl":"https:\/\/www.europeanfootballcup.com\/wp-content\/uploads\/2023\/02\/cropped-Logo_European_Football_Cup_2023.png","width":266,"height":200,"caption":"European Football Cup"},"image":{"@id":"https:\/\/www.europeanfootballcup.com\/#\/schema\/logo\/image\/"}}]}},"_links":{"self":[{"href":"https:\/\/www.europeanfootballcup.com\/da\/wp-json\/wp\/v2\/pages\/2318","targetHints":{"allow":["GET"]}}],"collection":[{"href":"https:\/\/www.europeanfootballcup.com\/da\/wp-json\/wp\/v2\/pages"}],"about":[{"href":"https:\/\/www.europeanfootballcup.com\/da\/wp-json\/wp\/v2\/types\/page"}],"author":[{"embeddable":true,"href":"https:\/\/www.europeanfootballcup.com\/da\/wp-json\/wp\/v2\/users\/2"}],"replies":[{"embeddable":true,"href":"https:\/\/www.europeanfootballcup.com\/da\/wp-json\/wp\/v2\/comments?post=2318"}],"version-history":[{"count":3,"href":"https:\/\/www.europeanfootballcup.com\/da\/wp-json\/wp\/v2\/pages\/2318\/revisions"}],"predecessor-version":[{"id":2347,"href":"https:\/\/www.europeanfootballcup.com\/da\/wp-json\/wp\/v2\/pages\/2318\/revisions\/2347"}],"wp:attachment":[{"href":"https:\/\/www.europeanfootballcup.com\/da\/wp-json\/wp\/v2\/media?parent=2318"}],"curies":[{"name":"wp","href":"https:\/\/api.w.org\/{rel}","templated":true}]}}