{"id":2329,"date":"2023-09-19T08:22:09","date_gmt":"2023-09-19T08:22:09","guid":{"rendered":"https:\/\/www.europeanfootballcup.com\/?page_id=2329"},"modified":"2025-12-05T15:57:32","modified_gmt":"2025-12-05T15:57:32","slug":"datenschutz","status":"publish","type":"page","link":"https:\/\/www.europeanfootballcup.com\/cs\/datenschutz\/","title":{"rendered":"Ochrana \u00fadaj\u016f"},"content":{"rendered":"<div data-elementor-type=\"wp-page\" data-elementor-id=\"2329\" class=\"elementor elementor-2329\" data-elementor-post-type=\"page\">\n\t\t\t\t\t\t<section class=\"elementor-section elementor-top-section elementor-element elementor-element-dffbeb7 elementor-section-full_width elementor-section-stretched elementor-section-height-default elementor-section-height-default\" data-id=\"dffbeb7\" data-element_type=\"section\" data-settings=\"{&quot;jet_parallax_layout_list&quot;:[],&quot;stretch_section&quot;:&quot;section-stretched&quot;,&quot;background_background&quot;:&quot;classic&quot;}\">\n\t\t\t\t\t\t<div class=\"elementor-container elementor-column-gap-default\">\n\t\t\t\t\t<div class=\"elementor-column elementor-col-100 elementor-top-column elementor-element elementor-element-94fdabb\" data-id=\"94fdabb\" data-element_type=\"column\">\n\t\t\t<div class=\"elementor-widget-wrap elementor-element-populated\">\n\t\t\t\t\t\t<div class=\"elementor-element elementor-element-9ede503 elementor-widget elementor-widget-heading\" data-id=\"9ede503\" data-element_type=\"widget\" data-widget_type=\"heading.default\">\n\t\t\t\t<div class=\"elementor-widget-container\">\n\t\t\t\t\t<h2 class=\"elementor-heading-title elementor-size-default\">Z\u00e1sady ochrany osobn\u00edch \u00fadaj\u016f<\/h2>\t\t\t\t<\/div>\n\t\t\t\t<\/div>\n\t\t\t\t<div class=\"elementor-element elementor-element-ce9fb35 elementor-widget elementor-widget-text-editor\" data-id=\"ce9fb35\" data-element_type=\"widget\" data-widget_type=\"text-editor.default\">\n\t\t\t\t<div class=\"elementor-widget-container\">\n\t\t\t\t\t\t\t\t\t<div id=\"content\" class=\"site-content\"><div class=\"site-content__wrap container\"><div class=\"row\"><div id=\"primary\" class=\"col-xs-12\"><div class=\"elementor-element elementor-element-a71005e elementor-widget elementor-widget-text-editor\" data-id=\"a71005e\" data-element_type=\"widget\" data-widget_type=\"text-editor.default\"><div class=\"elementor-widget-container\"><div class=\"elementor-text-editor elementor-clearfix\"><p><strong>1. odpov\u011bdn\u00fd org\u00e1n<\/strong><\/p><p>BALLFREUNDE GmbH<br \/>V\u00fdkonn\u00fd \u0159editel: Fabian Ziethmann<\/p><p>Waldweg 13<br \/>21465 Wentorf<\/p><p>Telefon: +49 (0) 40 55895037<br \/>E-mail: info@ballfreunde.com<\/p><p><strong>2. shroma\u017e\u010fov\u00e1n\u00ed, zpracov\u00e1n\u00ed a pou\u017e\u00edv\u00e1n\u00ed osobn\u00edch \u00fadaj\u016f<\/strong><\/p><p><strong>2.1 Osobn\u00ed \u00fadaje<\/strong><\/p><p>Osobn\u00ed \u00fadaje jsou informace o faktick\u00e9 nebo osobn\u00ed situaci identifikovan\u00e9 nebo identifikovateln\u00e9 fyzick\u00e9 osoby. Pat\u0159\u00ed sem nap\u0159\u00edklad jm\u00e9no, telefonn\u00ed \u010d\u00edslo, adresa a v\u0161echny \u00fadaje, kter\u00e9 n\u00e1m poskytnete p\u0159i \u00fa\u010dasti na na\u0161ich akc\u00edch.<\/p><p>To nezahrnuje souhrnn\u00e9 \u00fadaje, kter\u00e9 shroma\u017e\u010fujeme nap\u0159\u00edklad p\u0159i n\u00e1v\u0161t\u011bv\u011b na\u0161ich webov\u00fdch str\u00e1nek nebo v podob\u011b po\u010dt\u016f na akc\u00edch na m\u00edst\u011b a kter\u00e9 nelze p\u0159\u00edmo spojit s va\u0161\u00ed osobou.<\/p><p><strong>2.2 Shroma\u017e\u010fov\u00e1n\u00ed, zpracov\u00e1n\u00ed a pou\u017e\u00edv\u00e1n\u00ed osobn\u00edch \u00fadaj\u016f<\/strong><\/p><p>Va\u0161e \u00fadaje shroma\u017e\u010fujeme, ukl\u00e1d\u00e1me a zpracov\u00e1v\u00e1me pro \u00fa\u010dely podpory p\u0159i p\u0159\u00edprav\u011b a b\u011bhem \u00fa\u010dasti na na\u0161ich akc\u00edch, v\u010detn\u011b p\u0159\u00edpadn\u00fdch n\u00e1sledn\u00fdch z\u00e1ruk, pro na\u0161e slu\u017eby, technickou spr\u00e1vu a na\u0161e vlastn\u00ed marketingov\u00e9 \u00fa\u010dely. Va\u0161e osobn\u00ed \u00fadaje budou p\u0159ed\u00e1ny nebo jinak p\u0159ed\u00e1ny t\u0159et\u00edm stran\u00e1m pouze tehdy, pokud je to nezbytn\u00e9 pro \u00fa\u010dely zpracov\u00e1n\u00ed smlouvy nebo fakturace nebo pokud jste k tomu dali p\u0159edchoz\u00ed souhlas (nap\u0159\u00edklad mus\u00edme p\u0159edat va\u0161e jm\u00e9no hotelu nebo leteck\u00e9 spole\u010dnosti, pokud jste si objednali ubytov\u00e1n\u00ed nebo dopravn\u00ed slu\u017eby prost\u0159ednictv\u00edm n\u00e1s, ale odpov\u00eddaj\u00edc\u00ed slu\u017ebu poskytuje spole\u010dnost t\u0159et\u00ed strany). V souvislosti s na\u0161imi akcemi nap\u0159\u00edklad poskytovatel\u00e9 slu\u017eeb, kter\u00e9 zde vyu\u017e\u00edv\u00e1me, z\u00edsk\u00e1vaj\u00ed \u00fadaje nezbytn\u00e9 pro zpracov\u00e1n\u00ed objedn\u00e1vek. Takto p\u0159edan\u00e9 \u00fadaje mohou na\u0161i poskytovatel\u00e9 slu\u017eeb pou\u017e\u00edt pouze ke spln\u011bn\u00ed sv\u00e9ho \u00fakolu. Jak\u00e9koli jin\u00e9 pou\u017eit\u00ed \u00fadaj\u016f nen\u00ed povoleno a neprob\u00edh\u00e1 u \u017e\u00e1dn\u00e9ho z n\u00e1mi vyu\u017e\u00edvan\u00fdch poskytovatel\u016f slu\u017eeb. Va\u0161e osobn\u00ed \u00fadaje budou vymaz\u00e1ny, pokud tomu nebr\u00e1n\u00ed z\u00e1konn\u00e9 povinnosti uchov\u00e1v\u00e1n\u00ed a pokud jste uplatnili n\u00e1rok na v\u00fdmaz, pokud \u00fadaje ji\u017e nejsou pot\u0159ebn\u00e9 k napln\u011bn\u00ed \u00fa\u010delu, pro kter\u00fd byly ulo\u017eeny, nebo pokud je jejich uchov\u00e1v\u00e1n\u00ed nep\u0159\u00edpustn\u00e9 z jin\u00fdch pr\u00e1vn\u00edch d\u016fvod\u016f.<\/p><p><strong>2.3 Reklama prost\u0159ednictv\u00edm e-mailu<\/strong><\/p><p>\u00da\u010dastn\u00edci na\u0161ich akc\u00ed od n\u00e1s po sv\u00e9 \u00fa\u010dasti obdr\u017e\u00ed doporu\u010den\u00ed a informace o budouc\u00edch akc\u00edch. Tato doporu\u010den\u00ed od n\u00e1s obdr\u017e\u00edte automaticky. T\u00edmto zp\u016fsobem v\u00e1m chceme poskytnout informace o na\u0161ich slu\u017eb\u00e1ch, kter\u00e9 by v\u00e1s mohly zaj\u00edmat na z\u00e1klad\u011b va\u0161\u00ed \u00fa\u010dasti na minul\u00fdch akc\u00edch. P\u0159itom p\u0159\u00edsn\u011b dodr\u017eujeme z\u00e1konn\u00e9 po\u017eadavky. Pokud si ji\u017e nep\u0159ejete dost\u00e1vat od n\u00e1s doporu\u010den\u00ed nebo reklamn\u00ed sd\u011blen\u00ed, m\u016f\u017eete to kdykoli odm\u00edtnout. Posta\u010d\u00ed k tomu zpr\u00e1va v textov\u00e9 podob\u011b na kontaktn\u00ed \u00fadaje uveden\u00e9 v bod\u011b 1 (nap\u0159. e-mail, fax, dopis). V ka\u017ed\u00e9m e-mailu samoz\u0159ejm\u011b najdete tak\u00e9 odkaz pro odhl\u00e1\u0161en\u00ed.<\/p><p><strong>3. soubory protokolu<\/strong><\/p><p>P\u0159i ka\u017ed\u00e9m p\u0159\u00edstupu na na\u0161e webov\u00e9 str\u00e1nky jsou \u00fadaje o pou\u017e\u00edv\u00e1n\u00ed p\u0159en\u00e1\u0161eny p\u0159\u00edslu\u0161n\u00fdm webov\u00fdm prohl\u00ed\u017ee\u010dem a ukl\u00e1d\u00e1ny do protokolov\u00fdch soubor\u016f, tzv. serverov\u00fdch protokolov\u00fdch soubor\u016f. Ulo\u017een\u00e9 datov\u00e9 z\u00e1znamy obsahuj\u00ed n\u00e1sleduj\u00edc\u00ed \u00fadaje: Z\u00e1znamy obsahuj\u00ed: datum a \u010das p\u0159\u00edstupu, n\u00e1zev nav\u0161t\u00edven\u00e9 str\u00e1nky, IP adresu, URL odkazu (URL p\u016fvodu, ze kter\u00e9ho jste na webov\u00e9 str\u00e1nky p\u0159i\u0161li), objem p\u0159enesen\u00fdch dat a \u010d\u00edslo produktu a verze pou\u017eit\u00e9ho prohl\u00ed\u017ee\u010de. IP adresy u\u017eivatel\u016f jsou po 30 dnech vymaz\u00e1ny nebo anonymizov\u00e1ny. V p\u0159\u00edpad\u011b anonymizace jsou IP adresy zm\u011bn\u011bny tak, \u017ee jednotliv\u00e9 \u00fadaje o osobn\u00edch nebo faktick\u00fdch okolnostech ji\u017e nelze p\u0159i\u0159adit ke konkr\u00e9tn\u00ed nebo identifikovateln\u00e9 fyzick\u00e9 osob\u011b, nebo jen s vynalo\u017een\u00edm nep\u0159im\u011b\u0159en\u00e9ho mno\u017estv\u00ed \u010dasu, n\u00e1klad\u016f a pr\u00e1ce. Tyto z\u00e1znamy dat z log soubor\u016f analyzujeme v anonymizovan\u00e9 podob\u011b, abychom mohli d\u00e1le zlep\u0161ovat na\u0161e webov\u00e9 str\u00e1nky a rychleji vyhled\u00e1vat technick\u00e9 chyby.<\/p><p><strong>4. Google Analytics<\/strong><\/p><p>Tyto webov\u00e9 str\u00e1nky pou\u017e\u00edvaj\u00ed slu\u017ebu Google Analytics, kterou poskytuje spole\u010dnost Google Inc (\"Google\"). Slu\u017eba Google Analytics pou\u017e\u00edv\u00e1 \"cookies\", co\u017e jsou textov\u00e9 soubory um\u00edst\u011bn\u00e9 na va\u0161em po\u010d\u00edta\u010di, kter\u00e9 pom\u00e1haj\u00ed webov\u00e9 str\u00e1nce analyzovat, jak u\u017eivatel\u00e9 str\u00e1nky pou\u017e\u00edvaj\u00ed. Informace vygenerovan\u00e9 souborem cookie o va\u0161em pou\u017e\u00edv\u00e1n\u00ed t\u00e9to webov\u00e9 str\u00e1nky se obvykle p\u0159en\u00e1\u0161ej\u00ed na server spole\u010dnosti Google v USA a tam se ukl\u00e1daj\u00ed. Pokud je v\u0161ak na t\u011bchto webov\u00fdch str\u00e1nk\u00e1ch aktivov\u00e1na anonymizace IP, bude va\u0161e IP adresa nejprve zkr\u00e1cena spole\u010dnost\u00ed Google v \u010dlensk\u00fdch st\u00e1tech Evropsk\u00e9 unie nebo v jin\u00fdch signat\u00e1\u0159sk\u00fdch st\u00e1tech Dohody o Evropsk\u00e9m hospod\u00e1\u0159sk\u00e9m prostoru. Pouze ve v\u00fdjime\u010dn\u00fdch p\u0159\u00edpadech bude cel\u00e1 IP adresa p\u0159enesena na server spole\u010dnosti Google v USA a tam zkr\u00e1cena. Z pov\u011b\u0159en\u00ed provozovatele t\u011bchto webov\u00fdch str\u00e1nek bude spole\u010dnost Google tyto informace pou\u017e\u00edvat k anal\u00fdze va\u0161eho pou\u017e\u00edv\u00e1n\u00ed webov\u00fdch str\u00e1nek, k sestavov\u00e1n\u00ed zpr\u00e1v o \u010dinnosti na webov\u00fdch str\u00e1nk\u00e1ch a k poskytov\u00e1n\u00ed dal\u0161\u00edch slu\u017eeb provozovateli webov\u00fdch str\u00e1nek t\u00fdkaj\u00edc\u00edch se \u010dinnosti na webov\u00fdch str\u00e1nk\u00e1ch a pou\u017e\u00edv\u00e1n\u00ed internetu. IP adresa p\u0159edan\u00e1 va\u0161\u00edm prohl\u00ed\u017ee\u010dem v r\u00e1mci slu\u017eby Google Analytics nebude slou\u010dena s jin\u00fdmi \u00fadaji spole\u010dnosti Google. Pou\u017e\u00edv\u00e1n\u00ed soubor\u016f cookie m\u016f\u017eete odm\u00edtnout v\u00fdb\u011brem p\u0159\u00edslu\u0161n\u00e9ho nastaven\u00ed ve sv\u00e9m prohl\u00ed\u017ee\u010di, av\u0161ak upozor\u0148ujeme, \u017ee v takov\u00e9m p\u0159\u00edpad\u011b nebudete moci vyu\u017e\u00edvat v\u0161echny funkce t\u00e9to webov\u00e9 str\u00e1nky.<\/p><p>M\u016f\u017eete tak\u00e9 zabr\u00e1nit tomu, aby spole\u010dnost Google shroma\u017e\u010fovala \u00fadaje generovan\u00e9 souborem cookie a souvisej\u00edc\u00ed s va\u0161\u00edm pou\u017e\u00edv\u00e1n\u00edm webov\u00fdch str\u00e1nek (v\u010detn\u011b va\u0161\u00ed IP adresy) a aby spole\u010dnost Google tyto \u00fadaje zpracov\u00e1vala, a to tak, \u017ee si st\u00e1hnete a nainstalujete z\u00e1suvn\u00fd modul prohl\u00ed\u017ee\u010de, kter\u00fd je k dispozici na n\u00e1sleduj\u00edc\u00edm odkazu: http:\/\/tools.google.com\/dlpage\/gaoptout?hl=de.<\/p><p>Pou\u017e\u00edv\u00e1n\u00edm mannschaftsausfahrt.de souhlas\u00edte se zpracov\u00e1n\u00edm \u00fadaj\u016f o v\u00e1s spole\u010dnost\u00ed Google v\u00fd\u0161e uveden\u00fdm zp\u016fsobem a pro v\u00fd\u0161e uveden\u00e9 \u00fa\u010dely.<\/p><p>Pokud si nep\u0159ejete, aby byly informace o va\u0161\u00ed n\u00e1v\u0161t\u011bv\u011b webov\u00fdch str\u00e1nek p\u0159ed\u00e1v\u00e1ny slu\u017eb\u011b Google Analytics, m\u00e1te mo\u017enost nainstalovat si do prohl\u00ed\u017ee\u010de \"deaktiva\u010dn\u00ed dopln\u011bk\". Tento dopln\u011bk si m\u016f\u017eete st\u00e1hnout na adrese http:\/\/tools.google.com\/dlpage\/gaoptout?hl=de. Upozor\u0148ujeme v\u0161ak, \u017ee tento dopln\u011bk je v sou\u010dasn\u00e9 dob\u011b k dispozici pouze pro prohl\u00ed\u017ee\u010de Microsoft Internet Explorer, Google Chrome, Mozilla Firefox, Apple Safari a Opera.<\/p><p>Bez va\u0161eho v\u00fdslovn\u00e9ho souhlasu nebudeme sledovac\u00ed n\u00e1stroje pou\u017e\u00edvat k nepozorovan\u00e9mu shroma\u017e\u010fov\u00e1n\u00ed va\u0161ich osobn\u00edch \u00fadaj\u016f, k p\u0159ed\u00e1v\u00e1n\u00ed t\u011bchto \u00fadaj\u016f poskytovatel\u016fm t\u0159et\u00edch stran a marketingov\u00fdm platform\u00e1m ani k propojov\u00e1n\u00ed t\u011bchto \u00fadaj\u016f s va\u0161imi osobn\u00edmi \u00fadaji (jm\u00e9no, adresa atd.).<\/p><p data-path-to-node=\"5\"><strong>5. pou\u017e\u00edv\u00e1n\u00ed chatu WhatsApp na webov\u00fdch str\u00e1nk\u00e1ch<\/strong><\/p><p data-path-to-node=\"3\">Abychom v\u00e1m mohli nab\u00eddnout rychl\u00fd a p\u0159\u00edm\u00fd komunika\u010dn\u00ed kan\u00e1l, m\u016f\u017eeme pou\u017e\u00edt <b>Tla\u010d\u00edtko chatu WhatsApp<\/b> nebo odpov\u00eddaj\u00edc\u00ed widget na na\u0161ich webov\u00fdch str\u00e1nk\u00e1ch. Pou\u017e\u00edv\u00e1n\u00ed t\u00e9to slu\u017eby vy\u017eaduje dodr\u017eov\u00e1n\u00ed zvl\u00e1\u0161tn\u00edch p\u0159edpis\u016f o ochran\u011b osobn\u00edch \u00fadaj\u016f:<\/p><ul data-path-to-node=\"4\"><li><p data-path-to-node=\"4,0,0\">Odpov\u011bdn\u00fd poskytovatel slu\u017eby: Slu\u017ebu WhatsApp nab\u00edz\u00ed spole\u010dnost Meta Platforms, Inc. (d\u0159\u00edve Facebook Inc.) v USA. Na pou\u017e\u00edv\u00e1n\u00ed slu\u017eby se vztahuj\u00ed z\u00e1sady ochrany osobn\u00edch \u00fadaj\u016f spole\u010dnosti Meta.<\/p><\/li><li><p data-path-to-node=\"4,1,0\">P\u0159enos dat: Jakmile na na\u0161ich webov\u00fdch str\u00e1nk\u00e1ch kliknete na tla\u010d\u00edtko WhatsApp a spust\u00edte chat, dojde k nav\u00e1z\u00e1n\u00ed spojen\u00ed se servery Meta\/WhatsApp. P\u0159i tomto procesu mohou b\u00fdt spole\u010dnosti Meta p\u0159ed\u00e1ny osobn\u00ed \u00fadaje, zejm\u00e9na<\/p><ul data-path-to-node=\"4,1,1\"><li><p data-path-to-node=\"4,1,1,0,0\">Va\u0161e telefonn\u00ed \u010d\u00edslo a odpov\u00eddaj\u00edc\u00ed WhatsApp ID.<\/p><\/li><li><p data-path-to-node=\"4,1,1,1,0\">Obsah odes\u00edlan\u00fdch zpr\u00e1v.<\/p><\/li><li><p data-path-to-node=\"4,1,1,2,0\">Technick\u00e9 \u00fadaje (nap\u0159. \u010das chatu, typ za\u0159\u00edzen\u00ed).<\/p><\/li><\/ul><\/li><li><p data-path-to-node=\"4,2,0\">Zpracov\u00e1n\u00ed ze strany BALLFREUNDE: Informace, kter\u00e9 n\u00e1m za\u0161lete prost\u0159ednictv\u00edm WhatsApp chatu (nap\u0159. jm\u00e9no, po\u017eadavek, kontaktn\u00ed \u00fadaje), budeme pou\u017e\u00edvat a zpracov\u00e1vat v\u00fdhradn\u011b pro zpracov\u00e1n\u00ed va\u0161eho dotazu nebo pro zpracov\u00e1n\u00ed smlouvy (registrace na akce).<\/p><\/li><li><p data-path-to-node=\"4,3,0\">Pr\u00e1vn\u00ed z\u00e1klad: Pou\u017e\u00edv\u00e1n\u00ed chatu WhatsApp je dobrovoln\u00e9 a je zalo\u017eeno na va\u0161em v\u00fdslovn\u00e9m souhlasu (\u010dl. 6 odst. 1 p\u00edsm. a GDPR), kter\u00fd ud\u011blujete aktivn\u00edm spu\u0161t\u011bn\u00edm chatu.<\/p><\/li><li><p data-path-to-node=\"4,4,0\">Va\u0161e kontrola: Pokud si p\u0159ejete zabr\u00e1nit p\u0159enosu \u00fadaj\u016f do aplikace Meta\/WhatsApp, pou\u017eijte pros\u00edm alternativn\u00ed mo\u017enosti kontaktu (nap\u0159. e-mail nebo telefon, viz odd\u00edl 1). Upozor\u0148ujeme, \u017ee spole\u010dnost Meta\/WhatsApp jako\u017eto americk\u00e1 spole\u010dnost zpracov\u00e1v\u00e1 \u00fadaje mimo oblast p\u016fsobnosti GDPR.<\/p><\/li><\/ul><p data-path-to-node=\"5\"><b>Pozn\u00e1mka:<\/b> Na shroma\u017e\u010fov\u00e1n\u00ed a dal\u0161\u00ed zpracov\u00e1n\u00ed \u00fadaj\u016f spole\u010dnost\u00ed Meta\/WhatsApp nem\u00e1me \u017e\u00e1dn\u00fd vliv. Doporu\u010dujeme v\u00e1m, abyste si p\u0159ed pou\u017eit\u00edm slu\u017eby p\u0159e\u010detli z\u00e1sady ochrany osobn\u00edch \u00fadaj\u016f spole\u010dnosti Meta\/WhatsApp.<\/p><p><strong>6. pr\u00e1va subjektu \u00fadaj\u016f na informace<\/strong><\/p><p>Podle spolkov\u00e9ho z\u00e1kona o ochran\u011b osobn\u00edch \u00fadaj\u016f m\u00e1te pr\u00e1vo na bezplatn\u00e9 informace o sv\u00fdch ulo\u017een\u00fdch \u00fadaj\u00edch a v p\u0159\u00edpad\u011b pot\u0159eby pr\u00e1vo na opravu, zablokov\u00e1n\u00ed nebo vymaz\u00e1n\u00ed \u00fadaj\u016f. Ochranu va\u0161ich \u00fadaj\u016f bereme velmi v\u00e1\u017en\u011b. Abyste zajistili, \u017ee osobn\u00ed \u00fadaje nebudou poskytnuty t\u0159et\u00edm stran\u00e1m, za\u0161lete pros\u00edm sv\u016fj dotaz e-mailem nebo po\u0161tou na adresu uvedenou v bod\u011b 1.<\/p><\/div><\/div><\/div><\/div><\/div><\/div><\/div>\t\t\t\t\t\t\t\t<\/div>\n\t\t\t\t<\/div>\n\t\t\t\t\t<\/div>\n\t\t<\/div>\n\t\t\t\t\t<\/div>\n\t\t<\/section>\n\t\t\t\t<\/div>","protected":false},"excerpt":{"rendered":"<p>Prohl\u00e1\u0161en\u00ed o ochran\u011b \u00fadaj\u016f 1. odpov\u011bdn\u00fd subjekt BALLFREUNDE GmbH\u0158editel: Fabian Ziethmann Waldweg 1321465 Wentorf Telefon: +49 (0) 40 55895037E-Mail: info@ballfreunde.com 2. shroma\u017e\u010fov\u00e1n\u00ed, zpracov\u00e1n\u00ed a pou\u017e\u00edv\u00e1n\u00ed osobn\u00edch \u00fadaj\u016f 2.1 Osobn\u00ed \u00fadaje Osobn\u00ed \u00fadaje jsou informace o faktick\u00fdch nebo osobn\u00edch okolnostech identifikovan\u00e9 nebo identifikovateln\u00e9 fyzick\u00e9 osoby. Jedn\u00e1 se nap\u0159\u00edklad o jm\u00e9no, telefonn\u00ed \u010d\u00edslo, adresu a v\u0161echny \u00fadaje, kter\u00e9 n\u00e1m poskytnete v r\u00e1mci [...].<\/p>","protected":false},"author":2,"featured_media":0,"parent":0,"menu_order":0,"comment_status":"closed","ping_status":"closed","template":"","meta":{"_jf_save_progress":"","footnotes":""},"class_list":["post-2329","page","type-page","status-publish","hentry"],"yoast_head":"<!-- This site is optimized with the Yoast SEO plugin v24.3 - https:\/\/yoast.com\/wordpress\/plugins\/seo\/ -->\n<title>Datenschutz - European Football Cup<\/title>\n<meta name=\"robots\" content=\"index, follow, max-snippet:-1, max-image-preview:large, max-video-preview:-1\" \/>\n<link rel=\"canonical\" href=\"https:\/\/www.europeanfootballcup.com\/cs\/wp-json\/wp\/v2\/pages\/2329\" \/>\n<meta property=\"og:locale\" content=\"cs_CZ\" \/>\n<meta property=\"og:type\" content=\"article\" \/>\n<meta property=\"og:title\" content=\"Datenschutz - European Football Cup\" \/>\n<meta property=\"og:description\" content=\"Datenschutzerkl\u00e4rung 1. Verantwortliche Stelle BALLFREUNDE GmbHGesch\u00e4ftsf\u00fchrer: Fabian Ziethmann Waldweg 1321465 Wentorf Tel.: +49 (0) 40 55895037E-Mail: info@ballfreunde.com 2. Erhebung, Verarbeitung und Nutzung personenbezogener Daten 2.1 Personenbezogene Daten Personenbezogene Daten sind Angaben \u00fcber sachliche oder pers\u00f6nliche Verh\u00e4ltnisse einer bestimmten oder bestimmbaren nat\u00fcrlichen Person. Hierunter fallen beispielsweise Name, Telefonnummer, Anschrift sowie s\u00e4mtliche Daten, welche Sie uns im [&hellip;]\" \/>\n<meta property=\"og:url\" content=\"https:\/\/www.europeanfootballcup.com\/cs\/datenschutz\/\" \/>\n<meta property=\"og:site_name\" content=\"European Football Cup\" \/>\n<meta property=\"article:modified_time\" content=\"2025-12-05T15:57:32+00:00\" \/>\n<meta name=\"twitter:card\" content=\"summary_large_image\" \/>\n<meta name=\"twitter:label1\" content=\"Odhadovan\u00e1 doba \u010dten\u00ed\" \/>\n\t<meta name=\"twitter:data1\" content=\"11 minut\" \/>\n<script type=\"application\/ld+json\" class=\"yoast-schema-graph\">{\"@context\":\"https:\/\/schema.org\",\"@graph\":[{\"@type\":\"WebPage\",\"@id\":\"https:\/\/www.europeanfootballcup.com\/datenschutz\/\",\"url\":\"https:\/\/www.europeanfootballcup.com\/datenschutz\/\",\"name\":\"Datenschutz - European Football Cup\",\"isPartOf\":{\"@id\":\"https:\/\/www.europeanfootballcup.com\/#website\"},\"datePublished\":\"2023-09-19T08:22:09+00:00\",\"dateModified\":\"2025-12-05T15:57:32+00:00\",\"breadcrumb\":{\"@id\":\"https:\/\/www.europeanfootballcup.com\/datenschutz\/#breadcrumb\"},\"inLanguage\":\"cs\",\"potentialAction\":[{\"@type\":\"ReadAction\",\"target\":[\"https:\/\/www.europeanfootballcup.com\/datenschutz\/\"]}]},{\"@type\":\"BreadcrumbList\",\"@id\":\"https:\/\/www.europeanfootballcup.com\/datenschutz\/#breadcrumb\",\"itemListElement\":[{\"@type\":\"ListItem\",\"position\":1,\"name\":\"Home\",\"item\":\"https:\/\/www.europeanfootballcup.com\/\"},{\"@type\":\"ListItem\",\"position\":2,\"name\":\"Datenschutz\"}]},{\"@type\":\"WebSite\",\"@id\":\"https:\/\/www.europeanfootballcup.com\/#website\",\"url\":\"https:\/\/www.europeanfootballcup.com\/\",\"name\":\"European Football Cup\",\"description\":\"Europes biggest youth tournament series\",\"publisher\":{\"@id\":\"https:\/\/www.europeanfootballcup.com\/#organization\"},\"potentialAction\":[{\"@type\":\"SearchAction\",\"target\":{\"@type\":\"EntryPoint\",\"urlTemplate\":\"https:\/\/www.europeanfootballcup.com\/?s={search_term_string}\"},\"query-input\":{\"@type\":\"PropertyValueSpecification\",\"valueRequired\":true,\"valueName\":\"search_term_string\"}}],\"inLanguage\":\"cs\"},{\"@type\":\"Organization\",\"@id\":\"https:\/\/www.europeanfootballcup.com\/#organization\",\"name\":\"European Football Cup\",\"url\":\"https:\/\/www.europeanfootballcup.com\/\",\"logo\":{\"@type\":\"ImageObject\",\"inLanguage\":\"cs\",\"@id\":\"https:\/\/www.europeanfootballcup.com\/#\/schema\/logo\/image\/\",\"url\":\"https:\/\/www.europeanfootballcup.com\/wp-content\/uploads\/2023\/02\/cropped-Logo_European_Football_Cup_2023.png\",\"contentUrl\":\"https:\/\/www.europeanfootballcup.com\/wp-content\/uploads\/2023\/02\/cropped-Logo_European_Football_Cup_2023.png\",\"width\":266,\"height\":200,\"caption\":\"European Football Cup\"},\"image\":{\"@id\":\"https:\/\/www.europeanfootballcup.com\/#\/schema\/logo\/image\/\"}}]}<\/script>\n<!-- \/ Yoast SEO plugin. -->","yoast_head_json":{"title":"Datenschutz - European Football Cup","robots":{"index":"index","follow":"follow","max-snippet":"max-snippet:-1","max-image-preview":"max-image-preview:large","max-video-preview":"max-video-preview:-1"},"canonical":"https:\/\/www.europeanfootballcup.com\/cs\/wp-json\/wp\/v2\/pages\/2329","og_locale":"cs_CZ","og_type":"article","og_title":"Datenschutz - European Football Cup","og_description":"Datenschutzerkl\u00e4rung 1. Verantwortliche Stelle BALLFREUNDE GmbHGesch\u00e4ftsf\u00fchrer: Fabian Ziethmann Waldweg 1321465 Wentorf Tel.: +49 (0) 40 55895037E-Mail: info@ballfreunde.com 2. Erhebung, Verarbeitung und Nutzung personenbezogener Daten 2.1 Personenbezogene Daten Personenbezogene Daten sind Angaben \u00fcber sachliche oder pers\u00f6nliche Verh\u00e4ltnisse einer bestimmten oder bestimmbaren nat\u00fcrlichen Person. Hierunter fallen beispielsweise Name, Telefonnummer, Anschrift sowie s\u00e4mtliche Daten, welche Sie uns im [&hellip;]","og_url":"https:\/\/www.europeanfootballcup.com\/cs\/datenschutz\/","og_site_name":"European Football Cup","article_modified_time":"2025-12-05T15:57:32+00:00","twitter_card":"summary_large_image","twitter_misc":{"Odhadovan\u00e1 doba \u010dten\u00ed":"11 minut"},"schema":{"@context":"https:\/\/schema.org","@graph":[{"@type":"WebPage","@id":"https:\/\/www.europeanfootballcup.com\/datenschutz\/","url":"https:\/\/www.europeanfootballcup.com\/datenschutz\/","name":"Datenschutz - European Football Cup","isPartOf":{"@id":"https:\/\/www.europeanfootballcup.com\/#website"},"datePublished":"2023-09-19T08:22:09+00:00","dateModified":"2025-12-05T15:57:32+00:00","breadcrumb":{"@id":"https:\/\/www.europeanfootballcup.com\/datenschutz\/#breadcrumb"},"inLanguage":"cs","potentialAction":[{"@type":"ReadAction","target":["https:\/\/www.europeanfootballcup.com\/datenschutz\/"]}]},{"@type":"BreadcrumbList","@id":"https:\/\/www.europeanfootballcup.com\/datenschutz\/#breadcrumb","itemListElement":[{"@type":"ListItem","position":1,"name":"Home","item":"https:\/\/www.europeanfootballcup.com\/"},{"@type":"ListItem","position":2,"name":"Datenschutz"}]},{"@type":"WebSite","@id":"https:\/\/www.europeanfootballcup.com\/#website","url":"https:\/\/www.europeanfootballcup.com\/","name":"European Football Cup","description":"Europes biggest youth tournament series","publisher":{"@id":"https:\/\/www.europeanfootballcup.com\/#organization"},"potentialAction":[{"@type":"SearchAction","target":{"@type":"EntryPoint","urlTemplate":"https:\/\/www.europeanfootballcup.com\/?s={search_term_string}"},"query-input":{"@type":"PropertyValueSpecification","valueRequired":true,"valueName":"search_term_string"}}],"inLanguage":"cs"},{"@type":"Organization","@id":"https:\/\/www.europeanfootballcup.com\/#organization","name":"European Football Cup","url":"https:\/\/www.europeanfootballcup.com\/","logo":{"@type":"ImageObject","inLanguage":"cs","@id":"https:\/\/www.europeanfootballcup.com\/#\/schema\/logo\/image\/","url":"https:\/\/www.europeanfootballcup.com\/wp-content\/uploads\/2023\/02\/cropped-Logo_European_Football_Cup_2023.png","contentUrl":"https:\/\/www.europeanfootballcup.com\/wp-content\/uploads\/2023\/02\/cropped-Logo_European_Football_Cup_2023.png","width":266,"height":200,"caption":"European Football Cup"},"image":{"@id":"https:\/\/www.europeanfootballcup.com\/#\/schema\/logo\/image\/"}}]}},"_links":{"self":[{"href":"https:\/\/www.europeanfootballcup.com\/cs\/wp-json\/wp\/v2\/pages\/2329","targetHints":{"allow":["GET"]}}],"collection":[{"href":"https:\/\/www.europeanfootballcup.com\/cs\/wp-json\/wp\/v2\/pages"}],"about":[{"href":"https:\/\/www.europeanfootballcup.com\/cs\/wp-json\/wp\/v2\/types\/page"}],"author":[{"embeddable":true,"href":"https:\/\/www.europeanfootballcup.com\/cs\/wp-json\/wp\/v2\/users\/2"}],"replies":[{"embeddable":true,"href":"https:\/\/www.europeanfootballcup.com\/cs\/wp-json\/wp\/v2\/comments?post=2329"}],"version-history":[{"count":3,"href":"https:\/\/www.europeanfootballcup.com\/cs\/wp-json\/wp\/v2\/pages\/2329\/revisions"}],"predecessor-version":[{"id":3366,"href":"https:\/\/www.europeanfootballcup.com\/cs\/wp-json\/wp\/v2\/pages\/2329\/revisions\/3366"}],"wp:attachment":[{"href":"https:\/\/www.europeanfootballcup.com\/cs\/wp-json\/wp\/v2\/media?parent=2329"}],"curies":[{"name":"wp","href":"https:\/\/api.w.org\/{rel}","templated":true}]}}